{"id":2081,"date":"2025-06-28T12:03:13","date_gmt":"2025-06-28T10:03:13","guid":{"rendered":"https:\/\/uj.adatbank.ro\/lexikon\/termek\/balogh-jozsef-radnoti-2\/"},"modified":"2025-06-28T12:03:13","modified_gmt":"2025-06-28T10:03:13","slug":"balogh-jozsef-radnoti-2","status":"publish","type":"product","link":"https:\/\/uj.adatbank.ro\/lexikon\/termek\/balogh-jozsef-radnoti-2\/","title":{"rendered":"BALOGH J\u00f3zsef, radn\u00f3ti"},"content":{"rendered":"<p>Radn\u00f3t, 1739., \u2020 B\u00e9cs, 1763. febr. 2.: test\u0151r. \u2013 A polg\u00e1ri \u00e9letb\u0151l vett\u00e9k fel a test\u0151rs\u00e9gbe (1760. aug. 11). G\u00e1rdai szolg\u00e1lata alatt halt meg. <br \/><strong>Irod.:<\/strong> MTN<\/br><\/p>\n","protected":false},"excerpt":{"rendered":"<p>Radn\u00f3t, 1739., \u2020 B\u00e9cs, 1763. febr. 2.: test\u0151r. \u2013 A polg\u00e1ri \u00e9letb\u0151l vett\u00e9k fel a test\u0151rs\u00e9gbe (1760. aug. 11). G\u00e1rdai szolg\u00e1lata alatt halt meg. Irod.: MTN<\/p>\n","protected":false},"featured_media":0,"comment_status":"open","ping_status":"closed","template":"","meta":[],"product_brand":[],"product_cat":[137],"product_tag":[],"class_list":{"0":"post-2081","1":"product","2":"type-product","3":"status-publish","5":"product_cat-maros-megyei-eletrajzi-lexikon","7":"first","8":"instock","9":"shipping-taxable","10":"product-type-simple"},"_links":{"self":[{"href":"https:\/\/uj.adatbank.ro\/lexikon\/wp-json\/wp\/v2\/product\/2081","targetHints":{"allow":["GET"]}}],"collection":[{"href":"https:\/\/uj.adatbank.ro\/lexikon\/wp-json\/wp\/v2\/product"}],"about":[{"href":"https:\/\/uj.adatbank.ro\/lexikon\/wp-json\/wp\/v2\/types\/product"}],"replies":[{"embeddable":true,"href":"https:\/\/uj.adatbank.ro\/lexikon\/wp-json\/wp\/v2\/comments?post=2081"}],"wp:attachment":[{"href":"https:\/\/uj.adatbank.ro\/lexikon\/wp-json\/wp\/v2\/media?parent=2081"}],"wp:term":[{"taxonomy":"product_brand","embeddable":true,"href":"https:\/\/uj.adatbank.ro\/lexikon\/wp-json\/wp\/v2\/product_brand?post=2081"},{"taxonomy":"product_cat","embeddable":true,"href":"https:\/\/uj.adatbank.ro\/lexikon\/wp-json\/wp\/v2\/product_cat?post=2081"},{"taxonomy":"product_tag","embeddable":true,"href":"https:\/\/uj.adatbank.ro\/lexikon\/wp-json\/wp\/v2\/product_tag?post=2081"}],"curies":[{"name":"wp","href":"https:\/\/api.w.org\/{rel}","templated":true}]}}