{"id":20810,"date":"2025-07-22T19:02:30","date_gmt":"2025-07-22T17:02:30","guid":{"rendered":"https:\/\/uj.adatbank.ro\/lexikon\/termek\/steinfeld-aron-%c2%a7\/"},"modified":"2025-07-22T19:02:30","modified_gmt":"2025-07-22T17:02:30","slug":"steinfeld-aron-%c2%a7","status":"publish","type":"product","link":"https:\/\/uj.adatbank.ro\/lexikon\/termek\/steinfeld-aron-%c2%a7\/","title":{"rendered":"STEINFELD \u00c1ron, \u00a7"},"content":{"rendered":"<p>? \u2020?: szab\u00f3mester. \u2013 Mv.-en volt f\u00e9rfiszab\u00f3mester. \u00d6nk\u00e9nt jelentkezett az I. vh.-ban (1914. aug. \u2013 1921). Gyalogosk\u00e9nt az orosz harct\u00e9ren teljes\u00edtett arcvonalszolg\u00e1latot, k\u00e9tszer megsebes\u00fclt, hat \u00e9s f\u00e9l \u00e9vet volt hadifogs\u00e1gban. <strong>Kit\u00fcntet\u00e9sei:<\/strong> K\u00e1roly cs. k. ig. a. <br \/><strong>Irod.:<\/strong> M. hadviselt zsid\u00f3k.<\/br><\/p>\n","protected":false},"excerpt":{"rendered":"<p>? \u2020?: szab\u00f3mester. \u2013 Mv.-en volt f\u00e9rfiszab\u00f3mester. \u00d6nk\u00e9nt jelentkezett az I. vh.-ban (1914. aug. \u2013 1921). Gyalogosk\u00e9nt az orosz harct\u00e9ren teljes\u00edtett arcvonalszolg\u00e1latot, k\u00e9tszer megsebes\u00fclt, hat \u00e9s f\u00e9l \u00e9vet volt hadifogs\u00e1gban. Kit\u00fcntet\u00e9sei: K\u00e1roly cs. k. ig. a. Irod.: M. hadviselt zsid\u00f3k.<\/p>\n","protected":false},"featured_media":0,"comment_status":"open","ping_status":"closed","template":"","meta":[],"product_brand":[],"product_cat":[137],"product_tag":[],"class_list":{"0":"post-20810","1":"product","2":"type-product","3":"status-publish","5":"product_cat-maros-megyei-eletrajzi-lexikon","7":"first","8":"instock","9":"shipping-taxable","10":"product-type-simple"},"_links":{"self":[{"href":"https:\/\/uj.adatbank.ro\/lexikon\/wp-json\/wp\/v2\/product\/20810","targetHints":{"allow":["GET"]}}],"collection":[{"href":"https:\/\/uj.adatbank.ro\/lexikon\/wp-json\/wp\/v2\/product"}],"about":[{"href":"https:\/\/uj.adatbank.ro\/lexikon\/wp-json\/wp\/v2\/types\/product"}],"replies":[{"embeddable":true,"href":"https:\/\/uj.adatbank.ro\/lexikon\/wp-json\/wp\/v2\/comments?post=20810"}],"wp:attachment":[{"href":"https:\/\/uj.adatbank.ro\/lexikon\/wp-json\/wp\/v2\/media?parent=20810"}],"wp:term":[{"taxonomy":"product_brand","embeddable":true,"href":"https:\/\/uj.adatbank.ro\/lexikon\/wp-json\/wp\/v2\/product_brand?post=20810"},{"taxonomy":"product_cat","embeddable":true,"href":"https:\/\/uj.adatbank.ro\/lexikon\/wp-json\/wp\/v2\/product_cat?post=20810"},{"taxonomy":"product_tag","embeddable":true,"href":"https:\/\/uj.adatbank.ro\/lexikon\/wp-json\/wp\/v2\/product_tag?post=20810"}],"curies":[{"name":"wp","href":"https:\/\/api.w.org\/{rel}","templated":true}]}}