{"id":20811,"date":"2025-07-22T19:02:32","date_gmt":"2025-07-22T17:02:32","guid":{"rendered":"https:\/\/uj.adatbank.ro\/lexikon\/termek\/steinfeld-geza\/"},"modified":"2025-07-22T19:02:32","modified_gmt":"2025-07-22T17:02:32","slug":"steinfeld-geza","status":"publish","type":"product","link":"https:\/\/uj.adatbank.ro\/lexikon\/termek\/steinfeld-geza\/","title":{"rendered":"STEINFELD G\u00e9za"},"content":{"rendered":"<p>Maroscsap\u00f3, 1898., \u2020?: a mv.-i Agr\u00e1rtakar\u00e9kp\u00e9nzt\u00e1r marosludasi fi\u00f3kj\u00e1nak f\u0151n\u00f6ke. \u2013 Apja f\u00f6ldbirtokos volt. K\u00f6z\u00e9piskol\u00e1t \u00e9s fels\u0151kereskedelmi iskol\u00e1t Mv.-en v\u00e9gzett. Tanulm\u00e1nyai befejez\u00e9se ut\u00e1n saj\u00e1t birtok\u00e1n gazd\u00e1lkodott, majd szeszgy\u00e1rat ir\u00e1ny\u00edtott, azut\u00e1n banktisztvisel\u0151 lett \u00e1s a mv.-i Agr\u00e1r Takar\u00e9k P\u00e9nzt\u00e1r ludasi fi\u00f3kj\u00e1nak f\u0151n\u00f6ke lett. <br \/><strong>Irod.:<\/strong> Ki kicsoda?<\/br><\/p>\n","protected":false},"excerpt":{"rendered":"<p>Maroscsap\u00f3, 1898., \u2020?: a mv.-i Agr\u00e1rtakar\u00e9kp\u00e9nzt\u00e1r marosludasi fi\u00f3kj\u00e1nak f\u0151n\u00f6ke. \u2013 Apja f\u00f6ldbirtokos volt. K\u00f6z\u00e9piskol\u00e1t \u00e9s fels\u0151kereskedelmi iskol\u00e1t Mv.-en v\u00e9gzett. Tanulm\u00e1nyai befejez\u00e9se ut\u00e1n saj\u00e1t birtok\u00e1n gazd\u00e1lkodott, majd szeszgy\u00e1rat ir\u00e1ny\u00edtott, azut\u00e1n banktisztvisel\u0151 lett \u00e1s a mv.-i Agr\u00e1r Takar\u00e9k P\u00e9nzt\u00e1r ludasi fi\u00f3kj\u00e1nak f\u0151n\u00f6ke lett. Irod.: Ki kicsoda?<\/p>\n","protected":false},"featured_media":0,"comment_status":"open","ping_status":"closed","template":"","meta":[],"product_brand":[],"product_cat":[137],"product_tag":[],"class_list":{"0":"post-20811","1":"product","2":"type-product","3":"status-publish","5":"product_cat-maros-megyei-eletrajzi-lexikon","7":"first","8":"instock","9":"shipping-taxable","10":"product-type-simple"},"_links":{"self":[{"href":"https:\/\/uj.adatbank.ro\/lexikon\/wp-json\/wp\/v2\/product\/20811","targetHints":{"allow":["GET"]}}],"collection":[{"href":"https:\/\/uj.adatbank.ro\/lexikon\/wp-json\/wp\/v2\/product"}],"about":[{"href":"https:\/\/uj.adatbank.ro\/lexikon\/wp-json\/wp\/v2\/types\/product"}],"replies":[{"embeddable":true,"href":"https:\/\/uj.adatbank.ro\/lexikon\/wp-json\/wp\/v2\/comments?post=20811"}],"wp:attachment":[{"href":"https:\/\/uj.adatbank.ro\/lexikon\/wp-json\/wp\/v2\/media?parent=20811"}],"wp:term":[{"taxonomy":"product_brand","embeddable":true,"href":"https:\/\/uj.adatbank.ro\/lexikon\/wp-json\/wp\/v2\/product_brand?post=20811"},{"taxonomy":"product_cat","embeddable":true,"href":"https:\/\/uj.adatbank.ro\/lexikon\/wp-json\/wp\/v2\/product_cat?post=20811"},{"taxonomy":"product_tag","embeddable":true,"href":"https:\/\/uj.adatbank.ro\/lexikon\/wp-json\/wp\/v2\/product_tag?post=20811"}],"curies":[{"name":"wp","href":"https:\/\/api.w.org\/{rel}","templated":true}]}}