{"id":20812,"date":"2025-07-22T19:02:37","date_gmt":"2025-07-22T17:02:37","guid":{"rendered":"https:\/\/uj.adatbank.ro\/lexikon\/termek\/steinfeld-lujza\/"},"modified":"2025-07-22T19:02:37","modified_gmt":"2025-07-22T17:02:37","slug":"steinfeld-lujza","status":"publish","type":"product","link":"https:\/\/uj.adatbank.ro\/lexikon\/termek\/steinfeld-lujza\/","title":{"rendered":"STEINFELD Lujza"},"content":{"rendered":"<p>1910., \u2020\u00a0Mv., 1985. \u00e1pr. 11.: munk\u00e1smozgalmi harcos. \u2013 Az RKP tagja (1927\u2013), az illegalit\u00e1sban akt\u00edv mozgalmi tev\u00e9kenys\u00e9get fejtett ki Mv.-en \u00e9s Buk.-ben. A felszabadul\u00e1s ut\u00e1n aktivistak\u00e9nt dolgozott k\u00fcl\u00f6nb\u00f6z\u0151 t\u00f6megszervezetekben. <br \/><strong>Irod.:<\/strong> S. L. [Nekrol\u00f3g] (V. Z., 1985. \u00e1pr. 12.).<\/br><\/p>\n","protected":false},"excerpt":{"rendered":"<p>1910., \u2020\u00a0Mv., 1985. \u00e1pr. 11.: munk\u00e1smozgalmi harcos. \u2013 Az RKP tagja (1927\u2013), az illegalit\u00e1sban akt\u00edv mozgalmi tev\u00e9kenys\u00e9get fejtett ki Mv.-en \u00e9s Buk.-ben. A felszabadul\u00e1s ut\u00e1n aktivistak\u00e9nt dolgozott k\u00fcl\u00f6nb\u00f6z\u0151 t\u00f6megszervezetekben. Irod.: S. L. [Nekrol\u00f3g] (V. Z., 1985. \u00e1pr. 12.).<\/p>\n","protected":false},"featured_media":0,"comment_status":"open","ping_status":"closed","template":"","meta":[],"product_brand":[],"product_cat":[137],"product_tag":[],"class_list":{"0":"post-20812","1":"product","2":"type-product","3":"status-publish","5":"product_cat-maros-megyei-eletrajzi-lexikon","7":"first","8":"instock","9":"shipping-taxable","10":"product-type-simple"},"_links":{"self":[{"href":"https:\/\/uj.adatbank.ro\/lexikon\/wp-json\/wp\/v2\/product\/20812","targetHints":{"allow":["GET"]}}],"collection":[{"href":"https:\/\/uj.adatbank.ro\/lexikon\/wp-json\/wp\/v2\/product"}],"about":[{"href":"https:\/\/uj.adatbank.ro\/lexikon\/wp-json\/wp\/v2\/types\/product"}],"replies":[{"embeddable":true,"href":"https:\/\/uj.adatbank.ro\/lexikon\/wp-json\/wp\/v2\/comments?post=20812"}],"wp:attachment":[{"href":"https:\/\/uj.adatbank.ro\/lexikon\/wp-json\/wp\/v2\/media?parent=20812"}],"wp:term":[{"taxonomy":"product_brand","embeddable":true,"href":"https:\/\/uj.adatbank.ro\/lexikon\/wp-json\/wp\/v2\/product_brand?post=20812"},{"taxonomy":"product_cat","embeddable":true,"href":"https:\/\/uj.adatbank.ro\/lexikon\/wp-json\/wp\/v2\/product_cat?post=20812"},{"taxonomy":"product_tag","embeddable":true,"href":"https:\/\/uj.adatbank.ro\/lexikon\/wp-json\/wp\/v2\/product_tag?post=20812"}],"curies":[{"name":"wp","href":"https:\/\/api.w.org\/{rel}","templated":true}]}}