{"id":20814,"date":"2025-07-22T19:02:41","date_gmt":"2025-07-22T17:02:41","guid":{"rendered":"https:\/\/uj.adatbank.ro\/lexikon\/termek\/steinmetz-jozsef\/"},"modified":"2025-07-22T19:02:41","modified_gmt":"2025-07-22T17:02:41","slug":"steinmetz-jozsef","status":"publish","type":"product","link":"https:\/\/uj.adatbank.ro\/lexikon\/termek\/steinmetz-jozsef\/","title":{"rendered":"STEINMETZ J\u00f3zsef"},"content":{"rendered":"<p>Brass\u00f3, 1925., \u2020\u00a0Tel-Aviv, 2001. dec. 6.: orvos. \u2013 Feles\u00e9ge: 1. M\u00e1rer \u00c9va, orvos, fi\u00fak \u00c1d\u00e1m; 2. Zsuzsa, le\u00e1nyuk Anat. \u2013 Az egyetemet a MOGYI-n v\u00e9gezte (1950), majd uo. kezdte p\u00e1lyafut\u00e1s\u00e1t mint gyakornok, tan\u00e1rseg\u00e9d, adjunktus (1950\u201368), egyetemi el\u0151ad\u00f3tan\u00e1r (1968\u201371), a K\u00f6zeg\u00e9szs\u00e9gtan Tansz\u00e9k vezet\u0151je (1950\u2013); az orvostudom\u00e1nyok doktora (1963), mikrobiol\u00f3gi\u00e1t tan\u00edtott a Gy\u00f3gyszer\u00e9szeti Fakult\u00e1son, Izraelbe t\u00e1vozott (1978). Tudom\u00e1nyos tev\u00e9kenys\u00e9ge a telep\u00fcl\u00e9s-eg\u00e9szs\u00e9gtan, a k\u00f6zeg\u00e9szs\u00e9gtani vizsg\u00e1lati elj\u00e1r\u00e1sok, a fel\u00fcleti vizeket szennyez\u0151 t\u00e9nyez\u0151k \u00e9s az iv\u00f3v\u00edzell\u00e1t\u00e1s k\u00e9rd\u00e9seire terjedt ki. Szaktanulm\u00e1nyokat az Orvosi Szemle, Hidrobiologia, Farmacia c. foly\u00f3iratokban k\u00f6z\u00f6lt; ismeretterjeszt\u0151 cikkei a Korunkban \u00e9s az \u00daj \u00c9letben jelentek meg. \u2013 <strong>F. m.<\/strong>: Lucr\u0103ri paractice de igien\u0103. (TgM., 1951, 1959); K\u00f6zeg\u00e9szs\u00e9gtani gyakorlatok. (Mv., 1951.); Igiena general\u0103 \u015fi comunal\u0103. (TgM., 1976.); Az alkalmazkod\u00e1s hat\u00e1rai (Buk., 1976.); <strong>t\u00e1rssz.:<\/strong> K\u00f6zeg\u00e9szs\u00e9gtani vizsg\u00e1l\u00f3 elj\u00e1r\u00e1sok. 1\u20132. r\u00e9sz (Rott Lajos, L\u00e1szl\u00f3 Attil\u00e1val, Mv., 1956, 1959); \u00c1ltal\u00e1nos \u00e9s telep\u00fcl\u00e9s-k\u00f6zeg\u00e9szs\u00e9gtan (Horv\u00e1th Mikl\u00f3s, Bed\u0151 K\u00e1roly-al, Mv., 1957, 1972.); Igiena general\u0103 \u015fi comunal\u0103. (Buc., 1962.). <br \/><strong>Irod.:<\/strong> Dezs\u0151 Istv\u00e1n; Genersich; Kiss Cs.M.3; P\u00e9ter; P\u00e9ter H.M.; Tett (1977); Todea.<\/br><\/p>\n","protected":false},"excerpt":{"rendered":"<p>Brass\u00f3, 1925., \u2020\u00a0Tel-Aviv, 2001. dec. 6.: orvos. \u2013 Feles\u00e9ge: 1. M\u00e1rer \u00c9va, orvos, fi\u00fak \u00c1d\u00e1m; 2. Zsuzsa, le\u00e1nyuk Anat. \u2013 Az egyetemet a MOGYI-n v\u00e9gezte (1950), majd uo. kezdte p\u00e1lyafut\u00e1s\u00e1t mint gyakornok, tan\u00e1rseg\u00e9d, adjunktus (1950\u201368), egyetemi el\u0151ad\u00f3tan\u00e1r (1968\u201371), a K\u00f6zeg\u00e9szs\u00e9gtan Tansz\u00e9k vezet\u0151je (1950\u2013); az orvostudom\u00e1nyok doktora (1963), mikrobiol\u00f3gi\u00e1t tan\u00edtott a Gy\u00f3gyszer\u00e9szeti Fakult\u00e1son, Izraelbe t\u00e1vozott (1978). [&hellip;]<\/p>\n","protected":false},"featured_media":0,"comment_status":"open","ping_status":"closed","template":"","meta":[],"product_brand":[],"product_cat":[137],"product_tag":[],"class_list":{"0":"post-20814","1":"product","2":"type-product","3":"status-publish","5":"product_cat-maros-megyei-eletrajzi-lexikon","7":"first","8":"instock","9":"shipping-taxable","10":"product-type-simple"},"_links":{"self":[{"href":"https:\/\/uj.adatbank.ro\/lexikon\/wp-json\/wp\/v2\/product\/20814","targetHints":{"allow":["GET"]}}],"collection":[{"href":"https:\/\/uj.adatbank.ro\/lexikon\/wp-json\/wp\/v2\/product"}],"about":[{"href":"https:\/\/uj.adatbank.ro\/lexikon\/wp-json\/wp\/v2\/types\/product"}],"replies":[{"embeddable":true,"href":"https:\/\/uj.adatbank.ro\/lexikon\/wp-json\/wp\/v2\/comments?post=20814"}],"wp:attachment":[{"href":"https:\/\/uj.adatbank.ro\/lexikon\/wp-json\/wp\/v2\/media?parent=20814"}],"wp:term":[{"taxonomy":"product_brand","embeddable":true,"href":"https:\/\/uj.adatbank.ro\/lexikon\/wp-json\/wp\/v2\/product_brand?post=20814"},{"taxonomy":"product_cat","embeddable":true,"href":"https:\/\/uj.adatbank.ro\/lexikon\/wp-json\/wp\/v2\/product_cat?post=20814"},{"taxonomy":"product_tag","embeddable":true,"href":"https:\/\/uj.adatbank.ro\/lexikon\/wp-json\/wp\/v2\/product_tag?post=20814"}],"curies":[{"name":"wp","href":"https:\/\/api.w.org\/{rel}","templated":true}]}}