{"id":20816,"date":"2025-07-22T19:02:45","date_gmt":"2025-07-22T17:02:45","guid":{"rendered":"https:\/\/uj.adatbank.ro\/lexikon\/termek\/steitforder-marton\/"},"modified":"2025-07-22T19:02:45","modified_gmt":"2025-07-22T17:02:45","slug":"steitforder-marton","status":"publish","type":"product","link":"https:\/\/uj.adatbank.ro\/lexikon\/termek\/steitforder-marton\/","title":{"rendered":"STEITF\u00d6RDER M\u00e1rton"},"content":{"rendered":"<p>? \u2020?: ?. <br \/><strong>Irod.:<\/strong> RMK 3. k\u00f6t Streitf\u00f6rder M\u00e1rton \u2013 111.<\/br><\/p>\n","protected":false},"excerpt":{"rendered":"<p>? \u2020?: ?. Irod.: RMK 3. k\u00f6t Streitf\u00f6rder M\u00e1rton \u2013 111.<\/p>\n","protected":false},"featured_media":0,"comment_status":"open","ping_status":"closed","template":"","meta":[],"product_brand":[],"product_cat":[137],"product_tag":[],"class_list":{"0":"post-20816","1":"product","2":"type-product","3":"status-publish","5":"product_cat-maros-megyei-eletrajzi-lexikon","7":"first","8":"instock","9":"shipping-taxable","10":"product-type-simple"},"_links":{"self":[{"href":"https:\/\/uj.adatbank.ro\/lexikon\/wp-json\/wp\/v2\/product\/20816","targetHints":{"allow":["GET"]}}],"collection":[{"href":"https:\/\/uj.adatbank.ro\/lexikon\/wp-json\/wp\/v2\/product"}],"about":[{"href":"https:\/\/uj.adatbank.ro\/lexikon\/wp-json\/wp\/v2\/types\/product"}],"replies":[{"embeddable":true,"href":"https:\/\/uj.adatbank.ro\/lexikon\/wp-json\/wp\/v2\/comments?post=20816"}],"wp:attachment":[{"href":"https:\/\/uj.adatbank.ro\/lexikon\/wp-json\/wp\/v2\/media?parent=20816"}],"wp:term":[{"taxonomy":"product_brand","embeddable":true,"href":"https:\/\/uj.adatbank.ro\/lexikon\/wp-json\/wp\/v2\/product_brand?post=20816"},{"taxonomy":"product_cat","embeddable":true,"href":"https:\/\/uj.adatbank.ro\/lexikon\/wp-json\/wp\/v2\/product_cat?post=20816"},{"taxonomy":"product_tag","embeddable":true,"href":"https:\/\/uj.adatbank.ro\/lexikon\/wp-json\/wp\/v2\/product_tag?post=20816"}],"curies":[{"name":"wp","href":"https:\/\/api.w.org\/{rel}","templated":true}]}}