{"id":20818,"date":"2025-07-22T19:02:50","date_gmt":"2025-07-22T17:02:50","guid":{"rendered":"https:\/\/uj.adatbank.ro\/lexikon\/termek\/stenner-vilmos\/"},"modified":"2025-07-22T19:02:50","modified_gmt":"2025-07-22T17:02:50","slug":"stenner-vilmos","status":"publish","type":"product","link":"https:\/\/uj.adatbank.ro\/lexikon\/termek\/stenner-vilmos\/","title":{"rendered":"STENNER Vilmos"},"content":{"rendered":"<p>1862? \u2020\u00a0Mv., 1911. nov. 13.Brass\u00f3ban temett\u00e9k a csal\u00e1di s\u00edrboltba: vegy\u00e9sz-gy\u00f3gyszer\u00e9sz, dr. \u2013 Stenner Vilmos \u00e9s Klingenspohr Am\u00e1lia. Testv\u00e9rei: S. Viktor, Gyula, Rich\u00e1rd, R\u00f3bert, Sarolta Hensel P\u00e9tern\u00e9; Olga, Elvin. \u2013 Mv.-en volt a \u201eM. Koron\u00e1\u201d-hoz nevezett gy\u00f3gyszert\u00e1ra (Kossuth L. 1 sz.). Mv. sz. kir. v\u00e1ros t\u00f6rv\u00e9nyhat\u00f3s\u00e1gi bizotts\u00e1g tagja. \u2013 Irod: Szinnyei: Gy\u00e1szjelent\u0151; Sz\u00e9kely Napt\u00e1r (hirdet\u00e9sei; 1903, 1904); P\u00e9ter H. M. 2013.<\/br><\/p>\n","protected":false},"excerpt":{"rendered":"<p>1862? \u2020\u00a0Mv., 1911. nov. 13.Brass\u00f3ban temett\u00e9k a csal\u00e1di s\u00edrboltba: vegy\u00e9sz-gy\u00f3gyszer\u00e9sz, dr. \u2013 Stenner Vilmos \u00e9s Klingenspohr Am\u00e1lia. Testv\u00e9rei: S. Viktor, Gyula, Rich\u00e1rd, R\u00f3bert, Sarolta Hensel P\u00e9tern\u00e9; Olga, Elvin. \u2013 Mv.-en volt a \u201eM. Koron\u00e1\u201d-hoz nevezett gy\u00f3gyszert\u00e1ra (Kossuth L. 1 sz.). Mv. sz. kir. v\u00e1ros t\u00f6rv\u00e9nyhat\u00f3s\u00e1gi bizotts\u00e1g tagja. \u2013 Irod: Szinnyei: Gy\u00e1szjelent\u0151; Sz\u00e9kely Napt\u00e1r (hirdet\u00e9sei; 1903, [&hellip;]<\/p>\n","protected":false},"featured_media":0,"comment_status":"open","ping_status":"closed","template":"","meta":[],"product_brand":[],"product_cat":[137],"product_tag":[],"class_list":{"0":"post-20818","1":"product","2":"type-product","3":"status-publish","5":"product_cat-maros-megyei-eletrajzi-lexikon","7":"first","8":"instock","9":"shipping-taxable","10":"product-type-simple"},"_links":{"self":[{"href":"https:\/\/uj.adatbank.ro\/lexikon\/wp-json\/wp\/v2\/product\/20818","targetHints":{"allow":["GET"]}}],"collection":[{"href":"https:\/\/uj.adatbank.ro\/lexikon\/wp-json\/wp\/v2\/product"}],"about":[{"href":"https:\/\/uj.adatbank.ro\/lexikon\/wp-json\/wp\/v2\/types\/product"}],"replies":[{"embeddable":true,"href":"https:\/\/uj.adatbank.ro\/lexikon\/wp-json\/wp\/v2\/comments?post=20818"}],"wp:attachment":[{"href":"https:\/\/uj.adatbank.ro\/lexikon\/wp-json\/wp\/v2\/media?parent=20818"}],"wp:term":[{"taxonomy":"product_brand","embeddable":true,"href":"https:\/\/uj.adatbank.ro\/lexikon\/wp-json\/wp\/v2\/product_brand?post=20818"},{"taxonomy":"product_cat","embeddable":true,"href":"https:\/\/uj.adatbank.ro\/lexikon\/wp-json\/wp\/v2\/product_cat?post=20818"},{"taxonomy":"product_tag","embeddable":true,"href":"https:\/\/uj.adatbank.ro\/lexikon\/wp-json\/wp\/v2\/product_tag?post=20818"}],"curies":[{"name":"wp","href":"https:\/\/api.w.org\/{rel}","templated":true}]}}