{"id":2082,"date":"2025-06-28T12:03:15","date_gmt":"2025-06-28T10:03:15","guid":{"rendered":"https:\/\/uj.adatbank.ro\/lexikon\/termek\/balogh-jozsef-szentimrei-balog-josephus-balogh-jozsef\/"},"modified":"2025-06-28T12:03:15","modified_gmt":"2025-06-28T10:03:15","slug":"balogh-jozsef-szentimrei-balog-josephus-balogh-jozsef","status":"publish","type":"product","link":"https:\/\/uj.adatbank.ro\/lexikon\/termek\/balogh-jozsef-szentimrei-balog-josephus-balogh-jozsef\/","title":{"rendered":"BALOGH J\u00f3zsef, szentimrei, Balog Josephus, Balogh J\u00f3zsef"},"content":{"rendered":"<p>Ny\u00e1r\u00e1dszentimre, 1750. k., \u2020 Guayana, 1781.: orvos, botanikus, utaz\u00f3. \u2013 A b\u00e9csi egy.-en orvostudom\u00e1nyi tanulm\u00e1nyokat folytatott, a leideni egyetemen szerzett orvosi oklevelet (1779). Holland \u00f6szt\u00f6nd\u00edjjal a d\u00e9lamerikai Holland Guayanara utazott (1779) a Rio de Berbice vid\u00e9k\u00e9re, botanikai gy\u0171jt\u0151munk\u00e1ra, ott telepedett le. Benk\u0151 J\u00f3zseffel levelezett, Amerikai utaz\u00e1sair\u00f3l Ny\u00e1r\u00e1dszentimr\u00e9n l\u00e9v\u0151 csal\u00e1dj\u00e1hoz \u00edrt leveleiben sz\u00e1molt be. M\u00e1ria Ter\u00e9zia kir\u00e1lyn\u0151 megh\u00edvta a kv.-i Akad.-ra n\u00f6v\u00e9nytan-tan\u00e1rnak, de t\u00f6bb h\u00edr nem \u00e9rkezett fel\u0151le (1781 k.), a megh\u00edv\u00e1snak m\u00e1r nem tehetett eleget. Els\u0151k\u00e9nt ismertette Erd\u00e9ly n\u00f6v\u00e9nyvil\u00e1g\u00e1t, az amerikai fl\u00f3r\u00e1r\u00f3l is \u00edrt. \u2013 <strong>F. m.:<\/strong> Specimen inaugurale botanico-medicum sistems praecipuas plantas in M. Principatu Transilvanae sponte et sine cultura provenientes ac ibidem usu receptas (Lugduni Batavorum, 1773 v. 1779). \u00dajra nyomt\u00e1k a Delectus opusculorum botanicorum (editit notisque illustravit Paulus Usteri. Vol. I.; Strassburg, 1790). <br \/><strong>Irod.:<\/strong> Benk\u0151; D\u00f3czy; Gligor; Gomb\u00f3cz Endre: A magyar botanika t\u00f6rt\u00e9nete (Bp., 1936); Guly\u00e1s; Gy\u0151ry; Hor\u00e1nyi; Kapronczay; M\u00c1L ; M\u00c9L, MNL; MUL; RMK III\/18. sz.; RNL; Rugonfalvi Kiss; Szily K\u00e1lm\u00e1n: Adal\u00e9kok a magyar nyelv \u00e9s irodalom t\u00f6rt\u00e9net\u00e9hez (Bp., 1898); Szinnyei; Szinnyei J.; Szinnyei J.- Sz. J.; Todea\u2013F\u00fcl\u00f6p\u2013Avram; \u00daM\u00c9L; Veress; Wikipedia<\/br><\/p>\n","protected":false},"excerpt":{"rendered":"<p>Ny\u00e1r\u00e1dszentimre, 1750. k., \u2020 Guayana, 1781.: orvos, botanikus, utaz\u00f3. \u2013 A b\u00e9csi egy.-en orvostudom\u00e1nyi tanulm\u00e1nyokat folytatott, a leideni egyetemen szerzett orvosi oklevelet (1779). Holland \u00f6szt\u00f6nd\u00edjjal a d\u00e9lamerikai Holland Guayanara utazott (1779) a Rio de Berbice vid\u00e9k\u00e9re, botanikai gy\u0171jt\u0151munk\u00e1ra, ott telepedett le. Benk\u0151 J\u00f3zseffel levelezett, Amerikai utaz\u00e1sair\u00f3l Ny\u00e1r\u00e1dszentimr\u00e9n l\u00e9v\u0151 csal\u00e1dj\u00e1hoz \u00edrt leveleiben sz\u00e1molt be. M\u00e1ria Ter\u00e9zia [&hellip;]<\/p>\n","protected":false},"featured_media":0,"comment_status":"open","ping_status":"closed","template":"","meta":[],"product_brand":[],"product_cat":[137],"product_tag":[],"class_list":{"0":"post-2082","1":"product","2":"type-product","3":"status-publish","5":"product_cat-maros-megyei-eletrajzi-lexikon","7":"first","8":"instock","9":"shipping-taxable","10":"product-type-simple"},"_links":{"self":[{"href":"https:\/\/uj.adatbank.ro\/lexikon\/wp-json\/wp\/v2\/product\/2082","targetHints":{"allow":["GET"]}}],"collection":[{"href":"https:\/\/uj.adatbank.ro\/lexikon\/wp-json\/wp\/v2\/product"}],"about":[{"href":"https:\/\/uj.adatbank.ro\/lexikon\/wp-json\/wp\/v2\/types\/product"}],"replies":[{"embeddable":true,"href":"https:\/\/uj.adatbank.ro\/lexikon\/wp-json\/wp\/v2\/comments?post=2082"}],"wp:attachment":[{"href":"https:\/\/uj.adatbank.ro\/lexikon\/wp-json\/wp\/v2\/media?parent=2082"}],"wp:term":[{"taxonomy":"product_brand","embeddable":true,"href":"https:\/\/uj.adatbank.ro\/lexikon\/wp-json\/wp\/v2\/product_brand?post=2082"},{"taxonomy":"product_cat","embeddable":true,"href":"https:\/\/uj.adatbank.ro\/lexikon\/wp-json\/wp\/v2\/product_cat?post=2082"},{"taxonomy":"product_tag","embeddable":true,"href":"https:\/\/uj.adatbank.ro\/lexikon\/wp-json\/wp\/v2\/product_tag?post=2082"}],"curies":[{"name":"wp","href":"https:\/\/api.w.org\/{rel}","templated":true}]}}