{"id":20822,"date":"2025-07-22T19:03:00","date_gmt":"2025-07-22T17:03:00","guid":{"rendered":"https:\/\/uj.adatbank.ro\/lexikon\/termek\/stephanus-literatus\/"},"modified":"2025-07-22T19:03:00","modified_gmt":"2025-07-22T17:03:00","slug":"stephanus-literatus","status":"publish","type":"product","link":"https:\/\/uj.adatbank.ro\/lexikon\/termek\/stephanus-literatus\/","title":{"rendered":"STEPHANUS Literatus"},"content":{"rendered":"<p>? \u2020?: jegyz\u0151 Sz\u00e9kelyv\u00e1s\u00e1rhelyen (1596\u201399). <br \/><strong>Irod.:<\/strong> Documente privitoare la istoria Ardealului, Moldovei \u015fi \u0162\u0103rii Rom\u00e2ne\u015fti vol. 5 (Buc., 1929\u201338).<\/br><\/p>\n","protected":false},"excerpt":{"rendered":"<p>? \u2020?: jegyz\u0151 Sz\u00e9kelyv\u00e1s\u00e1rhelyen (1596\u201399). Irod.: Documente privitoare la istoria Ardealului, Moldovei \u015fi \u0162\u0103rii Rom\u00e2ne\u015fti vol. 5 (Buc., 1929\u201338).<\/p>\n","protected":false},"featured_media":0,"comment_status":"open","ping_status":"closed","template":"","meta":[],"product_brand":[],"product_cat":[137],"product_tag":[],"class_list":{"0":"post-20822","1":"product","2":"type-product","3":"status-publish","5":"product_cat-maros-megyei-eletrajzi-lexikon","7":"first","8":"instock","9":"shipping-taxable","10":"product-type-simple"},"_links":{"self":[{"href":"https:\/\/uj.adatbank.ro\/lexikon\/wp-json\/wp\/v2\/product\/20822","targetHints":{"allow":["GET"]}}],"collection":[{"href":"https:\/\/uj.adatbank.ro\/lexikon\/wp-json\/wp\/v2\/product"}],"about":[{"href":"https:\/\/uj.adatbank.ro\/lexikon\/wp-json\/wp\/v2\/types\/product"}],"replies":[{"embeddable":true,"href":"https:\/\/uj.adatbank.ro\/lexikon\/wp-json\/wp\/v2\/comments?post=20822"}],"wp:attachment":[{"href":"https:\/\/uj.adatbank.ro\/lexikon\/wp-json\/wp\/v2\/media?parent=20822"}],"wp:term":[{"taxonomy":"product_brand","embeddable":true,"href":"https:\/\/uj.adatbank.ro\/lexikon\/wp-json\/wp\/v2\/product_brand?post=20822"},{"taxonomy":"product_cat","embeddable":true,"href":"https:\/\/uj.adatbank.ro\/lexikon\/wp-json\/wp\/v2\/product_cat?post=20822"},{"taxonomy":"product_tag","embeddable":true,"href":"https:\/\/uj.adatbank.ro\/lexikon\/wp-json\/wp\/v2\/product_tag?post=20822"}],"curies":[{"name":"wp","href":"https:\/\/api.w.org\/{rel}","templated":true}]}}