{"id":20823,"date":"2025-07-22T19:03:02","date_gmt":"2025-07-22T17:03:02","guid":{"rendered":"https:\/\/uj.adatbank.ro\/lexikon\/termek\/stephany-d-constantin\/"},"modified":"2025-07-22T19:03:02","modified_gmt":"2025-07-22T17:03:02","slug":"stephany-d-constantin","status":"publish","type":"product","link":"https:\/\/uj.adatbank.ro\/lexikon\/termek\/stephany-d-constantin\/","title":{"rendered":"STEPHANY D. Constantin"},"content":{"rendered":"<p>? \u2020?: keresked\u0151. \u2013 Kezdem\u00e9nyez\u00e9s\u00e9re vas\u00e1rnapi kereskedelmi tanfolyam indult a keresked\u0151 ifjak m\u0171vel\u0151d\u00e9s\u00e9re \u00e9s ismereteik b\u0151v\u00edt\u00e9s\u00e9re Mv.-en (1840). <br \/><strong>Irod.:<\/strong> Kr\u00f3n. F\u00fcz (1939 4\/5).<\/br><\/p>\n","protected":false},"excerpt":{"rendered":"<p>? \u2020?: keresked\u0151. \u2013 Kezdem\u00e9nyez\u00e9s\u00e9re vas\u00e1rnapi kereskedelmi tanfolyam indult a keresked\u0151 ifjak m\u0171vel\u0151d\u00e9s\u00e9re \u00e9s ismereteik b\u0151v\u00edt\u00e9s\u00e9re Mv.-en (1840). Irod.: Kr\u00f3n. F\u00fcz (1939 4\/5).<\/p>\n","protected":false},"featured_media":0,"comment_status":"open","ping_status":"closed","template":"","meta":[],"product_brand":[],"product_cat":[137],"product_tag":[],"class_list":{"0":"post-20823","1":"product","2":"type-product","3":"status-publish","5":"product_cat-maros-megyei-eletrajzi-lexikon","7":"first","8":"instock","9":"shipping-taxable","10":"product-type-simple"},"_links":{"self":[{"href":"https:\/\/uj.adatbank.ro\/lexikon\/wp-json\/wp\/v2\/product\/20823","targetHints":{"allow":["GET"]}}],"collection":[{"href":"https:\/\/uj.adatbank.ro\/lexikon\/wp-json\/wp\/v2\/product"}],"about":[{"href":"https:\/\/uj.adatbank.ro\/lexikon\/wp-json\/wp\/v2\/types\/product"}],"replies":[{"embeddable":true,"href":"https:\/\/uj.adatbank.ro\/lexikon\/wp-json\/wp\/v2\/comments?post=20823"}],"wp:attachment":[{"href":"https:\/\/uj.adatbank.ro\/lexikon\/wp-json\/wp\/v2\/media?parent=20823"}],"wp:term":[{"taxonomy":"product_brand","embeddable":true,"href":"https:\/\/uj.adatbank.ro\/lexikon\/wp-json\/wp\/v2\/product_brand?post=20823"},{"taxonomy":"product_cat","embeddable":true,"href":"https:\/\/uj.adatbank.ro\/lexikon\/wp-json\/wp\/v2\/product_cat?post=20823"},{"taxonomy":"product_tag","embeddable":true,"href":"https:\/\/uj.adatbank.ro\/lexikon\/wp-json\/wp\/v2\/product_tag?post=20823"}],"curies":[{"name":"wp","href":"https:\/\/api.w.org\/{rel}","templated":true}]}}