{"id":20825,"date":"2025-07-22T19:03:07","date_gmt":"2025-07-22T17:03:07","guid":{"rendered":"https:\/\/uj.adatbank.ro\/lexikon\/termek\/stephany-lajos\/"},"modified":"2025-07-22T19:03:07","modified_gmt":"2025-07-22T17:03:07","slug":"stephany-lajos","status":"publish","type":"product","link":"https:\/\/uj.adatbank.ro\/lexikon\/termek\/stephany-lajos\/","title":{"rendered":"STEPH\u00c1NY Lajos"},"content":{"rendered":"<p>1862.? \u2020 Mv., 1918. dec. 2.: tisztvisel\u0151. \u2013 Testv\u00e9rei: St. Berta G\u00e1sp\u00e1r Antaln\u00e9; St. Elek; St. Gyula. Feles\u00e9ge: Szigethi Csehy Gizella. \u2013 A mv.-i takar\u00e9kp\u00e9nzt\u00e1r rt. f\u0151tisztvisel\u0151je. <br \/><strong>Irod.:<\/strong> Gy\u00e1szjelent\u0151.<\/br><\/p>\n","protected":false},"excerpt":{"rendered":"<p>1862.? \u2020 Mv., 1918. dec. 2.: tisztvisel\u0151. \u2013 Testv\u00e9rei: St. Berta G\u00e1sp\u00e1r Antaln\u00e9; St. Elek; St. Gyula. Feles\u00e9ge: Szigethi Csehy Gizella. \u2013 A mv.-i takar\u00e9kp\u00e9nzt\u00e1r rt. f\u0151tisztvisel\u0151je. Irod.: Gy\u00e1szjelent\u0151.<\/p>\n","protected":false},"featured_media":0,"comment_status":"open","ping_status":"closed","template":"","meta":[],"product_brand":[],"product_cat":[137],"product_tag":[],"class_list":{"0":"post-20825","1":"product","2":"type-product","3":"status-publish","5":"product_cat-maros-megyei-eletrajzi-lexikon","7":"first","8":"instock","9":"shipping-taxable","10":"product-type-simple"},"_links":{"self":[{"href":"https:\/\/uj.adatbank.ro\/lexikon\/wp-json\/wp\/v2\/product\/20825","targetHints":{"allow":["GET"]}}],"collection":[{"href":"https:\/\/uj.adatbank.ro\/lexikon\/wp-json\/wp\/v2\/product"}],"about":[{"href":"https:\/\/uj.adatbank.ro\/lexikon\/wp-json\/wp\/v2\/types\/product"}],"replies":[{"embeddable":true,"href":"https:\/\/uj.adatbank.ro\/lexikon\/wp-json\/wp\/v2\/comments?post=20825"}],"wp:attachment":[{"href":"https:\/\/uj.adatbank.ro\/lexikon\/wp-json\/wp\/v2\/media?parent=20825"}],"wp:term":[{"taxonomy":"product_brand","embeddable":true,"href":"https:\/\/uj.adatbank.ro\/lexikon\/wp-json\/wp\/v2\/product_brand?post=20825"},{"taxonomy":"product_cat","embeddable":true,"href":"https:\/\/uj.adatbank.ro\/lexikon\/wp-json\/wp\/v2\/product_cat?post=20825"},{"taxonomy":"product_tag","embeddable":true,"href":"https:\/\/uj.adatbank.ro\/lexikon\/wp-json\/wp\/v2\/product_tag?post=20825"}],"curies":[{"name":"wp","href":"https:\/\/api.w.org\/{rel}","templated":true}]}}