{"id":20826,"date":"2025-07-22T19:03:08","date_gmt":"2025-07-22T17:03:08","guid":{"rendered":"https:\/\/uj.adatbank.ro\/lexikon\/termek\/stephany-sandor\/"},"modified":"2025-07-22T19:03:08","modified_gmt":"2025-07-22T17:03:08","slug":"stephany-sandor","status":"publish","type":"product","link":"https:\/\/uj.adatbank.ro\/lexikon\/termek\/stephany-sandor\/","title":{"rendered":"STEPH\u00c1NY S\u00e1ndor"},"content":{"rendered":"<p>1839? \u2020 Mv., 1885.: ?. \u2013 Apja St. Szil\u00e1rd. Feles\u00e9ge: Simon Lilla (1839.-Mv., 1885. j\u00fal. 6.). Gyermekeik: Tinka Kov\u00e1cs Gyul\u00e1n\u00e9; Lilla (1865.-Mv., 1885. j\u00fal. 8.)., D\u00f6me, Mih\u00e1ly, J\u00f3zsef \u00e9s Gyula. <br \/><strong>Irod.:<\/strong> Gy\u00e1szjelent\u0151.<\/br><\/p>\n","protected":false},"excerpt":{"rendered":"<p>1839? \u2020 Mv., 1885.: ?. \u2013 Apja St. Szil\u00e1rd. Feles\u00e9ge: Simon Lilla (1839.-Mv., 1885. j\u00fal. 6.). Gyermekeik: Tinka Kov\u00e1cs Gyul\u00e1n\u00e9; Lilla (1865.-Mv., 1885. j\u00fal. 8.)., D\u00f6me, Mih\u00e1ly, J\u00f3zsef \u00e9s Gyula. Irod.: Gy\u00e1szjelent\u0151.<\/p>\n","protected":false},"featured_media":0,"comment_status":"open","ping_status":"closed","template":"","meta":[],"product_brand":[],"product_cat":[137],"product_tag":[],"class_list":{"0":"post-20826","1":"product","2":"type-product","3":"status-publish","5":"product_cat-maros-megyei-eletrajzi-lexikon","7":"first","8":"instock","9":"shipping-taxable","10":"product-type-simple"},"_links":{"self":[{"href":"https:\/\/uj.adatbank.ro\/lexikon\/wp-json\/wp\/v2\/product\/20826","targetHints":{"allow":["GET"]}}],"collection":[{"href":"https:\/\/uj.adatbank.ro\/lexikon\/wp-json\/wp\/v2\/product"}],"about":[{"href":"https:\/\/uj.adatbank.ro\/lexikon\/wp-json\/wp\/v2\/types\/product"}],"replies":[{"embeddable":true,"href":"https:\/\/uj.adatbank.ro\/lexikon\/wp-json\/wp\/v2\/comments?post=20826"}],"wp:attachment":[{"href":"https:\/\/uj.adatbank.ro\/lexikon\/wp-json\/wp\/v2\/media?parent=20826"}],"wp:term":[{"taxonomy":"product_brand","embeddable":true,"href":"https:\/\/uj.adatbank.ro\/lexikon\/wp-json\/wp\/v2\/product_brand?post=20826"},{"taxonomy":"product_cat","embeddable":true,"href":"https:\/\/uj.adatbank.ro\/lexikon\/wp-json\/wp\/v2\/product_cat?post=20826"},{"taxonomy":"product_tag","embeddable":true,"href":"https:\/\/uj.adatbank.ro\/lexikon\/wp-json\/wp\/v2\/product_tag?post=20826"}],"curies":[{"name":"wp","href":"https:\/\/api.w.org\/{rel}","templated":true}]}}