{"id":20827,"date":"2025-07-22T19:03:10","date_gmt":"2025-07-22T17:03:10","guid":{"rendered":"https:\/\/uj.adatbank.ro\/lexikon\/termek\/stephany-sandor-2\/"},"modified":"2025-07-22T19:03:10","modified_gmt":"2025-07-22T17:03:10","slug":"stephany-sandor-2","status":"publish","type":"product","link":"https:\/\/uj.adatbank.ro\/lexikon\/termek\/stephany-sandor-2\/","title":{"rendered":"STEPH\u00c1NY S\u00e1ndor"},"content":{"rendered":"<p>1866.? \u2020 Mv., 1916. szept. 6.: int\u00e9z\u0151. \u2013 Testv\u00e9rei: St. Berta G\u00e1sp\u00e1r Antaln\u00e9; St. Lajos, St. Elek \/ Alexe \u00fcgyv\u00e9d; St. Gyula. <br \/><strong>Irod.:<\/strong> Almanah Tg.M.; Gy\u00e1szjelent\u0151.<\/br><\/p>\n","protected":false},"excerpt":{"rendered":"<p>1866.? \u2020 Mv., 1916. szept. 6.: int\u00e9z\u0151. \u2013 Testv\u00e9rei: St. Berta G\u00e1sp\u00e1r Antaln\u00e9; St. Lajos, St. Elek \/ Alexe \u00fcgyv\u00e9d; St. Gyula. Irod.: Almanah Tg.M.; Gy\u00e1szjelent\u0151.<\/p>\n","protected":false},"featured_media":0,"comment_status":"open","ping_status":"closed","template":"","meta":[],"product_brand":[],"product_cat":[137],"product_tag":[],"class_list":{"0":"post-20827","1":"product","2":"type-product","3":"status-publish","5":"product_cat-maros-megyei-eletrajzi-lexikon","7":"first","8":"instock","9":"shipping-taxable","10":"product-type-simple"},"_links":{"self":[{"href":"https:\/\/uj.adatbank.ro\/lexikon\/wp-json\/wp\/v2\/product\/20827","targetHints":{"allow":["GET"]}}],"collection":[{"href":"https:\/\/uj.adatbank.ro\/lexikon\/wp-json\/wp\/v2\/product"}],"about":[{"href":"https:\/\/uj.adatbank.ro\/lexikon\/wp-json\/wp\/v2\/types\/product"}],"replies":[{"embeddable":true,"href":"https:\/\/uj.adatbank.ro\/lexikon\/wp-json\/wp\/v2\/comments?post=20827"}],"wp:attachment":[{"href":"https:\/\/uj.adatbank.ro\/lexikon\/wp-json\/wp\/v2\/media?parent=20827"}],"wp:term":[{"taxonomy":"product_brand","embeddable":true,"href":"https:\/\/uj.adatbank.ro\/lexikon\/wp-json\/wp\/v2\/product_brand?post=20827"},{"taxonomy":"product_cat","embeddable":true,"href":"https:\/\/uj.adatbank.ro\/lexikon\/wp-json\/wp\/v2\/product_cat?post=20827"},{"taxonomy":"product_tag","embeddable":true,"href":"https:\/\/uj.adatbank.ro\/lexikon\/wp-json\/wp\/v2\/product_tag?post=20827"}],"curies":[{"name":"wp","href":"https:\/\/api.w.org\/{rel}","templated":true}]}}