{"id":20829,"date":"2025-07-22T19:03:14","date_gmt":"2025-07-22T17:03:14","guid":{"rendered":"https:\/\/uj.adatbank.ro\/lexikon\/termek\/stern-simon-jozsef-%c2%a7\/"},"modified":"2025-07-22T19:03:14","modified_gmt":"2025-07-22T17:03:14","slug":"stern-simon-jozsef-%c2%a7","status":"publish","type":"product","link":"https:\/\/uj.adatbank.ro\/lexikon\/termek\/stern-simon-jozsef-%c2%a7\/","title":{"rendered":"STERN (Simon) J\u00f3zsef, \u00a7"},"content":{"rendered":"<p>1907., \u2020 1971.: igazgat\u00f3, pedag\u00f3gus. \u2013 A mv.-i hatoszt\u00e1lyos h\u00e9ber-zsid\u00f3 polg\u00e1ri iskola igazgat\u00f3ja a Baross G\u00e1bor utc\u00e1ban (1940\u201344). Mv.-r\u0151l deport\u00e1lt\u00e1k (1944. m\u00e1j. 29.). <br \/><strong>Irod.:<\/strong> Id\u0151t\u00e1r 3; Mv. zsid\u00f3s\u00e1ga.<\/br><\/p>\n","protected":false},"excerpt":{"rendered":"<p>1907., \u2020 1971.: igazgat\u00f3, pedag\u00f3gus. \u2013 A mv.-i hatoszt\u00e1lyos h\u00e9ber-zsid\u00f3 polg\u00e1ri iskola igazgat\u00f3ja a Baross G\u00e1bor utc\u00e1ban (1940\u201344). Mv.-r\u0151l deport\u00e1lt\u00e1k (1944. m\u00e1j. 29.). Irod.: Id\u0151t\u00e1r 3; Mv. zsid\u00f3s\u00e1ga.<\/p>\n","protected":false},"featured_media":0,"comment_status":"open","ping_status":"closed","template":"","meta":[],"product_brand":[],"product_cat":[137],"product_tag":[],"class_list":{"0":"post-20829","1":"product","2":"type-product","3":"status-publish","5":"product_cat-maros-megyei-eletrajzi-lexikon","7":"first","8":"instock","9":"shipping-taxable","10":"product-type-simple"},"_links":{"self":[{"href":"https:\/\/uj.adatbank.ro\/lexikon\/wp-json\/wp\/v2\/product\/20829","targetHints":{"allow":["GET"]}}],"collection":[{"href":"https:\/\/uj.adatbank.ro\/lexikon\/wp-json\/wp\/v2\/product"}],"about":[{"href":"https:\/\/uj.adatbank.ro\/lexikon\/wp-json\/wp\/v2\/types\/product"}],"replies":[{"embeddable":true,"href":"https:\/\/uj.adatbank.ro\/lexikon\/wp-json\/wp\/v2\/comments?post=20829"}],"wp:attachment":[{"href":"https:\/\/uj.adatbank.ro\/lexikon\/wp-json\/wp\/v2\/media?parent=20829"}],"wp:term":[{"taxonomy":"product_brand","embeddable":true,"href":"https:\/\/uj.adatbank.ro\/lexikon\/wp-json\/wp\/v2\/product_brand?post=20829"},{"taxonomy":"product_cat","embeddable":true,"href":"https:\/\/uj.adatbank.ro\/lexikon\/wp-json\/wp\/v2\/product_cat?post=20829"},{"taxonomy":"product_tag","embeddable":true,"href":"https:\/\/uj.adatbank.ro\/lexikon\/wp-json\/wp\/v2\/product_tag?post=20829"}],"curies":[{"name":"wp","href":"https:\/\/api.w.org\/{rel}","templated":true}]}}