{"id":2083,"date":"2025-06-28T12:03:16","date_gmt":"2025-06-28T10:03:16","guid":{"rendered":"https:\/\/uj.adatbank.ro\/lexikon\/termek\/balogh-karoly\/"},"modified":"2025-06-28T12:03:16","modified_gmt":"2025-06-28T10:03:16","slug":"balogh-karoly","status":"publish","type":"product","link":"https:\/\/uj.adatbank.ro\/lexikon\/termek\/balogh-karoly\/","title":{"rendered":"BALOGH K\u00e1roly"},"content":{"rendered":"<p>1932., \u2020\u00a02012.: ref. lelk\u00e9sz. \u2013 Feles\u00e9ge: Sebesty\u00e9n Etelka (1939\u2013), ref. k\u00e1ntor. \u2013 Seg\u00e9dlelk\u00e9sz volt Mv.-en (1957), lelk\u00e9sz Havadon (1980\u20131982). Csittszentiv\u00e1ny hivei \u00e9s a Malomfalviak h\u00edvt\u00e1k meg 41 \u00e9vig szolg\u00e1lta \u0151ket nyugd\u00edjaz\u00e1s\u00e1ig (2012). <br \/><strong>Irod.:<\/strong> Cs\u00e1ky<\/br><\/p>\n","protected":false},"excerpt":{"rendered":"<p>1932., \u2020\u00a02012.: ref. lelk\u00e9sz. \u2013 Feles\u00e9ge: Sebesty\u00e9n Etelka (1939\u2013), ref. k\u00e1ntor. \u2013 Seg\u00e9dlelk\u00e9sz volt Mv.-en (1957), lelk\u00e9sz Havadon (1980\u20131982). Csittszentiv\u00e1ny hivei \u00e9s a Malomfalviak h\u00edvt\u00e1k meg 41 \u00e9vig szolg\u00e1lta \u0151ket nyugd\u00edjaz\u00e1s\u00e1ig (2012). Irod.: Cs\u00e1ky<\/p>\n","protected":false},"featured_media":0,"comment_status":"open","ping_status":"closed","template":"","meta":[],"product_brand":[],"product_cat":[137],"product_tag":[],"class_list":{"0":"post-2083","1":"product","2":"type-product","3":"status-publish","5":"product_cat-maros-megyei-eletrajzi-lexikon","7":"first","8":"instock","9":"shipping-taxable","10":"product-type-simple"},"_links":{"self":[{"href":"https:\/\/uj.adatbank.ro\/lexikon\/wp-json\/wp\/v2\/product\/2083","targetHints":{"allow":["GET"]}}],"collection":[{"href":"https:\/\/uj.adatbank.ro\/lexikon\/wp-json\/wp\/v2\/product"}],"about":[{"href":"https:\/\/uj.adatbank.ro\/lexikon\/wp-json\/wp\/v2\/types\/product"}],"replies":[{"embeddable":true,"href":"https:\/\/uj.adatbank.ro\/lexikon\/wp-json\/wp\/v2\/comments?post=2083"}],"wp:attachment":[{"href":"https:\/\/uj.adatbank.ro\/lexikon\/wp-json\/wp\/v2\/media?parent=2083"}],"wp:term":[{"taxonomy":"product_brand","embeddable":true,"href":"https:\/\/uj.adatbank.ro\/lexikon\/wp-json\/wp\/v2\/product_brand?post=2083"},{"taxonomy":"product_cat","embeddable":true,"href":"https:\/\/uj.adatbank.ro\/lexikon\/wp-json\/wp\/v2\/product_cat?post=2083"},{"taxonomy":"product_tag","embeddable":true,"href":"https:\/\/uj.adatbank.ro\/lexikon\/wp-json\/wp\/v2\/product_tag?post=2083"}],"curies":[{"name":"wp","href":"https:\/\/api.w.org\/{rel}","templated":true}]}}