{"id":20831,"date":"2025-07-22T19:03:18","date_gmt":"2025-07-22T17:03:18","guid":{"rendered":"https:\/\/uj.adatbank.ro\/lexikon\/termek\/stern-henrik\/"},"modified":"2025-07-22T19:03:18","modified_gmt":"2025-07-22T17:03:18","slug":"stern-henrik","status":"publish","type":"product","link":"https:\/\/uj.adatbank.ro\/lexikon\/termek\/stern-henrik\/","title":{"rendered":"STERN Henrik"},"content":{"rendered":"<p>1903, \u2020\u00a0Mv., 1984. j\u00fan. 10.: munk\u00e1smozgalmi hatcos. \u2013 Tev\u00e9kenyen r\u00e9szt vett a munk\u00e1smozgalmi harcokban, a RKP tagja (1930\u2013). Letart\u00f3ztatt\u00e1k (1941. okt.), megk\u00ednozt\u00e1k, Bp.-re, majd Kistarcs\u00e1ra intern\u00e1lt\u00e1k. A Bergen-Belsen-i \u00e9s a Theresienstadt-i l\u00e1gerbe hurcolt\u00e1k, majd kiszabadult (1945). Hazat\u00e9r\u00e9se ut\u00e1n a Cs\u00edk megyei p\u00e1rtszervezet aktivist\u00e1ja, majd a Faipari Tr\u00f6szt vezet\u0151s\u00e9g\u00e9ben dolgozott nyugd\u00edjaz\u00e1s\u00e1ig (1964). <br \/><strong>Irod.:<\/strong> Mv.-i zsid\u00f3 temet\u0151 dok.; S. H.[Nekrol\u00f3g] (V. Z., 1984. j\u00fan. 12.; 1984. j\u00fan. 13.).<\/br><\/p>\n","protected":false},"excerpt":{"rendered":"<p>1903, \u2020\u00a0Mv., 1984. j\u00fan. 10.: munk\u00e1smozgalmi hatcos. \u2013 Tev\u00e9kenyen r\u00e9szt vett a munk\u00e1smozgalmi harcokban, a RKP tagja (1930\u2013). Letart\u00f3ztatt\u00e1k (1941. okt.), megk\u00ednozt\u00e1k, Bp.-re, majd Kistarcs\u00e1ra intern\u00e1lt\u00e1k. A Bergen-Belsen-i \u00e9s a Theresienstadt-i l\u00e1gerbe hurcolt\u00e1k, majd kiszabadult (1945). Hazat\u00e9r\u00e9se ut\u00e1n a Cs\u00edk megyei p\u00e1rtszervezet aktivist\u00e1ja, majd a Faipari Tr\u00f6szt vezet\u0151s\u00e9g\u00e9ben dolgozott nyugd\u00edjaz\u00e1s\u00e1ig (1964). Irod.: Mv.-i zsid\u00f3 temet\u0151 [&hellip;]<\/p>\n","protected":false},"featured_media":0,"comment_status":"open","ping_status":"closed","template":"","meta":[],"product_brand":[],"product_cat":[137],"product_tag":[],"class_list":{"0":"post-20831","1":"product","2":"type-product","3":"status-publish","5":"product_cat-maros-megyei-eletrajzi-lexikon","7":"first","8":"instock","9":"shipping-taxable","10":"product-type-simple"},"_links":{"self":[{"href":"https:\/\/uj.adatbank.ro\/lexikon\/wp-json\/wp\/v2\/product\/20831","targetHints":{"allow":["GET"]}}],"collection":[{"href":"https:\/\/uj.adatbank.ro\/lexikon\/wp-json\/wp\/v2\/product"}],"about":[{"href":"https:\/\/uj.adatbank.ro\/lexikon\/wp-json\/wp\/v2\/types\/product"}],"replies":[{"embeddable":true,"href":"https:\/\/uj.adatbank.ro\/lexikon\/wp-json\/wp\/v2\/comments?post=20831"}],"wp:attachment":[{"href":"https:\/\/uj.adatbank.ro\/lexikon\/wp-json\/wp\/v2\/media?parent=20831"}],"wp:term":[{"taxonomy":"product_brand","embeddable":true,"href":"https:\/\/uj.adatbank.ro\/lexikon\/wp-json\/wp\/v2\/product_brand?post=20831"},{"taxonomy":"product_cat","embeddable":true,"href":"https:\/\/uj.adatbank.ro\/lexikon\/wp-json\/wp\/v2\/product_cat?post=20831"},{"taxonomy":"product_tag","embeddable":true,"href":"https:\/\/uj.adatbank.ro\/lexikon\/wp-json\/wp\/v2\/product_tag?post=20831"}],"curies":[{"name":"wp","href":"https:\/\/api.w.org\/{rel}","templated":true}]}}