{"id":20832,"date":"2025-07-22T19:03:22","date_gmt":"2025-07-22T17:03:22","guid":{"rendered":"https:\/\/uj.adatbank.ro\/lexikon\/termek\/stern-rezso\/"},"modified":"2025-07-22T19:03:22","modified_gmt":"2025-07-22T17:03:22","slug":"stern-rezso","status":"publish","type":"product","link":"https:\/\/uj.adatbank.ro\/lexikon\/termek\/stern-rezso\/","title":{"rendered":"STERN Rezs\u0151"},"content":{"rendered":"<p>Nagyv\u00e1rad, 1896, \u2020?: tisztvisel\u0151. \u2013 Mag\u00e1ntisztvisel\u0151 Szov\u00e1t\u00e1n. R\u00e9szt vett az I. vh.-ban (1915\u201319) az olasz \u00e1s az orosz fronton harcolt. Mint hadnagy szerelt le kit\u00fcntet\u00e9sekkel. <br \/><strong>Irod.:<\/strong> Erd\u00e9lyi ezredek.<\/br><\/p>\n","protected":false},"excerpt":{"rendered":"<p>Nagyv\u00e1rad, 1896, \u2020?: tisztvisel\u0151. \u2013 Mag\u00e1ntisztvisel\u0151 Szov\u00e1t\u00e1n. R\u00e9szt vett az I. vh.-ban (1915\u201319) az olasz \u00e1s az orosz fronton harcolt. Mint hadnagy szerelt le kit\u00fcntet\u00e9sekkel. Irod.: Erd\u00e9lyi ezredek.<\/p>\n","protected":false},"featured_media":0,"comment_status":"open","ping_status":"closed","template":"","meta":[],"product_brand":[],"product_cat":[137],"product_tag":[],"class_list":{"0":"post-20832","1":"product","2":"type-product","3":"status-publish","5":"product_cat-maros-megyei-eletrajzi-lexikon","7":"first","8":"instock","9":"shipping-taxable","10":"product-type-simple"},"_links":{"self":[{"href":"https:\/\/uj.adatbank.ro\/lexikon\/wp-json\/wp\/v2\/product\/20832","targetHints":{"allow":["GET"]}}],"collection":[{"href":"https:\/\/uj.adatbank.ro\/lexikon\/wp-json\/wp\/v2\/product"}],"about":[{"href":"https:\/\/uj.adatbank.ro\/lexikon\/wp-json\/wp\/v2\/types\/product"}],"replies":[{"embeddable":true,"href":"https:\/\/uj.adatbank.ro\/lexikon\/wp-json\/wp\/v2\/comments?post=20832"}],"wp:attachment":[{"href":"https:\/\/uj.adatbank.ro\/lexikon\/wp-json\/wp\/v2\/media?parent=20832"}],"wp:term":[{"taxonomy":"product_brand","embeddable":true,"href":"https:\/\/uj.adatbank.ro\/lexikon\/wp-json\/wp\/v2\/product_brand?post=20832"},{"taxonomy":"product_cat","embeddable":true,"href":"https:\/\/uj.adatbank.ro\/lexikon\/wp-json\/wp\/v2\/product_cat?post=20832"},{"taxonomy":"product_tag","embeddable":true,"href":"https:\/\/uj.adatbank.ro\/lexikon\/wp-json\/wp\/v2\/product_tag?post=20832"}],"curies":[{"name":"wp","href":"https:\/\/api.w.org\/{rel}","templated":true}]}}