{"id":20833,"date":"2025-07-22T19:03:23","date_gmt":"2025-07-22T17:03:23","guid":{"rendered":"https:\/\/uj.adatbank.ro\/lexikon\/termek\/stern-vilmos\/"},"modified":"2025-07-22T19:03:23","modified_gmt":"2025-07-22T17:03:23","slug":"stern-vilmos","status":"publish","type":"product","link":"https:\/\/uj.adatbank.ro\/lexikon\/termek\/stern-vilmos\/","title":{"rendered":"STERN Vilmos"},"content":{"rendered":"<p>? \u2020?: a MOGYI Orvosi Mikr\u00f3biol\u00f3gia, Gy\u00f3gyszertan Tansz\u00e9k vezet\u0151je (1945\u201347). <br \/><strong>Irod.:<\/strong> Genersich; Viharban.<\/br><\/p>\n","protected":false},"excerpt":{"rendered":"<p>? \u2020?: a MOGYI Orvosi Mikr\u00f3biol\u00f3gia, Gy\u00f3gyszertan Tansz\u00e9k vezet\u0151je (1945\u201347). Irod.: Genersich; Viharban.<\/p>\n","protected":false},"featured_media":0,"comment_status":"open","ping_status":"closed","template":"","meta":[],"product_brand":[],"product_cat":[137],"product_tag":[],"class_list":{"0":"post-20833","1":"product","2":"type-product","3":"status-publish","5":"product_cat-maros-megyei-eletrajzi-lexikon","7":"first","8":"instock","9":"shipping-taxable","10":"product-type-simple"},"_links":{"self":[{"href":"https:\/\/uj.adatbank.ro\/lexikon\/wp-json\/wp\/v2\/product\/20833","targetHints":{"allow":["GET"]}}],"collection":[{"href":"https:\/\/uj.adatbank.ro\/lexikon\/wp-json\/wp\/v2\/product"}],"about":[{"href":"https:\/\/uj.adatbank.ro\/lexikon\/wp-json\/wp\/v2\/types\/product"}],"replies":[{"embeddable":true,"href":"https:\/\/uj.adatbank.ro\/lexikon\/wp-json\/wp\/v2\/comments?post=20833"}],"wp:attachment":[{"href":"https:\/\/uj.adatbank.ro\/lexikon\/wp-json\/wp\/v2\/media?parent=20833"}],"wp:term":[{"taxonomy":"product_brand","embeddable":true,"href":"https:\/\/uj.adatbank.ro\/lexikon\/wp-json\/wp\/v2\/product_brand?post=20833"},{"taxonomy":"product_cat","embeddable":true,"href":"https:\/\/uj.adatbank.ro\/lexikon\/wp-json\/wp\/v2\/product_cat?post=20833"},{"taxonomy":"product_tag","embeddable":true,"href":"https:\/\/uj.adatbank.ro\/lexikon\/wp-json\/wp\/v2\/product_tag?post=20833"}],"curies":[{"name":"wp","href":"https:\/\/api.w.org\/{rel}","templated":true}]}}