{"id":20834,"date":"2025-07-22T19:03:26","date_gmt":"2025-07-22T17:03:26","guid":{"rendered":"https:\/\/uj.adatbank.ro\/lexikon\/termek\/sternberg-lajos-%c2%a7\/"},"modified":"2025-07-22T19:03:26","modified_gmt":"2025-07-22T17:03:26","slug":"sternberg-lajos-%c2%a7","status":"publish","type":"product","link":"https:\/\/uj.adatbank.ro\/lexikon\/termek\/sternberg-lajos-%c2%a7\/","title":{"rendered":"STERNBERG Lajos, \u00a7"},"content":{"rendered":"<p>? \u2020?: vend\u00e9gl\u0151s. \u2013 Mv.-en volt vend\u00e9gl\u0151s. Az I. vh.-ban (1914. aug.\u201318. nov.) az orosz harct\u00e9ren volt gyalogos, hadifogoly 43 h\u00f3napot. Hadirokkant. <br \/><strong>Irod.:<\/strong> M. hadviselt zsid\u00f3k.<\/br><\/p>\n","protected":false},"excerpt":{"rendered":"<p>? \u2020?: vend\u00e9gl\u0151s. \u2013 Mv.-en volt vend\u00e9gl\u0151s. Az I. vh.-ban (1914. aug.\u201318. nov.) az orosz harct\u00e9ren volt gyalogos, hadifogoly 43 h\u00f3napot. Hadirokkant. Irod.: M. hadviselt zsid\u00f3k.<\/p>\n","protected":false},"featured_media":0,"comment_status":"open","ping_status":"closed","template":"","meta":[],"product_brand":[],"product_cat":[137],"product_tag":[],"class_list":{"0":"post-20834","1":"product","2":"type-product","3":"status-publish","5":"product_cat-maros-megyei-eletrajzi-lexikon","7":"first","8":"instock","9":"shipping-taxable","10":"product-type-simple"},"_links":{"self":[{"href":"https:\/\/uj.adatbank.ro\/lexikon\/wp-json\/wp\/v2\/product\/20834","targetHints":{"allow":["GET"]}}],"collection":[{"href":"https:\/\/uj.adatbank.ro\/lexikon\/wp-json\/wp\/v2\/product"}],"about":[{"href":"https:\/\/uj.adatbank.ro\/lexikon\/wp-json\/wp\/v2\/types\/product"}],"replies":[{"embeddable":true,"href":"https:\/\/uj.adatbank.ro\/lexikon\/wp-json\/wp\/v2\/comments?post=20834"}],"wp:attachment":[{"href":"https:\/\/uj.adatbank.ro\/lexikon\/wp-json\/wp\/v2\/media?parent=20834"}],"wp:term":[{"taxonomy":"product_brand","embeddable":true,"href":"https:\/\/uj.adatbank.ro\/lexikon\/wp-json\/wp\/v2\/product_brand?post=20834"},{"taxonomy":"product_cat","embeddable":true,"href":"https:\/\/uj.adatbank.ro\/lexikon\/wp-json\/wp\/v2\/product_cat?post=20834"},{"taxonomy":"product_tag","embeddable":true,"href":"https:\/\/uj.adatbank.ro\/lexikon\/wp-json\/wp\/v2\/product_tag?post=20834"}],"curies":[{"name":"wp","href":"https:\/\/api.w.org\/{rel}","templated":true}]}}