{"id":20836,"date":"2025-07-22T19:03:30","date_gmt":"2025-07-22T17:03:30","guid":{"rendered":"https:\/\/uj.adatbank.ro\/lexikon\/termek\/sternheim-karl\/"},"modified":"2025-07-22T19:03:30","modified_gmt":"2025-07-22T17:03:30","slug":"sternheim-karl","status":"publish","type":"product","link":"https:\/\/uj.adatbank.ro\/lexikon\/termek\/sternheim-karl\/","title":{"rendered":"STERNHEIM Karl"},"content":{"rendered":"<p>Segesv\u00e1r v. Nagyszeben, 1818. aug. 5., \u2020 Segesv\u00e1r, 1850. jan. 24 v. Buk., 1849.: orvosdoktor, sz\u00fcl\u00e9sz- \u00e9s seb\u00e9szmester. \u2013 Tanult a B\u00e9csi orvosi egyetemen (1846). Sz\u00fcl\u00e9sz seb\u00e9szorvos volt Segesv\u00e1rt. \u2013 <strong>F. m.<\/strong>: \u00dcbersicht der Flora Siebenb\u00fcrgens, den neuesten Forschungen gem\u00e4ss nach Prof. Endlichers genera plantarum in nat\u00fcrliche Familien geordent: Dissertatio inaug. (Wien, 1846). <br \/><strong>Irod.:<\/strong> Gomb\u00f3cz Endre: A magyar botanika t\u00f6rt\u00e9nete (Bp., 1936); Gy\u0151ry; Szab\u00f3\u2013Sz\u00f6gi; Szinnyei, Szinnyei-Sz.J.; Todea.<\/br><\/p>\n","protected":false},"excerpt":{"rendered":"<p>Segesv\u00e1r v. Nagyszeben, 1818. aug. 5., \u2020 Segesv\u00e1r, 1850. jan. 24 v. Buk., 1849.: orvosdoktor, sz\u00fcl\u00e9sz- \u00e9s seb\u00e9szmester. \u2013 Tanult a B\u00e9csi orvosi egyetemen (1846). Sz\u00fcl\u00e9sz seb\u00e9szorvos volt Segesv\u00e1rt. \u2013 F. m.: \u00dcbersicht der Flora Siebenb\u00fcrgens, den neuesten Forschungen gem\u00e4ss nach Prof. Endlichers genera plantarum in nat\u00fcrliche Familien geordent: Dissertatio inaug. (Wien, 1846). Irod.: Gomb\u00f3cz [&hellip;]<\/p>\n","protected":false},"featured_media":0,"comment_status":"open","ping_status":"closed","template":"","meta":[],"product_brand":[],"product_cat":[137],"product_tag":[],"class_list":{"0":"post-20836","1":"product","2":"type-product","3":"status-publish","5":"product_cat-maros-megyei-eletrajzi-lexikon","7":"first","8":"instock","9":"shipping-taxable","10":"product-type-simple"},"_links":{"self":[{"href":"https:\/\/uj.adatbank.ro\/lexikon\/wp-json\/wp\/v2\/product\/20836","targetHints":{"allow":["GET"]}}],"collection":[{"href":"https:\/\/uj.adatbank.ro\/lexikon\/wp-json\/wp\/v2\/product"}],"about":[{"href":"https:\/\/uj.adatbank.ro\/lexikon\/wp-json\/wp\/v2\/types\/product"}],"replies":[{"embeddable":true,"href":"https:\/\/uj.adatbank.ro\/lexikon\/wp-json\/wp\/v2\/comments?post=20836"}],"wp:attachment":[{"href":"https:\/\/uj.adatbank.ro\/lexikon\/wp-json\/wp\/v2\/media?parent=20836"}],"wp:term":[{"taxonomy":"product_brand","embeddable":true,"href":"https:\/\/uj.adatbank.ro\/lexikon\/wp-json\/wp\/v2\/product_brand?post=20836"},{"taxonomy":"product_cat","embeddable":true,"href":"https:\/\/uj.adatbank.ro\/lexikon\/wp-json\/wp\/v2\/product_cat?post=20836"},{"taxonomy":"product_tag","embeddable":true,"href":"https:\/\/uj.adatbank.ro\/lexikon\/wp-json\/wp\/v2\/product_tag?post=20836"}],"curies":[{"name":"wp","href":"https:\/\/api.w.org\/{rel}","templated":true}]}}