{"id":20837,"date":"2025-07-22T19:03:32","date_gmt":"2025-07-22T17:03:32","guid":{"rendered":"https:\/\/uj.adatbank.ro\/lexikon\/termek\/steuer-imre\/"},"modified":"2025-07-22T19:03:32","modified_gmt":"2025-07-22T17:03:32","slug":"steuer-imre","status":"publish","type":"product","link":"https:\/\/uj.adatbank.ro\/lexikon\/termek\/steuer-imre\/","title":{"rendered":"STEUER Imre"},"content":{"rendered":"<p>Mestersz\u00e1ll\u00e1s 1901., \u2020\u00a0Mv., 1983. aug. 5.: \u00fczemvezet\u0151, tisztvisel\u0151. \u2013 Apja Lajos v\u00e1rmegyei f\u0151orvos volt. Temesv\u00e1ron v\u00e9gezte k\u00f6z\u00e9piskol\u00e1it, majd a faiparban tev\u00e9kenykedett mint tisztvisel\u0151, azut\u00e1n \u00fczemvezet\u0151 lett Szal\u00e1rdtelepen. A m. kult\u00fara t\u00e1mogat\u00f3ja volt. <br \/><strong>Irod.:<\/strong> Mv.-i zsid\u00f3 temet\u0151 dok.; Sz\u00e9kelyf\u00f6ld \u00ed. k.; [Nekrol\u00f3g] (V. Z., 1983. aug. 6.).<\/br><\/p>\n","protected":false},"excerpt":{"rendered":"<p>Mestersz\u00e1ll\u00e1s 1901., \u2020\u00a0Mv., 1983. aug. 5.: \u00fczemvezet\u0151, tisztvisel\u0151. \u2013 Apja Lajos v\u00e1rmegyei f\u0151orvos volt. Temesv\u00e1ron v\u00e9gezte k\u00f6z\u00e9piskol\u00e1it, majd a faiparban tev\u00e9kenykedett mint tisztvisel\u0151, azut\u00e1n \u00fczemvezet\u0151 lett Szal\u00e1rdtelepen. A m. kult\u00fara t\u00e1mogat\u00f3ja volt. Irod.: Mv.-i zsid\u00f3 temet\u0151 dok.; Sz\u00e9kelyf\u00f6ld \u00ed. k.; [Nekrol\u00f3g] (V. Z., 1983. aug. 6.).<\/p>\n","protected":false},"featured_media":0,"comment_status":"open","ping_status":"closed","template":"","meta":[],"product_brand":[],"product_cat":[137],"product_tag":[],"class_list":{"0":"post-20837","1":"product","2":"type-product","3":"status-publish","5":"product_cat-maros-megyei-eletrajzi-lexikon","7":"first","8":"instock","9":"shipping-taxable","10":"product-type-simple"},"_links":{"self":[{"href":"https:\/\/uj.adatbank.ro\/lexikon\/wp-json\/wp\/v2\/product\/20837","targetHints":{"allow":["GET"]}}],"collection":[{"href":"https:\/\/uj.adatbank.ro\/lexikon\/wp-json\/wp\/v2\/product"}],"about":[{"href":"https:\/\/uj.adatbank.ro\/lexikon\/wp-json\/wp\/v2\/types\/product"}],"replies":[{"embeddable":true,"href":"https:\/\/uj.adatbank.ro\/lexikon\/wp-json\/wp\/v2\/comments?post=20837"}],"wp:attachment":[{"href":"https:\/\/uj.adatbank.ro\/lexikon\/wp-json\/wp\/v2\/media?parent=20837"}],"wp:term":[{"taxonomy":"product_brand","embeddable":true,"href":"https:\/\/uj.adatbank.ro\/lexikon\/wp-json\/wp\/v2\/product_brand?post=20837"},{"taxonomy":"product_cat","embeddable":true,"href":"https:\/\/uj.adatbank.ro\/lexikon\/wp-json\/wp\/v2\/product_cat?post=20837"},{"taxonomy":"product_tag","embeddable":true,"href":"https:\/\/uj.adatbank.ro\/lexikon\/wp-json\/wp\/v2\/product_tag?post=20837"}],"curies":[{"name":"wp","href":"https:\/\/api.w.org\/{rel}","templated":true}]}}