{"id":20839,"date":"2025-07-22T19:03:37","date_gmt":"2025-07-22T17:03:37","guid":{"rendered":"https:\/\/uj.adatbank.ro\/lexikon\/termek\/stift-adalbert\/"},"modified":"2025-07-22T19:03:37","modified_gmt":"2025-07-22T17:03:37","slug":"stift-adalbert","status":"publish","type":"product","link":"https:\/\/uj.adatbank.ro\/lexikon\/termek\/stift-adalbert\/","title":{"rendered":"STIFT Adalbert"},"content":{"rendered":"<p>1928. \u2020 Mv., 1949. nov. 4.: motor n\u00e9lk\u00fcli pilotaoktat\u00f3. \u2013 Mv.-en \u00e9retts\u00e9gizett a F\u00e9mipari L\u00edc.-ban. Elv\u00e9gezte a motor n\u00e9lk\u00fcli rep\u00fcl\u0151g\u00e9pek vezet\u00e9si isk.-t (1943 II.), majd Mv.-en a Rep\u00fcl\u0151t\u00e9ren dolgozott (1943\u201345). Szentp\u00e9teren ateszt\u00e1lt\u00e1k (1948. m\u00e1j.), majd a k\u00f6telez\u0151 tov\u00e1bbk\u00e9pz\u0151 tanfolyamok elv\u00e9gz\u00e9se ut\u00e1n v\u00e9gleges\u00edtett\u00e9k (1948. j\u00fan. 29.). Alexandri\u00e1ban elv\u00e9gezte a turistapilota isk.-t is, minek k\u00f6vetkezt\u00e9ben pilotaf\u0151n\u00f6k funkci\u00f3ba l\u00e9ptett\u00e9k el\u0151 (1949. okt. 27.). \u00d6sszesen 629 alkalommal sz\u00e1llt fel, amelyekb\u0151l 58-szor oktat\u00f3i min\u0151s\u00e9gben., majdnem minden magyarorsz\u00e1gi \u00e9s hazai vitorl\u00e1z\u00f3g\u00e9ppel rep\u00fclt. M\u00e9gis szerencs\u00e9tlen baleset \u00e1ldozata lett, mert a Cimbora vitorl\u00e1z\u00f3g\u00e9ppel lezuhant. <br \/><strong>Irod.:<\/strong> Bartos\u2013Bitto\u2013Magyary.<\/br><\/p>\n","protected":false},"excerpt":{"rendered":"<p>1928. \u2020 Mv., 1949. nov. 4.: motor n\u00e9lk\u00fcli pilotaoktat\u00f3. \u2013 Mv.-en \u00e9retts\u00e9gizett a F\u00e9mipari L\u00edc.-ban. Elv\u00e9gezte a motor n\u00e9lk\u00fcli rep\u00fcl\u0151g\u00e9pek vezet\u00e9si isk.-t (1943 II.), majd Mv.-en a Rep\u00fcl\u0151t\u00e9ren dolgozott (1943\u201345). Szentp\u00e9teren ateszt\u00e1lt\u00e1k (1948. m\u00e1j.), majd a k\u00f6telez\u0151 tov\u00e1bbk\u00e9pz\u0151 tanfolyamok elv\u00e9gz\u00e9se ut\u00e1n v\u00e9gleges\u00edtett\u00e9k (1948. j\u00fan. 29.). Alexandri\u00e1ban elv\u00e9gezte a turistapilota isk.-t is, minek k\u00f6vetkezt\u00e9ben pilotaf\u0151n\u00f6k funkci\u00f3ba [&hellip;]<\/p>\n","protected":false},"featured_media":0,"comment_status":"open","ping_status":"closed","template":"","meta":[],"product_brand":[],"product_cat":[137],"product_tag":[],"class_list":{"0":"post-20839","1":"product","2":"type-product","3":"status-publish","5":"product_cat-maros-megyei-eletrajzi-lexikon","7":"first","8":"instock","9":"shipping-taxable","10":"product-type-simple"},"_links":{"self":[{"href":"https:\/\/uj.adatbank.ro\/lexikon\/wp-json\/wp\/v2\/product\/20839","targetHints":{"allow":["GET"]}}],"collection":[{"href":"https:\/\/uj.adatbank.ro\/lexikon\/wp-json\/wp\/v2\/product"}],"about":[{"href":"https:\/\/uj.adatbank.ro\/lexikon\/wp-json\/wp\/v2\/types\/product"}],"replies":[{"embeddable":true,"href":"https:\/\/uj.adatbank.ro\/lexikon\/wp-json\/wp\/v2\/comments?post=20839"}],"wp:attachment":[{"href":"https:\/\/uj.adatbank.ro\/lexikon\/wp-json\/wp\/v2\/media?parent=20839"}],"wp:term":[{"taxonomy":"product_brand","embeddable":true,"href":"https:\/\/uj.adatbank.ro\/lexikon\/wp-json\/wp\/v2\/product_brand?post=20839"},{"taxonomy":"product_cat","embeddable":true,"href":"https:\/\/uj.adatbank.ro\/lexikon\/wp-json\/wp\/v2\/product_cat?post=20839"},{"taxonomy":"product_tag","embeddable":true,"href":"https:\/\/uj.adatbank.ro\/lexikon\/wp-json\/wp\/v2\/product_tag?post=20839"}],"curies":[{"name":"wp","href":"https:\/\/api.w.org\/{rel}","templated":true}]}}