{"id":2084,"date":"2025-06-28T12:03:19","date_gmt":"2025-06-28T10:03:19","guid":{"rendered":"https:\/\/uj.adatbank.ro\/lexikon\/termek\/balogh-laszlo\/"},"modified":"2025-06-28T12:03:19","modified_gmt":"2025-06-28T10:03:19","slug":"balogh-laszlo","status":"publish","type":"product","link":"https:\/\/uj.adatbank.ro\/lexikon\/termek\/balogh-laszlo\/","title":{"rendered":"BALOGH L\u00e1szl\u00f3"},"content":{"rendered":"<p>? \u2020\u00a0Mv., 1640 k.: ref. pap. \u2013 A V\u00e1rtemplomban szolg\u00e1lt \u00e9s oda is temett\u00e9k. Nev\u00e9t Nagy Szab\u00f3 Ferenc Kr\u00f3nik\u00e1j\u00e1ban emlitette, mint aki a v\u00e1ros t\u00e9gl\u00e1j\u00e1t nagy munk\u00e1val a v\u00e1rba felhordatta. Orb\u00e1n Bal\u00e1zs a templomban tal\u00e1lt s\u00edrk\u00f6v\u00e9t eml\u00edette (1646), de lehet hogy Kocs\u00e1rdi B. L. \u2013r\u00f3l van sz\u00f3, akit az els\u0151 anyak\u00f6nyv papn\u00e9vsora a 7 \u00e9s 8. pap k\u00f6z\u00f6tt eml\u00edt (1648). <br \/><strong>Irod.:<\/strong> Farcz\u00e1dy<\/br><\/p>\n","protected":false},"excerpt":{"rendered":"<p>? \u2020\u00a0Mv., 1640 k.: ref. pap. \u2013 A V\u00e1rtemplomban szolg\u00e1lt \u00e9s oda is temett\u00e9k. Nev\u00e9t Nagy Szab\u00f3 Ferenc Kr\u00f3nik\u00e1j\u00e1ban emlitette, mint aki a v\u00e1ros t\u00e9gl\u00e1j\u00e1t nagy munk\u00e1val a v\u00e1rba felhordatta. Orb\u00e1n Bal\u00e1zs a templomban tal\u00e1lt s\u00edrk\u00f6v\u00e9t eml\u00edette (1646), de lehet hogy Kocs\u00e1rdi B. L. \u2013r\u00f3l van sz\u00f3, akit az els\u0151 anyak\u00f6nyv papn\u00e9vsora a 7 \u00e9s [&hellip;]<\/p>\n","protected":false},"featured_media":0,"comment_status":"open","ping_status":"closed","template":"","meta":[],"product_brand":[],"product_cat":[137],"product_tag":[],"class_list":{"0":"post-2084","1":"product","2":"type-product","3":"status-publish","5":"product_cat-maros-megyei-eletrajzi-lexikon","7":"first","8":"instock","9":"shipping-taxable","10":"product-type-simple"},"_links":{"self":[{"href":"https:\/\/uj.adatbank.ro\/lexikon\/wp-json\/wp\/v2\/product\/2084","targetHints":{"allow":["GET"]}}],"collection":[{"href":"https:\/\/uj.adatbank.ro\/lexikon\/wp-json\/wp\/v2\/product"}],"about":[{"href":"https:\/\/uj.adatbank.ro\/lexikon\/wp-json\/wp\/v2\/types\/product"}],"replies":[{"embeddable":true,"href":"https:\/\/uj.adatbank.ro\/lexikon\/wp-json\/wp\/v2\/comments?post=2084"}],"wp:attachment":[{"href":"https:\/\/uj.adatbank.ro\/lexikon\/wp-json\/wp\/v2\/media?parent=2084"}],"wp:term":[{"taxonomy":"product_brand","embeddable":true,"href":"https:\/\/uj.adatbank.ro\/lexikon\/wp-json\/wp\/v2\/product_brand?post=2084"},{"taxonomy":"product_cat","embeddable":true,"href":"https:\/\/uj.adatbank.ro\/lexikon\/wp-json\/wp\/v2\/product_cat?post=2084"},{"taxonomy":"product_tag","embeddable":true,"href":"https:\/\/uj.adatbank.ro\/lexikon\/wp-json\/wp\/v2\/product_tag?post=2084"}],"curies":[{"name":"wp","href":"https:\/\/api.w.org\/{rel}","templated":true}]}}