{"id":20844,"date":"2025-07-22T19:03:49","date_gmt":"2025-07-22T17:03:49","guid":{"rendered":"https:\/\/uj.adatbank.ro\/lexikon\/termek\/stoian-constandin-hadji-hadji-stoian-constantin\/"},"modified":"2025-07-22T19:03:49","modified_gmt":"2025-07-22T17:03:49","slug":"stoian-constandin-hadji-hadji-stoian-constantin","status":"publish","type":"product","link":"https:\/\/uj.adatbank.ro\/lexikon\/termek\/stoian-constandin-hadji-hadji-stoian-constantin\/","title":{"rendered":"STOIAN, Constandin Hadji, Hadji Stoian Constantin"},"content":{"rendered":"<p>1739, \u2020\u00a0Mv., 1811., a Szt. Mih\u00e1ly arkangyal fatempolom mellett nyugszik: keresked\u0151. \u2013 Mv.-en volt kersked\u0151 \u00e9s feles\u00e9g\u00e9vel Sirian\u00e1val v\u00e1s\u00e1rolt\u00e1k meg azt a ter\u00fcletet, Ily\u00e9s M\u00e1rton telk\u00e9t, amire a mv.-i Szt. Mih\u00e1ly arkangyal fatemplom \u00e9p\u00fclt seg\u00edts\u00e9g\u00fckkel, Ioan Bob p\u00fcsp\u00f6k anyagi t\u00e1mogat\u00e1s\u00e1val (1793\u201394). A ref. egyh\u00e1z seg\u00edts\u00e9g\u00e9t is ig\u00e9nybe vette az ortodox vall\u00e1s szabad gyakorl\u00e1s\u00e1\u00e9rt v\u00edvott harcban, Teleki S\u00e1muel kancell\u00e1rhoz is k\u00e9r\u00e9ssel fordultak. Ort. fatemplomot, par\u00f3ki\u00e1t \u00e9s papi lak\u00e1st \u00e9p\u00edtettek. <br \/><strong>Irod.:<\/strong> B\u0103ciu\u0163-\u015eincan; Id\u0151t\u00e1r 1; \u015eincan, Gheorghe: Biserica de lemn \u201eSf\u00e2ntul Arhangel Mihail\u201d [T\u00e2rgu-Mure\u015f] (Vatra veche, nr. 2., 2009); Keresztes Gyula: A Fatemplom (N\u00fa., 1990. nov. 23.); Man: Tg.M. 2., 3.; Maros megye; Mv. m\u0171v. v\u00e1r.; Mv.-Bal\u00e1s; Popa, Traian: Tg.M.<\/br><\/p>\n","protected":false},"excerpt":{"rendered":"<p>1739, \u2020\u00a0Mv., 1811., a Szt. Mih\u00e1ly arkangyal fatempolom mellett nyugszik: keresked\u0151. \u2013 Mv.-en volt kersked\u0151 \u00e9s feles\u00e9g\u00e9vel Sirian\u00e1val v\u00e1s\u00e1rolt\u00e1k meg azt a ter\u00fcletet, Ily\u00e9s M\u00e1rton telk\u00e9t, amire a mv.-i Szt. Mih\u00e1ly arkangyal fatemplom \u00e9p\u00fclt seg\u00edts\u00e9g\u00fckkel, Ioan Bob p\u00fcsp\u00f6k anyagi t\u00e1mogat\u00e1s\u00e1val (1793\u201394). A ref. egyh\u00e1z seg\u00edts\u00e9g\u00e9t is ig\u00e9nybe vette az ortodox vall\u00e1s szabad gyakorl\u00e1s\u00e1\u00e9rt v\u00edvott harcban, [&hellip;]<\/p>\n","protected":false},"featured_media":0,"comment_status":"open","ping_status":"closed","template":"","meta":[],"product_brand":[],"product_cat":[137],"product_tag":[],"class_list":{"0":"post-20844","1":"product","2":"type-product","3":"status-publish","5":"product_cat-maros-megyei-eletrajzi-lexikon","7":"first","8":"instock","9":"shipping-taxable","10":"product-type-simple"},"_links":{"self":[{"href":"https:\/\/uj.adatbank.ro\/lexikon\/wp-json\/wp\/v2\/product\/20844","targetHints":{"allow":["GET"]}}],"collection":[{"href":"https:\/\/uj.adatbank.ro\/lexikon\/wp-json\/wp\/v2\/product"}],"about":[{"href":"https:\/\/uj.adatbank.ro\/lexikon\/wp-json\/wp\/v2\/types\/product"}],"replies":[{"embeddable":true,"href":"https:\/\/uj.adatbank.ro\/lexikon\/wp-json\/wp\/v2\/comments?post=20844"}],"wp:attachment":[{"href":"https:\/\/uj.adatbank.ro\/lexikon\/wp-json\/wp\/v2\/media?parent=20844"}],"wp:term":[{"taxonomy":"product_brand","embeddable":true,"href":"https:\/\/uj.adatbank.ro\/lexikon\/wp-json\/wp\/v2\/product_brand?post=20844"},{"taxonomy":"product_cat","embeddable":true,"href":"https:\/\/uj.adatbank.ro\/lexikon\/wp-json\/wp\/v2\/product_cat?post=20844"},{"taxonomy":"product_tag","embeddable":true,"href":"https:\/\/uj.adatbank.ro\/lexikon\/wp-json\/wp\/v2\/product_tag?post=20844"}],"curies":[{"name":"wp","href":"https:\/\/api.w.org\/{rel}","templated":true}]}}