{"id":20845,"date":"2025-07-22T19:03:50","date_gmt":"2025-07-22T17:03:50","guid":{"rendered":"https:\/\/uj.adatbank.ro\/lexikon\/termek\/stoica-adrian\/"},"modified":"2025-07-22T19:03:50","modified_gmt":"2025-07-22T17:03:50","slug":"stoica-adrian","status":"publish","type":"product","link":"https:\/\/uj.adatbank.ro\/lexikon\/termek\/stoica-adrian\/","title":{"rendered":"STOICA, Adrian"},"content":{"rendered":"<p>Cintos, 1905., \u2020 Cintos, 1982.: kur\u00e1tor. \u2013 A cintosi g. kat. egyh\u00e1z kur\u00e1tora volt. R\u00e9szt vett a cintosi \u00faj templom felszentel\u00e9s\u00e9n, amit Valeriu Traian Fren\u0163iu p\u00fcsp\u00f6k vezetett (1946). <br \/><strong>Irod.:<\/strong> A\u0163inti\u015f.<\/br><\/p>\n","protected":false},"excerpt":{"rendered":"<p>Cintos, 1905., \u2020 Cintos, 1982.: kur\u00e1tor. \u2013 A cintosi g. kat. egyh\u00e1z kur\u00e1tora volt. R\u00e9szt vett a cintosi \u00faj templom felszentel\u00e9s\u00e9n, amit Valeriu Traian Fren\u0163iu p\u00fcsp\u00f6k vezetett (1946). Irod.: A\u0163inti\u015f.<\/p>\n","protected":false},"featured_media":0,"comment_status":"open","ping_status":"closed","template":"","meta":[],"product_brand":[],"product_cat":[137],"product_tag":[],"class_list":{"0":"post-20845","1":"product","2":"type-product","3":"status-publish","5":"product_cat-maros-megyei-eletrajzi-lexikon","7":"first","8":"instock","9":"shipping-taxable","10":"product-type-simple"},"_links":{"self":[{"href":"https:\/\/uj.adatbank.ro\/lexikon\/wp-json\/wp\/v2\/product\/20845","targetHints":{"allow":["GET"]}}],"collection":[{"href":"https:\/\/uj.adatbank.ro\/lexikon\/wp-json\/wp\/v2\/product"}],"about":[{"href":"https:\/\/uj.adatbank.ro\/lexikon\/wp-json\/wp\/v2\/types\/product"}],"replies":[{"embeddable":true,"href":"https:\/\/uj.adatbank.ro\/lexikon\/wp-json\/wp\/v2\/comments?post=20845"}],"wp:attachment":[{"href":"https:\/\/uj.adatbank.ro\/lexikon\/wp-json\/wp\/v2\/media?parent=20845"}],"wp:term":[{"taxonomy":"product_brand","embeddable":true,"href":"https:\/\/uj.adatbank.ro\/lexikon\/wp-json\/wp\/v2\/product_brand?post=20845"},{"taxonomy":"product_cat","embeddable":true,"href":"https:\/\/uj.adatbank.ro\/lexikon\/wp-json\/wp\/v2\/product_cat?post=20845"},{"taxonomy":"product_tag","embeddable":true,"href":"https:\/\/uj.adatbank.ro\/lexikon\/wp-json\/wp\/v2\/product_tag?post=20845"}],"curies":[{"name":"wp","href":"https:\/\/api.w.org\/{rel}","templated":true}]}}