{"id":20847,"date":"2025-07-22T19:03:56","date_gmt":"2025-07-22T17:03:56","guid":{"rendered":"https:\/\/uj.adatbank.ro\/lexikon\/termek\/stoica-d-constantin\/"},"modified":"2025-07-22T19:03:56","modified_gmt":"2025-07-22T17:03:56","slug":"stoica-d-constantin","status":"publish","type":"product","link":"https:\/\/uj.adatbank.ro\/lexikon\/termek\/stoica-d-constantin\/","title":{"rendered":"STOICA, D. Constantin"},"content":{"rendered":"<p>C\u0103teasca k\u00f6zs\u00e9g, Grui falu, 1911. okt. 3., \u2020 Als\u00f3k\u00f6h\u00e9r, 1944. szept. 27.: szakaszvezet\u0151. \u2013 Apja a m\u0103r\u0103\u015fe\u015fti csat\u00e1ban esett el (1917). \u2013 A rom\u00e1n 17. t\u00fcz\u00e9rezredben harcolt Erd\u00e9ly felszabad\u00edt\u00e1s\u00e1\u00e9rt Fels\u0151k\u00f6h\u00e9ren, ahol elesett \u00e9s el is temett\u00e9k. K\u00e9t \u00e1rv\u00e1t hagyott h\u00e1tra. <br \/><strong>Irod.:<\/strong> Chiheru.<\/br><\/p>\n","protected":false},"excerpt":{"rendered":"<p>C\u0103teasca k\u00f6zs\u00e9g, Grui falu, 1911. okt. 3., \u2020 Als\u00f3k\u00f6h\u00e9r, 1944. szept. 27.: szakaszvezet\u0151. \u2013 Apja a m\u0103r\u0103\u015fe\u015fti csat\u00e1ban esett el (1917). \u2013 A rom\u00e1n 17. t\u00fcz\u00e9rezredben harcolt Erd\u00e9ly felszabad\u00edt\u00e1s\u00e1\u00e9rt Fels\u0151k\u00f6h\u00e9ren, ahol elesett \u00e9s el is temett\u00e9k. K\u00e9t \u00e1rv\u00e1t hagyott h\u00e1tra. Irod.: Chiheru.<\/p>\n","protected":false},"featured_media":0,"comment_status":"open","ping_status":"closed","template":"","meta":[],"product_brand":[],"product_cat":[137],"product_tag":[],"class_list":{"0":"post-20847","1":"product","2":"type-product","3":"status-publish","5":"product_cat-maros-megyei-eletrajzi-lexikon","7":"first","8":"instock","9":"shipping-taxable","10":"product-type-simple"},"_links":{"self":[{"href":"https:\/\/uj.adatbank.ro\/lexikon\/wp-json\/wp\/v2\/product\/20847","targetHints":{"allow":["GET"]}}],"collection":[{"href":"https:\/\/uj.adatbank.ro\/lexikon\/wp-json\/wp\/v2\/product"}],"about":[{"href":"https:\/\/uj.adatbank.ro\/lexikon\/wp-json\/wp\/v2\/types\/product"}],"replies":[{"embeddable":true,"href":"https:\/\/uj.adatbank.ro\/lexikon\/wp-json\/wp\/v2\/comments?post=20847"}],"wp:attachment":[{"href":"https:\/\/uj.adatbank.ro\/lexikon\/wp-json\/wp\/v2\/media?parent=20847"}],"wp:term":[{"taxonomy":"product_brand","embeddable":true,"href":"https:\/\/uj.adatbank.ro\/lexikon\/wp-json\/wp\/v2\/product_brand?post=20847"},{"taxonomy":"product_cat","embeddable":true,"href":"https:\/\/uj.adatbank.ro\/lexikon\/wp-json\/wp\/v2\/product_cat?post=20847"},{"taxonomy":"product_tag","embeddable":true,"href":"https:\/\/uj.adatbank.ro\/lexikon\/wp-json\/wp\/v2\/product_tag?post=20847"}],"curies":[{"name":"wp","href":"https:\/\/api.w.org\/{rel}","templated":true}]}}