{"id":20849,"date":"2025-07-22T19:03:59","date_gmt":"2025-07-22T17:03:59","guid":{"rendered":"https:\/\/uj.adatbank.ro\/lexikon\/termek\/stoica-emilian\/"},"modified":"2025-07-22T19:03:59","modified_gmt":"2025-07-22T17:03:59","slug":"stoica-emilian","status":"publish","type":"product","link":"https:\/\/uj.adatbank.ro\/lexikon\/termek\/stoica-emilian\/","title":{"rendered":"STOICA, Emilian"},"content":{"rendered":"<p>? \u2020?: ort. pap. \u2013 Segesv\u00e1ri esperes (1930\u201340 k.). \u2013 <strong>F. m.<\/strong>: <strong>antol\u00f3g.:<\/strong> Omagiu \u00eenalt prea sfin\u0163iei sale Dr. Nicolae B\u0103lan (Sibiu, 1940); Omagiu lui Ioan Lupa\u015f&#8230; (Buc., 1943). <br \/><strong>Irod.:<\/strong> F\u00fcl\u00f6p\u2013Ferencz; Omagiu lui Ioan Lupa\u015f&#8230; (Buc., 1943).<\/br><\/p>\n","protected":false},"excerpt":{"rendered":"<p>? \u2020?: ort. pap. \u2013 Segesv\u00e1ri esperes (1930\u201340 k.). \u2013 F. m.: antol\u00f3g.: Omagiu \u00eenalt prea sfin\u0163iei sale Dr. Nicolae B\u0103lan (Sibiu, 1940); Omagiu lui Ioan Lupa\u015f&#8230; (Buc., 1943). Irod.: F\u00fcl\u00f6p\u2013Ferencz; Omagiu lui Ioan Lupa\u015f&#8230; (Buc., 1943).<\/p>\n","protected":false},"featured_media":0,"comment_status":"open","ping_status":"closed","template":"","meta":[],"product_brand":[],"product_cat":[137],"product_tag":[],"class_list":{"0":"post-20849","1":"product","2":"type-product","3":"status-publish","5":"product_cat-maros-megyei-eletrajzi-lexikon","7":"first","8":"instock","9":"shipping-taxable","10":"product-type-simple"},"_links":{"self":[{"href":"https:\/\/uj.adatbank.ro\/lexikon\/wp-json\/wp\/v2\/product\/20849","targetHints":{"allow":["GET"]}}],"collection":[{"href":"https:\/\/uj.adatbank.ro\/lexikon\/wp-json\/wp\/v2\/product"}],"about":[{"href":"https:\/\/uj.adatbank.ro\/lexikon\/wp-json\/wp\/v2\/types\/product"}],"replies":[{"embeddable":true,"href":"https:\/\/uj.adatbank.ro\/lexikon\/wp-json\/wp\/v2\/comments?post=20849"}],"wp:attachment":[{"href":"https:\/\/uj.adatbank.ro\/lexikon\/wp-json\/wp\/v2\/media?parent=20849"}],"wp:term":[{"taxonomy":"product_brand","embeddable":true,"href":"https:\/\/uj.adatbank.ro\/lexikon\/wp-json\/wp\/v2\/product_brand?post=20849"},{"taxonomy":"product_cat","embeddable":true,"href":"https:\/\/uj.adatbank.ro\/lexikon\/wp-json\/wp\/v2\/product_cat?post=20849"},{"taxonomy":"product_tag","embeddable":true,"href":"https:\/\/uj.adatbank.ro\/lexikon\/wp-json\/wp\/v2\/product_tag?post=20849"}],"curies":[{"name":"wp","href":"https:\/\/api.w.org\/{rel}","templated":true}]}}