{"id":20850,"date":"2025-07-22T19:04:01","date_gmt":"2025-07-22T17:04:01","guid":{"rendered":"https:\/\/uj.adatbank.ro\/lexikon\/termek\/stoica-emilian-2\/"},"modified":"2025-07-22T19:04:01","modified_gmt":"2025-07-22T17:04:01","slug":"stoica-emilian-2","status":"publish","type":"product","link":"https:\/\/uj.adatbank.ro\/lexikon\/termek\/stoica-emilian-2\/","title":{"rendered":"STOICA Emilian"},"content":{"rendered":"<p>Erd\u0151szak\u00e1l? \u2020?: t\u00e1bornok. \u2013 A Rom\u00e1n Hadseregben Temesv\u00e1ron volt t\u00e1bornok. <br \/><strong>Irod.:<\/strong> S\u0103calu de P\u0103dure.<\/br><\/p>\n","protected":false},"excerpt":{"rendered":"<p>Erd\u0151szak\u00e1l? \u2020?: t\u00e1bornok. \u2013 A Rom\u00e1n Hadseregben Temesv\u00e1ron volt t\u00e1bornok. Irod.: S\u0103calu de P\u0103dure.<\/p>\n","protected":false},"featured_media":0,"comment_status":"open","ping_status":"closed","template":"","meta":[],"product_brand":[],"product_cat":[137],"product_tag":[],"class_list":{"0":"post-20850","1":"product","2":"type-product","3":"status-publish","5":"product_cat-maros-megyei-eletrajzi-lexikon","7":"first","8":"instock","9":"shipping-taxable","10":"product-type-simple"},"_links":{"self":[{"href":"https:\/\/uj.adatbank.ro\/lexikon\/wp-json\/wp\/v2\/product\/20850","targetHints":{"allow":["GET"]}}],"collection":[{"href":"https:\/\/uj.adatbank.ro\/lexikon\/wp-json\/wp\/v2\/product"}],"about":[{"href":"https:\/\/uj.adatbank.ro\/lexikon\/wp-json\/wp\/v2\/types\/product"}],"replies":[{"embeddable":true,"href":"https:\/\/uj.adatbank.ro\/lexikon\/wp-json\/wp\/v2\/comments?post=20850"}],"wp:attachment":[{"href":"https:\/\/uj.adatbank.ro\/lexikon\/wp-json\/wp\/v2\/media?parent=20850"}],"wp:term":[{"taxonomy":"product_brand","embeddable":true,"href":"https:\/\/uj.adatbank.ro\/lexikon\/wp-json\/wp\/v2\/product_brand?post=20850"},{"taxonomy":"product_cat","embeddable":true,"href":"https:\/\/uj.adatbank.ro\/lexikon\/wp-json\/wp\/v2\/product_cat?post=20850"},{"taxonomy":"product_tag","embeddable":true,"href":"https:\/\/uj.adatbank.ro\/lexikon\/wp-json\/wp\/v2\/product_tag?post=20850"}],"curies":[{"name":"wp","href":"https:\/\/api.w.org\/{rel}","templated":true}]}}