{"id":20851,"date":"2025-07-22T19:04:04","date_gmt":"2025-07-22T17:04:04","guid":{"rendered":"https:\/\/uj.adatbank.ro\/lexikon\/termek\/stoica-gavrila-de-bats\/"},"modified":"2025-07-22T19:04:04","modified_gmt":"2025-07-22T17:04:04","slug":"stoica-gavrila-de-bats","status":"publish","type":"product","link":"https:\/\/uj.adatbank.ro\/lexikon\/termek\/stoica-gavrila-de-bats\/","title":{"rendered":"STOICA Gavril\u0103 de B\u00e1ts"},"content":{"rendered":"<p>Mez\u0151nyulas, 1772., \u2020\u00a01836: g. kat. esperes, kanonok. \u2013 Tanult a mikh\u00e1zi ferences kolostorban, a gimn.-ot Mv.-en \u00e9s Bal\u00e1zsfalv\u00e1n v\u00e9gezte, teol\u00f3giai tanulm\u00e1nyokat Pozsonyban folytatott (1795\u201399). Bal\u00e1zsfalv\u00e1n tan\u00edtott, majd pl\u00e9b\u00e1nos \u00e9s esperes volt B\u00e1lv\u00e1nyosv\u00e1ralj\u00e1n, 3 \u00e9v m\u00falva F\u00fczesmikol\u00e1ra ker\u00fclt, Als\u00f3zsuk esperese (1807), Bob p\u00fcsp\u00f6k kanonokk\u00e1 nevezte ki (1809). L\u00e1tva Kisnyulas falu lak\u00f3inak nagy szeg\u00e9nys\u00e9g\u00e9t, saj\u00e1t k\u00f6lts\u00e9g\u00e9n templomot \u00e9p\u00edttetett (1836).A r\u00e9geni sz\u00e1rmaz\u00e1s\u00fa Iorga Iosif festette ki ikonokkal a falait (1957). <br \/><strong>Irod.:<\/strong> \u015eincan 2006; Todea 2013.<\/br><\/p>\n","protected":false},"excerpt":{"rendered":"<p>Mez\u0151nyulas, 1772., \u2020\u00a01836: g. kat. esperes, kanonok. \u2013 Tanult a mikh\u00e1zi ferences kolostorban, a gimn.-ot Mv.-en \u00e9s Bal\u00e1zsfalv\u00e1n v\u00e9gezte, teol\u00f3giai tanulm\u00e1nyokat Pozsonyban folytatott (1795\u201399). Bal\u00e1zsfalv\u00e1n tan\u00edtott, majd pl\u00e9b\u00e1nos \u00e9s esperes volt B\u00e1lv\u00e1nyosv\u00e1ralj\u00e1n, 3 \u00e9v m\u00falva F\u00fczesmikol\u00e1ra ker\u00fclt, Als\u00f3zsuk esperese (1807), Bob p\u00fcsp\u00f6k kanonokk\u00e1 nevezte ki (1809). L\u00e1tva Kisnyulas falu lak\u00f3inak nagy szeg\u00e9nys\u00e9g\u00e9t, saj\u00e1t k\u00f6lts\u00e9g\u00e9n templomot [&hellip;]<\/p>\n","protected":false},"featured_media":0,"comment_status":"open","ping_status":"closed","template":"","meta":[],"product_brand":[],"product_cat":[137],"product_tag":[],"class_list":{"0":"post-20851","1":"product","2":"type-product","3":"status-publish","5":"product_cat-maros-megyei-eletrajzi-lexikon","7":"first","8":"instock","9":"shipping-taxable","10":"product-type-simple"},"_links":{"self":[{"href":"https:\/\/uj.adatbank.ro\/lexikon\/wp-json\/wp\/v2\/product\/20851","targetHints":{"allow":["GET"]}}],"collection":[{"href":"https:\/\/uj.adatbank.ro\/lexikon\/wp-json\/wp\/v2\/product"}],"about":[{"href":"https:\/\/uj.adatbank.ro\/lexikon\/wp-json\/wp\/v2\/types\/product"}],"replies":[{"embeddable":true,"href":"https:\/\/uj.adatbank.ro\/lexikon\/wp-json\/wp\/v2\/comments?post=20851"}],"wp:attachment":[{"href":"https:\/\/uj.adatbank.ro\/lexikon\/wp-json\/wp\/v2\/media?parent=20851"}],"wp:term":[{"taxonomy":"product_brand","embeddable":true,"href":"https:\/\/uj.adatbank.ro\/lexikon\/wp-json\/wp\/v2\/product_brand?post=20851"},{"taxonomy":"product_cat","embeddable":true,"href":"https:\/\/uj.adatbank.ro\/lexikon\/wp-json\/wp\/v2\/product_cat?post=20851"},{"taxonomy":"product_tag","embeddable":true,"href":"https:\/\/uj.adatbank.ro\/lexikon\/wp-json\/wp\/v2\/product_tag?post=20851"}],"curies":[{"name":"wp","href":"https:\/\/api.w.org\/{rel}","templated":true}]}}