{"id":20855,"date":"2025-07-22T19:04:13","date_gmt":"2025-07-22T17:04:13","guid":{"rendered":"https:\/\/uj.adatbank.ro\/lexikon\/termek\/stoica-ioan-%c2%a7\/"},"modified":"2025-07-22T19:04:13","modified_gmt":"2025-07-22T17:04:13","slug":"stoica-ioan-%c2%a7","status":"publish","type":"product","link":"https:\/\/uj.adatbank.ro\/lexikon\/termek\/stoica-ioan-%c2%a7\/","title":{"rendered":"STOICA, Ioan, \u00a7"},"content":{"rendered":"<p>Erd\u0151szak\u00e1l, 1931.\u2020 Mv., 1991. m\u00e1j. 27.: tan\u00e1r. \u2013 Elemi iskol\u00e1t a sz\u00fcl\u0151faluban, tan\u00edt\u00f3k\u00e9pz\u0151t Sz\u00e1szr\u00e9genben, l\u00edc.-ot Mv.-en, az egyetemet filoz\u00f3fia \u2013 t\u00f6rt\u00e9nelem karon Kv.-on v\u00e9gezte (1970). Bergeny\u00e9ben tan\u00edtott (1952\u201354), Als\u00f3b\u00f6lk\u00e9nyben igazgat\u00f3 (1954\u201359), R\u00e9genben tanfel\u00fcgyel\u0151 (1959\u201361); R\u00e9gen rajon P\u00e1rtbizotts\u00e1g\u00e1ban, a Maros megyei P\u00e1rtbizotts\u00e1gban \u00e9s a Maros megyei M\u0171vel\u0151d\u00e9si Oszt\u00e1lyon dolgozott, ahol f\u0151fel\u00fcgyel\u0151 volt (1961\u201374). Maros megye f\u0151tanfel\u00fcgyel\u0151je (1974\u201379). Tan\u00e1r a mv.-i 1-es \u00e9s 2-es sz. Kiseg\u00edt\u0151 Iskol\u00e1ban (1979\u201391), ahol igazgat\u00f3 is volt (1986\u201389). Minden tan\u00fcgyi fokozati vizsg\u00e1t letett. Nev\u00e9hez f\u0171z\u0151dik a 2-es sz. Kiseg\u00edt\u0151 Iskola l\u00e9trehoz\u00e1sa Mv.-en (1986). Megyei f\u0151tanfel\u00fcgyel\u0151s\u00e9ge ideje alatt \u00e9p\u00fclt az \u0151 kezdem\u00e9nyez\u00e9s\u00e9re Szov\u00e1t\u00e1n az Iskolai T\u00e1bor. A Munka\u00e9rdemrend (Medali Muncii) c III. oszt. \u00e9s m\u00e1s kit\u00fcntet\u00e9sek birtokosa volt. <br \/><strong>Irod.:<\/strong> Dasc\u0103li mure\u015feni, 2.<\/br><\/p>\n","protected":false},"excerpt":{"rendered":"<p>Erd\u0151szak\u00e1l, 1931.\u2020 Mv., 1991. m\u00e1j. 27.: tan\u00e1r. \u2013 Elemi iskol\u00e1t a sz\u00fcl\u0151faluban, tan\u00edt\u00f3k\u00e9pz\u0151t Sz\u00e1szr\u00e9genben, l\u00edc.-ot Mv.-en, az egyetemet filoz\u00f3fia \u2013 t\u00f6rt\u00e9nelem karon Kv.-on v\u00e9gezte (1970). Bergeny\u00e9ben tan\u00edtott (1952\u201354), Als\u00f3b\u00f6lk\u00e9nyben igazgat\u00f3 (1954\u201359), R\u00e9genben tanfel\u00fcgyel\u0151 (1959\u201361); R\u00e9gen rajon P\u00e1rtbizotts\u00e1g\u00e1ban, a Maros megyei P\u00e1rtbizotts\u00e1gban \u00e9s a Maros megyei M\u0171vel\u0151d\u00e9si Oszt\u00e1lyon dolgozott, ahol f\u0151fel\u00fcgyel\u0151 volt (1961\u201374). Maros megye f\u0151tanfel\u00fcgyel\u0151je [&hellip;]<\/p>\n","protected":false},"featured_media":0,"comment_status":"open","ping_status":"closed","template":"","meta":[],"product_brand":[],"product_cat":[137],"product_tag":[],"class_list":{"0":"post-20855","1":"product","2":"type-product","3":"status-publish","5":"product_cat-maros-megyei-eletrajzi-lexikon","7":"first","8":"instock","9":"shipping-taxable","10":"product-type-simple"},"_links":{"self":[{"href":"https:\/\/uj.adatbank.ro\/lexikon\/wp-json\/wp\/v2\/product\/20855","targetHints":{"allow":["GET"]}}],"collection":[{"href":"https:\/\/uj.adatbank.ro\/lexikon\/wp-json\/wp\/v2\/product"}],"about":[{"href":"https:\/\/uj.adatbank.ro\/lexikon\/wp-json\/wp\/v2\/types\/product"}],"replies":[{"embeddable":true,"href":"https:\/\/uj.adatbank.ro\/lexikon\/wp-json\/wp\/v2\/comments?post=20855"}],"wp:attachment":[{"href":"https:\/\/uj.adatbank.ro\/lexikon\/wp-json\/wp\/v2\/media?parent=20855"}],"wp:term":[{"taxonomy":"product_brand","embeddable":true,"href":"https:\/\/uj.adatbank.ro\/lexikon\/wp-json\/wp\/v2\/product_brand?post=20855"},{"taxonomy":"product_cat","embeddable":true,"href":"https:\/\/uj.adatbank.ro\/lexikon\/wp-json\/wp\/v2\/product_cat?post=20855"},{"taxonomy":"product_tag","embeddable":true,"href":"https:\/\/uj.adatbank.ro\/lexikon\/wp-json\/wp\/v2\/product_tag?post=20855"}],"curies":[{"name":"wp","href":"https:\/\/api.w.org\/{rel}","templated":true}]}}