{"id":20856,"date":"2025-07-22T19:04:15","date_gmt":"2025-07-22T17:04:15","guid":{"rendered":"https:\/\/uj.adatbank.ro\/lexikon\/termek\/stoica-ion-aurel\/"},"modified":"2025-07-22T19:04:15","modified_gmt":"2025-07-22T17:04:15","slug":"stoica-ion-aurel","status":"publish","type":"product","link":"https:\/\/uj.adatbank.ro\/lexikon\/termek\/stoica-ion-aurel\/","title":{"rendered":"STOICA Ion Aurel"},"content":{"rendered":"<p>Mez\u0151s\u00e1lyi, 1943. m\u00e1j. 6., \u2020 Buk., 1994. m\u00e1j. 7.: m\u00e9rn\u00f6k, politikus \u2013 Kv.-on v\u00e9gezte a M\u0171szaki Egyetemet g\u00e9p\u00e9szm\u00e9rn\u00f6ki szakon (1960); doktor\u00e1lt. P\u00e1ly\u00e1j\u00e1t Kv.-on kezdte uo egyetemi tan\u00e1r, prof. Tagja a Rom\u00e1n Tud\u00f3sok Egyes\u00fclet\u00e9nek (Asocia\u0163ia Oamenilor de \u015ftiin\u0163\u0103 Rom\u00e2ni). Politikai p\u00e1ly\u00e1ra l\u00e9pett: a RKP megyei bizotts\u00e1g\u00e1nak aktivist\u00e1ja; alap\u00edt\u00f3tagja \u00e9s aleln\u00f6ke volt a Nemzeti Megment\u00e9si Frontnak (1989\u2013); miniszter volt az ideiglenes korm\u00e1nyban (1990); az els\u0151 szabad v\u00e1laszt\u00e1sok ut\u00e1n \u00e1llamminiszter (1990\u201392); szen\u00e1tor, PD frakci\u00f3vezet\u0151 a rom\u00e1n parlamentben (1992\u2013) T\u00f6bb mint 60 tanulm\u00e1nya jelent meg szakfoly\u00f3iratokban, \u00e9s t\u00f6bb mint 300 filoz\u00f3fiai \u00e9s tudom\u00e1nyfiloz\u00f3fiai essz\u00e9je. \u2013 <strong>F. m.<\/strong>: Interferen\u0163a ro\u0163ilor din\u0163ate. (Cluj, 1977.); <strong>t\u00e1rssz.:<\/strong> Introducere \u00een teoria mecanismelor 1\u20132. (Handra-Luca Viorellel; Cluj-Napoca, 1982\u20131983); \u015eeveruirea ro\u0163ilor din\u0163ate (Ciomac Gh.-, Stoica, Mariannal; Cluj-N., 1987.). <br \/><strong>Irod.:<\/strong> C.l. (1994. m\u00e1j. 10); Clujeni ai secolului 20; Pers. publ. \u2013 pol. 1995\u20131996; Todea.<\/br><\/p>\n","protected":false},"excerpt":{"rendered":"<p>Mez\u0151s\u00e1lyi, 1943. m\u00e1j. 6., \u2020 Buk., 1994. m\u00e1j. 7.: m\u00e9rn\u00f6k, politikus \u2013 Kv.-on v\u00e9gezte a M\u0171szaki Egyetemet g\u00e9p\u00e9szm\u00e9rn\u00f6ki szakon (1960); doktor\u00e1lt. P\u00e1ly\u00e1j\u00e1t Kv.-on kezdte uo egyetemi tan\u00e1r, prof. Tagja a Rom\u00e1n Tud\u00f3sok Egyes\u00fclet\u00e9nek (Asocia\u0163ia Oamenilor de \u015ftiin\u0163\u0103 Rom\u00e2ni). Politikai p\u00e1ly\u00e1ra l\u00e9pett: a RKP megyei bizotts\u00e1g\u00e1nak aktivist\u00e1ja; alap\u00edt\u00f3tagja \u00e9s aleln\u00f6ke volt a Nemzeti Megment\u00e9si Frontnak (1989\u2013); [&hellip;]<\/p>\n","protected":false},"featured_media":0,"comment_status":"open","ping_status":"closed","template":"","meta":[],"product_brand":[],"product_cat":[137],"product_tag":[],"class_list":{"0":"post-20856","1":"product","2":"type-product","3":"status-publish","5":"product_cat-maros-megyei-eletrajzi-lexikon","7":"first","8":"instock","9":"shipping-taxable","10":"product-type-simple"},"_links":{"self":[{"href":"https:\/\/uj.adatbank.ro\/lexikon\/wp-json\/wp\/v2\/product\/20856","targetHints":{"allow":["GET"]}}],"collection":[{"href":"https:\/\/uj.adatbank.ro\/lexikon\/wp-json\/wp\/v2\/product"}],"about":[{"href":"https:\/\/uj.adatbank.ro\/lexikon\/wp-json\/wp\/v2\/types\/product"}],"replies":[{"embeddable":true,"href":"https:\/\/uj.adatbank.ro\/lexikon\/wp-json\/wp\/v2\/comments?post=20856"}],"wp:attachment":[{"href":"https:\/\/uj.adatbank.ro\/lexikon\/wp-json\/wp\/v2\/media?parent=20856"}],"wp:term":[{"taxonomy":"product_brand","embeddable":true,"href":"https:\/\/uj.adatbank.ro\/lexikon\/wp-json\/wp\/v2\/product_brand?post=20856"},{"taxonomy":"product_cat","embeddable":true,"href":"https:\/\/uj.adatbank.ro\/lexikon\/wp-json\/wp\/v2\/product_cat?post=20856"},{"taxonomy":"product_tag","embeddable":true,"href":"https:\/\/uj.adatbank.ro\/lexikon\/wp-json\/wp\/v2\/product_tag?post=20856"}],"curies":[{"name":"wp","href":"https:\/\/api.w.org\/{rel}","templated":true}]}}