{"id":20858,"date":"2025-07-22T19:04:19","date_gmt":"2025-07-22T17:04:19","guid":{"rendered":"https:\/\/uj.adatbank.ro\/lexikon\/termek\/stoica-nicolae\/"},"modified":"2025-07-22T19:04:19","modified_gmt":"2025-07-22T17:04:19","slug":"stoica-nicolae","status":"publish","type":"product","link":"https:\/\/uj.adatbank.ro\/lexikon\/termek\/stoica-nicolae\/","title":{"rendered":"STOICA Nicolae"},"content":{"rendered":"<p>Br\u0103ila, 1903. m\u00e1rc. 28., \u2020 Buc., 1988.: fest\u0151m\u0171v\u00e9sz. \u2013 A mv.-i \u00cen\u0103l\u0163area Domnulu, az \u00dar Dics\u0151\u00edt\u00e9se Kegytemplom ort. katedr\u00e1lis d\u00edsz\u00edt\u0151 munk\u00e1latait (fresk\u00f3k, temper\u00e1k, mozaikok, ablakfest\u00e9sek) v\u00e9gz\u0151 csoport vezet\u0151je volt (1978\u201386). <br \/><strong>Irod.:<\/strong> C.l. (1990. nov. 15.); Man, 3.; MMK; Nicolae Stoica, 1903\u20131988.: Medalion omagial (Tg.M., 1993); T\u00eergu Mure\u015f; Tg.\u2013Mure\u0219 \u2013 Mv.<\/br><\/p>\n","protected":false},"excerpt":{"rendered":"<p>Br\u0103ila, 1903. m\u00e1rc. 28., \u2020 Buc., 1988.: fest\u0151m\u0171v\u00e9sz. \u2013 A mv.-i \u00cen\u0103l\u0163area Domnulu, az \u00dar Dics\u0151\u00edt\u00e9se Kegytemplom ort. katedr\u00e1lis d\u00edsz\u00edt\u0151 munk\u00e1latait (fresk\u00f3k, temper\u00e1k, mozaikok, ablakfest\u00e9sek) v\u00e9gz\u0151 csoport vezet\u0151je volt (1978\u201386). Irod.: C.l. (1990. nov. 15.); Man, 3.; MMK; Nicolae Stoica, 1903\u20131988.: Medalion omagial (Tg.M., 1993); T\u00eergu Mure\u015f; Tg.\u2013Mure\u0219 \u2013 Mv.<\/p>\n","protected":false},"featured_media":0,"comment_status":"open","ping_status":"closed","template":"","meta":[],"product_brand":[],"product_cat":[137],"product_tag":[],"class_list":{"0":"post-20858","1":"product","2":"type-product","3":"status-publish","5":"product_cat-maros-megyei-eletrajzi-lexikon","7":"first","8":"instock","9":"shipping-taxable","10":"product-type-simple"},"_links":{"self":[{"href":"https:\/\/uj.adatbank.ro\/lexikon\/wp-json\/wp\/v2\/product\/20858","targetHints":{"allow":["GET"]}}],"collection":[{"href":"https:\/\/uj.adatbank.ro\/lexikon\/wp-json\/wp\/v2\/product"}],"about":[{"href":"https:\/\/uj.adatbank.ro\/lexikon\/wp-json\/wp\/v2\/types\/product"}],"replies":[{"embeddable":true,"href":"https:\/\/uj.adatbank.ro\/lexikon\/wp-json\/wp\/v2\/comments?post=20858"}],"wp:attachment":[{"href":"https:\/\/uj.adatbank.ro\/lexikon\/wp-json\/wp\/v2\/media?parent=20858"}],"wp:term":[{"taxonomy":"product_brand","embeddable":true,"href":"https:\/\/uj.adatbank.ro\/lexikon\/wp-json\/wp\/v2\/product_brand?post=20858"},{"taxonomy":"product_cat","embeddable":true,"href":"https:\/\/uj.adatbank.ro\/lexikon\/wp-json\/wp\/v2\/product_cat?post=20858"},{"taxonomy":"product_tag","embeddable":true,"href":"https:\/\/uj.adatbank.ro\/lexikon\/wp-json\/wp\/v2\/product_tag?post=20858"}],"curies":[{"name":"wp","href":"https:\/\/api.w.org\/{rel}","templated":true}]}}