{"id":20859,"date":"2025-07-22T19:04:22","date_gmt":"2025-07-22T17:04:22","guid":{"rendered":"https:\/\/uj.adatbank.ro\/lexikon\/termek\/stoica-octavian\/"},"modified":"2025-07-22T19:04:22","modified_gmt":"2025-07-22T17:04:22","slug":"stoica-octavian","status":"publish","type":"product","link":"https:\/\/uj.adatbank.ro\/lexikon\/termek\/stoica-octavian\/","title":{"rendered":"STOICA, Octavian"},"content":{"rendered":"<p>Als\u00f3\u00e1rp\u00e1s, 1920. aug. 12., \u2020\u00a0Nagyszeben, 1992.: f\u0151hadnagy. \u2013 Brass\u00f3 Megyei \/ Tartom\u00e1nyi Securitate (1948\u201351), Mv.-en a Securitate Tartom\u00e1nyi Igazgat\u00f3s\u00e1g\u00e1n f\u0151hadnagy (1951\u201352). Tartal\u00e9kban helyezt\u00e9k (1952. j\u00fal. 15.). <br \/><strong>Irod.:<\/strong> Bartos 2012. http: \/\/www.cnsas.ro\/documente\/cadrele_securitatii\/STOICA%20OCTAVIAN.pdf.<\/br><\/p>\n","protected":false},"excerpt":{"rendered":"<p>Als\u00f3\u00e1rp\u00e1s, 1920. aug. 12., \u2020\u00a0Nagyszeben, 1992.: f\u0151hadnagy. \u2013 Brass\u00f3 Megyei \/ Tartom\u00e1nyi Securitate (1948\u201351), Mv.-en a Securitate Tartom\u00e1nyi Igazgat\u00f3s\u00e1g\u00e1n f\u0151hadnagy (1951\u201352). Tartal\u00e9kban helyezt\u00e9k (1952. j\u00fal. 15.). Irod.: Bartos 2012. http: \/\/www.cnsas.ro\/documente\/cadrele_securitatii\/STOICA%20OCTAVIAN.pdf.<\/p>\n","protected":false},"featured_media":0,"comment_status":"open","ping_status":"closed","template":"","meta":[],"product_brand":[],"product_cat":[137],"product_tag":[],"class_list":{"0":"post-20859","1":"product","2":"type-product","3":"status-publish","5":"product_cat-maros-megyei-eletrajzi-lexikon","7":"first","8":"instock","9":"shipping-taxable","10":"product-type-simple"},"_links":{"self":[{"href":"https:\/\/uj.adatbank.ro\/lexikon\/wp-json\/wp\/v2\/product\/20859","targetHints":{"allow":["GET"]}}],"collection":[{"href":"https:\/\/uj.adatbank.ro\/lexikon\/wp-json\/wp\/v2\/product"}],"about":[{"href":"https:\/\/uj.adatbank.ro\/lexikon\/wp-json\/wp\/v2\/types\/product"}],"replies":[{"embeddable":true,"href":"https:\/\/uj.adatbank.ro\/lexikon\/wp-json\/wp\/v2\/comments?post=20859"}],"wp:attachment":[{"href":"https:\/\/uj.adatbank.ro\/lexikon\/wp-json\/wp\/v2\/media?parent=20859"}],"wp:term":[{"taxonomy":"product_brand","embeddable":true,"href":"https:\/\/uj.adatbank.ro\/lexikon\/wp-json\/wp\/v2\/product_brand?post=20859"},{"taxonomy":"product_cat","embeddable":true,"href":"https:\/\/uj.adatbank.ro\/lexikon\/wp-json\/wp\/v2\/product_cat?post=20859"},{"taxonomy":"product_tag","embeddable":true,"href":"https:\/\/uj.adatbank.ro\/lexikon\/wp-json\/wp\/v2\/product_tag?post=20859"}],"curies":[{"name":"wp","href":"https:\/\/api.w.org\/{rel}","templated":true}]}}