{"id":20860,"date":"2025-07-22T19:04:24","date_gmt":"2025-07-22T17:04:24","guid":{"rendered":"https:\/\/uj.adatbank.ro\/lexikon\/termek\/stoica-pavel\/"},"modified":"2025-07-22T19:04:24","modified_gmt":"2025-07-22T17:04:24","slug":"stoica-pavel","status":"publish","type":"product","link":"https:\/\/uj.adatbank.ro\/lexikon\/termek\/stoica-pavel\/","title":{"rendered":"STOICA, Pavel"},"content":{"rendered":"<p>F\u00fcleh\u00e1za, 1813. \u2020\u00a0F\u00fcleh\u00e1za, 1880. \u00e1pr. 16.: ort. pap. \u2013 Fia: Teodor, folytatta apja tev\u00e9kenys\u00e9g\u00e9t (1862\u2013). Vasile Moga szentelte papp\u00e1, felszentel\u00e9se ut\u00e1n mindj\u00e1rt sz\u00fcl\u0151faluj\u00e1ba, F\u00fcleh\u00e1z\u00e1ra helyezt\u00e9k (1833\u2013), a par\u00f3kia els\u0151 papja volt. A r\u00e9gi kolostori fatemplomot bek\u00f6lt\u00f6ztette a falu k\u00f6zpontj\u00e1ba, ikonokkal festtette ki k\u00edv\u00fcl \u2013 bel\u00fcl. Mellette m\u0171k\u00f6d\u00f6tt a felekezeti iskola is (1833\u201324). Annak a templomnak a hely\u00e9re a jelenkorban k\u0151templomot emeltek. A k\u00e9t templom mellet rom\u00e1n elemi iskola is l\u00e9tezett, a t\u00f6bbi felekezeti iskola felsz\u00e1mol\u00e1sakor megsz\u00fcntett\u00e9k (1924). <br \/><strong>Irod.:<\/strong> Dobozi; Reghin, Protopopiat.<\/br><\/p>\n","protected":false},"excerpt":{"rendered":"<p>F\u00fcleh\u00e1za, 1813. \u2020\u00a0F\u00fcleh\u00e1za, 1880. \u00e1pr. 16.: ort. pap. \u2013 Fia: Teodor, folytatta apja tev\u00e9kenys\u00e9g\u00e9t (1862\u2013). Vasile Moga szentelte papp\u00e1, felszentel\u00e9se ut\u00e1n mindj\u00e1rt sz\u00fcl\u0151faluj\u00e1ba, F\u00fcleh\u00e1z\u00e1ra helyezt\u00e9k (1833\u2013), a par\u00f3kia els\u0151 papja volt. A r\u00e9gi kolostori fatemplomot bek\u00f6lt\u00f6ztette a falu k\u00f6zpontj\u00e1ba, ikonokkal festtette ki k\u00edv\u00fcl \u2013 bel\u00fcl. Mellette m\u0171k\u00f6d\u00f6tt a felekezeti iskola is (1833\u201324). Annak a templomnak [&hellip;]<\/p>\n","protected":false},"featured_media":0,"comment_status":"open","ping_status":"closed","template":"","meta":[],"product_brand":[],"product_cat":[137],"product_tag":[],"class_list":{"0":"post-20860","1":"product","2":"type-product","3":"status-publish","5":"product_cat-maros-megyei-eletrajzi-lexikon","7":"first","8":"instock","9":"shipping-taxable","10":"product-type-simple"},"_links":{"self":[{"href":"https:\/\/uj.adatbank.ro\/lexikon\/wp-json\/wp\/v2\/product\/20860","targetHints":{"allow":["GET"]}}],"collection":[{"href":"https:\/\/uj.adatbank.ro\/lexikon\/wp-json\/wp\/v2\/product"}],"about":[{"href":"https:\/\/uj.adatbank.ro\/lexikon\/wp-json\/wp\/v2\/types\/product"}],"replies":[{"embeddable":true,"href":"https:\/\/uj.adatbank.ro\/lexikon\/wp-json\/wp\/v2\/comments?post=20860"}],"wp:attachment":[{"href":"https:\/\/uj.adatbank.ro\/lexikon\/wp-json\/wp\/v2\/media?parent=20860"}],"wp:term":[{"taxonomy":"product_brand","embeddable":true,"href":"https:\/\/uj.adatbank.ro\/lexikon\/wp-json\/wp\/v2\/product_brand?post=20860"},{"taxonomy":"product_cat","embeddable":true,"href":"https:\/\/uj.adatbank.ro\/lexikon\/wp-json\/wp\/v2\/product_cat?post=20860"},{"taxonomy":"product_tag","embeddable":true,"href":"https:\/\/uj.adatbank.ro\/lexikon\/wp-json\/wp\/v2\/product_tag?post=20860"}],"curies":[{"name":"wp","href":"https:\/\/api.w.org\/{rel}","templated":true}]}}