{"id":20861,"date":"2025-07-22T19:04:26","date_gmt":"2025-07-22T17:04:26","guid":{"rendered":"https:\/\/uj.adatbank.ro\/lexikon\/termek\/stoica-petru\/"},"modified":"2025-07-22T19:04:26","modified_gmt":"2025-07-22T17:04:26","slug":"stoica-petru","status":"publish","type":"product","link":"https:\/\/uj.adatbank.ro\/lexikon\/termek\/stoica-petru\/","title":{"rendered":"STOICA, Petru"},"content":{"rendered":"<p>? \u2020?: tan\u00edt\u00f3. \u2013 Az els\u0151 tan\u00edt\u00f3 B\u00faz\u00e1sbeseny\u0151ben, az \u00fajonnan l\u00e9tes\u00edtett \u00e1llami rom\u00e1n iskol\u00e1ban (1919\u201323). <br \/><strong>Irod.:<\/strong> B\u00faz\u00e1sbeseny\u0151; Societatea de V\u00e2n\u0103toare Apostolii Tg. Mure\u015f (Tg. M., 1941).<\/br><\/p>\n","protected":false},"excerpt":{"rendered":"<p>? \u2020?: tan\u00edt\u00f3. \u2013 Az els\u0151 tan\u00edt\u00f3 B\u00faz\u00e1sbeseny\u0151ben, az \u00fajonnan l\u00e9tes\u00edtett \u00e1llami rom\u00e1n iskol\u00e1ban (1919\u201323). Irod.: B\u00faz\u00e1sbeseny\u0151; Societatea de V\u00e2n\u0103toare Apostolii Tg. Mure\u015f (Tg. M., 1941).<\/p>\n","protected":false},"featured_media":0,"comment_status":"open","ping_status":"closed","template":"","meta":[],"product_brand":[],"product_cat":[137],"product_tag":[],"class_list":{"0":"post-20861","1":"product","2":"type-product","3":"status-publish","5":"product_cat-maros-megyei-eletrajzi-lexikon","7":"first","8":"instock","9":"shipping-taxable","10":"product-type-simple"},"_links":{"self":[{"href":"https:\/\/uj.adatbank.ro\/lexikon\/wp-json\/wp\/v2\/product\/20861","targetHints":{"allow":["GET"]}}],"collection":[{"href":"https:\/\/uj.adatbank.ro\/lexikon\/wp-json\/wp\/v2\/product"}],"about":[{"href":"https:\/\/uj.adatbank.ro\/lexikon\/wp-json\/wp\/v2\/types\/product"}],"replies":[{"embeddable":true,"href":"https:\/\/uj.adatbank.ro\/lexikon\/wp-json\/wp\/v2\/comments?post=20861"}],"wp:attachment":[{"href":"https:\/\/uj.adatbank.ro\/lexikon\/wp-json\/wp\/v2\/media?parent=20861"}],"wp:term":[{"taxonomy":"product_brand","embeddable":true,"href":"https:\/\/uj.adatbank.ro\/lexikon\/wp-json\/wp\/v2\/product_brand?post=20861"},{"taxonomy":"product_cat","embeddable":true,"href":"https:\/\/uj.adatbank.ro\/lexikon\/wp-json\/wp\/v2\/product_cat?post=20861"},{"taxonomy":"product_tag","embeddable":true,"href":"https:\/\/uj.adatbank.ro\/lexikon\/wp-json\/wp\/v2\/product_tag?post=20861"}],"curies":[{"name":"wp","href":"https:\/\/api.w.org\/{rel}","templated":true}]}}