{"id":20864,"date":"2025-07-22T19:04:33","date_gmt":"2025-07-22T17:04:33","guid":{"rendered":"https:\/\/uj.adatbank.ro\/lexikon\/termek\/stoicovici-stefan-%c2%a7\/"},"modified":"2025-07-22T19:04:33","modified_gmt":"2025-07-22T17:04:33","slug":"stoicovici-stefan-%c2%a7","status":"publish","type":"product","link":"https:\/\/uj.adatbank.ro\/lexikon\/termek\/stoicovici-stefan-%c2%a7\/","title":{"rendered":"STOICOVICI, \u015etefan, \u00a7"},"content":{"rendered":"<p>1863., \u2020\u00a0Maroskereszt\u00far, 1948. aug. 31.: ort. pap. \u2013 Tan\u00edt\u00f3i k\u00e9pes\u00edt\u00e9st kapott (1887) \u00e9s papp\u00e1 szentelt\u00e9k (1888. m\u00e1j. 25.). Vidr\u00e1tszegen is volt lelk\u00e9sz (1905). Marosszentkir\u00e1lyban (1905\u201340) szolg\u00e1lata ideje alatt \u00e9p\u00fclt az \u00faj templom (1907). Falfestm\u00e9nyei k\u00e9s\u0151bbi id\u0151b\u0151l val\u00f3k, fest\u0151j\u00fck Dimitrie B\u0103nic\u0103 (1973), Emilian Birda\u015f p\u00fcsp\u00f6k szentelte fel (1975). A par\u00f3kia is az \u0151 idej\u00e9ben \u00e9p\u00fclt (1937). Maroskereszt\u00faron szolg\u00e1lt, majd Marosszentgy\u00f6rgy\u00f6n (1916. \u00e1pr.\u201317. \u00e1pr.), am\u00edg Motora lelk\u00e9szt k\u00e9nyszerlakhelyen tartott\u00e1k, majd m\u00e9g egyszer (1943. j\u00fal.\u201343. szept.). Az Astra mv.i tagozat\u00e1nak tagja <br \/><strong>Irod.:<\/strong> S\u00e2ngeorgiu de Mure\u015f: Biserica; \u015eincan 2006.<\/br><\/p>\n","protected":false},"excerpt":{"rendered":"<p>1863., \u2020\u00a0Maroskereszt\u00far, 1948. aug. 31.: ort. pap. \u2013 Tan\u00edt\u00f3i k\u00e9pes\u00edt\u00e9st kapott (1887) \u00e9s papp\u00e1 szentelt\u00e9k (1888. m\u00e1j. 25.). Vidr\u00e1tszegen is volt lelk\u00e9sz (1905). Marosszentkir\u00e1lyban (1905\u201340) szolg\u00e1lata ideje alatt \u00e9p\u00fclt az \u00faj templom (1907). Falfestm\u00e9nyei k\u00e9s\u0151bbi id\u0151b\u0151l val\u00f3k, fest\u0151j\u00fck Dimitrie B\u0103nic\u0103 (1973), Emilian Birda\u015f p\u00fcsp\u00f6k szentelte fel (1975). A par\u00f3kia is az \u0151 idej\u00e9ben \u00e9p\u00fclt (1937). [&hellip;]<\/p>\n","protected":false},"featured_media":0,"comment_status":"open","ping_status":"closed","template":"","meta":[],"product_brand":[],"product_cat":[137],"product_tag":[],"class_list":{"0":"post-20864","1":"product","2":"type-product","3":"status-publish","5":"product_cat-maros-megyei-eletrajzi-lexikon","7":"first","8":"instock","9":"shipping-taxable","10":"product-type-simple"},"_links":{"self":[{"href":"https:\/\/uj.adatbank.ro\/lexikon\/wp-json\/wp\/v2\/product\/20864","targetHints":{"allow":["GET"]}}],"collection":[{"href":"https:\/\/uj.adatbank.ro\/lexikon\/wp-json\/wp\/v2\/product"}],"about":[{"href":"https:\/\/uj.adatbank.ro\/lexikon\/wp-json\/wp\/v2\/types\/product"}],"replies":[{"embeddable":true,"href":"https:\/\/uj.adatbank.ro\/lexikon\/wp-json\/wp\/v2\/comments?post=20864"}],"wp:attachment":[{"href":"https:\/\/uj.adatbank.ro\/lexikon\/wp-json\/wp\/v2\/media?parent=20864"}],"wp:term":[{"taxonomy":"product_brand","embeddable":true,"href":"https:\/\/uj.adatbank.ro\/lexikon\/wp-json\/wp\/v2\/product_brand?post=20864"},{"taxonomy":"product_cat","embeddable":true,"href":"https:\/\/uj.adatbank.ro\/lexikon\/wp-json\/wp\/v2\/product_cat?post=20864"},{"taxonomy":"product_tag","embeddable":true,"href":"https:\/\/uj.adatbank.ro\/lexikon\/wp-json\/wp\/v2\/product_tag?post=20864"}],"curies":[{"name":"wp","href":"https:\/\/api.w.org\/{rel}","templated":true}]}}