{"id":20865,"date":"2025-07-22T19:04:35","date_gmt":"2025-07-22T17:04:35","guid":{"rendered":"https:\/\/uj.adatbank.ro\/lexikon\/termek\/stoina-petru\/"},"modified":"2025-07-22T19:04:35","modified_gmt":"2025-07-22T17:04:35","slug":"stoina-petru","status":"publish","type":"product","link":"https:\/\/uj.adatbank.ro\/lexikon\/termek\/stoina-petru\/","title":{"rendered":"STOINA, Petru"},"content":{"rendered":"<p>1879., \u2020?: k\u00f6zjegyz\u0151, alpolg\u00e1rmester. \u2013 Feh\u00e9rtemplomban \u00e9retts\u00e9gizett, majd Kv.-on jogi doktor\u00e1tust szerzett, az \u00fcgyv\u00e9di vizsg\u00e1t Bp.-en tette le. Oravicab\u00e1ny\u00e1n \u00fcgyv\u00e9d, majd r\u00e9szt vett az els\u0151 vh.-ban, azut\u00e1n D\u00e9v\u00e1n vezet\u0151 \u00fcgy\u00e9sz (1919\u201321), Mv.-en kir. k\u00f6zjegyz\u0151 volt (1921\u2013), v\u00e1rosi tan\u00e1csos (1923\u201328), a v\u00e1rmegyei biz. tagja (1924\u201329), alpolg\u00e1rmester (1936). A mv.-i zsid\u00f3-m. tulajdonban l\u00e9v\u0151 Lesz\u00e1mol\u00e1si Bank igazgat\u00f3s\u00e1gi tagja (1924). A mv.-i \u00e9s brass\u00f3i \u00edt\u00e9l\u0151t\u00e1bla ter\u00fclet\u00e9n l\u00e9v\u0151 k\u00f6zjegyz\u0151i kamara eln\u00f6ke, az Astra tagja, egyh\u00e1zi tan\u00e1csos, a Liber\u00e1lis P\u00e1rt tagja volt. Jogi \u00e9s t\u00e1rsadalmi k\u00e9rd\u00e9sekr\u0151l cikkei jelentek meg. <br \/><strong>Irod.:<\/strong> Almanah Tg.M.; Id\u0151t\u00e1r 3; Ki kicsoda?; Pan\u0103.<\/br><\/p>\n","protected":false},"excerpt":{"rendered":"<p>1879., \u2020?: k\u00f6zjegyz\u0151, alpolg\u00e1rmester. \u2013 Feh\u00e9rtemplomban \u00e9retts\u00e9gizett, majd Kv.-on jogi doktor\u00e1tust szerzett, az \u00fcgyv\u00e9di vizsg\u00e1t Bp.-en tette le. Oravicab\u00e1ny\u00e1n \u00fcgyv\u00e9d, majd r\u00e9szt vett az els\u0151 vh.-ban, azut\u00e1n D\u00e9v\u00e1n vezet\u0151 \u00fcgy\u00e9sz (1919\u201321), Mv.-en kir. k\u00f6zjegyz\u0151 volt (1921\u2013), v\u00e1rosi tan\u00e1csos (1923\u201328), a v\u00e1rmegyei biz. tagja (1924\u201329), alpolg\u00e1rmester (1936). A mv.-i zsid\u00f3-m. tulajdonban l\u00e9v\u0151 Lesz\u00e1mol\u00e1si Bank igazgat\u00f3s\u00e1gi tagja [&hellip;]<\/p>\n","protected":false},"featured_media":0,"comment_status":"open","ping_status":"closed","template":"","meta":[],"product_brand":[],"product_cat":[137],"product_tag":[],"class_list":{"0":"post-20865","1":"product","2":"type-product","3":"status-publish","5":"product_cat-maros-megyei-eletrajzi-lexikon","7":"first","8":"instock","9":"shipping-taxable","10":"product-type-simple"},"_links":{"self":[{"href":"https:\/\/uj.adatbank.ro\/lexikon\/wp-json\/wp\/v2\/product\/20865","targetHints":{"allow":["GET"]}}],"collection":[{"href":"https:\/\/uj.adatbank.ro\/lexikon\/wp-json\/wp\/v2\/product"}],"about":[{"href":"https:\/\/uj.adatbank.ro\/lexikon\/wp-json\/wp\/v2\/types\/product"}],"replies":[{"embeddable":true,"href":"https:\/\/uj.adatbank.ro\/lexikon\/wp-json\/wp\/v2\/comments?post=20865"}],"wp:attachment":[{"href":"https:\/\/uj.adatbank.ro\/lexikon\/wp-json\/wp\/v2\/media?parent=20865"}],"wp:term":[{"taxonomy":"product_brand","embeddable":true,"href":"https:\/\/uj.adatbank.ro\/lexikon\/wp-json\/wp\/v2\/product_brand?post=20865"},{"taxonomy":"product_cat","embeddable":true,"href":"https:\/\/uj.adatbank.ro\/lexikon\/wp-json\/wp\/v2\/product_cat?post=20865"},{"taxonomy":"product_tag","embeddable":true,"href":"https:\/\/uj.adatbank.ro\/lexikon\/wp-json\/wp\/v2\/product_tag?post=20865"}],"curies":[{"name":"wp","href":"https:\/\/api.w.org\/{rel}","templated":true}]}}