{"id":20867,"date":"2025-07-22T19:04:39","date_gmt":"2025-07-22T17:04:39","guid":{"rendered":"https:\/\/uj.adatbank.ro\/lexikon\/termek\/stojka-gabriel\/"},"modified":"2025-07-22T19:04:39","modified_gmt":"2025-07-22T17:04:39","slug":"stojka-gabriel","status":"publish","type":"product","link":"https:\/\/uj.adatbank.ro\/lexikon\/termek\/stojka-gabriel\/","title":{"rendered":"STOJKA, Gabriel"},"content":{"rendered":"<p>Kisnyulas?, \u2020?: egyetemihallgat\u00f3. \u2013 Pozsonyban III. \u00e9ves hittudom\u00e1nyi hallgat\u00f3 volt (1771. m\u00e1rc. 25.). <br \/><strong>Irod.:<\/strong> Szab\u00f3 Mikl\u00f3s 2005.<\/br><\/p>\n","protected":false},"excerpt":{"rendered":"<p>Kisnyulas?, \u2020?: egyetemihallgat\u00f3. \u2013 Pozsonyban III. \u00e9ves hittudom\u00e1nyi hallgat\u00f3 volt (1771. m\u00e1rc. 25.). Irod.: Szab\u00f3 Mikl\u00f3s 2005.<\/p>\n","protected":false},"featured_media":0,"comment_status":"open","ping_status":"closed","template":"","meta":[],"product_brand":[],"product_cat":[137],"product_tag":[],"class_list":{"0":"post-20867","1":"product","2":"type-product","3":"status-publish","5":"product_cat-maros-megyei-eletrajzi-lexikon","7":"first","8":"instock","9":"shipping-taxable","10":"product-type-simple"},"_links":{"self":[{"href":"https:\/\/uj.adatbank.ro\/lexikon\/wp-json\/wp\/v2\/product\/20867","targetHints":{"allow":["GET"]}}],"collection":[{"href":"https:\/\/uj.adatbank.ro\/lexikon\/wp-json\/wp\/v2\/product"}],"about":[{"href":"https:\/\/uj.adatbank.ro\/lexikon\/wp-json\/wp\/v2\/types\/product"}],"replies":[{"embeddable":true,"href":"https:\/\/uj.adatbank.ro\/lexikon\/wp-json\/wp\/v2\/comments?post=20867"}],"wp:attachment":[{"href":"https:\/\/uj.adatbank.ro\/lexikon\/wp-json\/wp\/v2\/media?parent=20867"}],"wp:term":[{"taxonomy":"product_brand","embeddable":true,"href":"https:\/\/uj.adatbank.ro\/lexikon\/wp-json\/wp\/v2\/product_brand?post=20867"},{"taxonomy":"product_cat","embeddable":true,"href":"https:\/\/uj.adatbank.ro\/lexikon\/wp-json\/wp\/v2\/product_cat?post=20867"},{"taxonomy":"product_tag","embeddable":true,"href":"https:\/\/uj.adatbank.ro\/lexikon\/wp-json\/wp\/v2\/product_tag?post=20867"}],"curies":[{"name":"wp","href":"https:\/\/api.w.org\/{rel}","templated":true}]}}