{"id":20868,"date":"2025-07-22T19:04:42","date_gmt":"2025-07-22T17:04:42","guid":{"rendered":"https:\/\/uj.adatbank.ro\/lexikon\/termek\/stolzenberg-friedrich-wilhelm\/"},"modified":"2025-07-22T19:04:42","modified_gmt":"2025-07-22T17:04:42","slug":"stolzenberg-friedrich-wilhelm","status":"publish","type":"product","link":"https:\/\/uj.adatbank.ro\/lexikon\/termek\/stolzenberg-friedrich-wilhelm\/","title":{"rendered":"STOLZENBERG, Friedrich Wilhelm"},"content":{"rendered":"<p>Sz\u00e1szr\u00e9gen, 1880. m\u00e1rc. 14. \u2020 1914. v\u00e9g\u00e9n: katonatiszt. \u2013 Besorozt\u00e1k a m. hadsereg Ritter von Affenberg 64. ezred\u00e9be, ahol f\u0151hadnagyi rangig emelkedett (1909. m\u00e1j.1.\u2013). R\u00e9szt vett az I. vh. harcaiban, ismeretlen helyen esett el. <strong>Kit\u00fcntet\u00e9sei:<\/strong> Jubileumi Katonai Kereszt; Bosznia Hercegovina eml\u00e9k\u00e9rem. <br \/><strong>Irod.:<\/strong> Reghin, militari.<\/br><\/p>\n","protected":false},"excerpt":{"rendered":"<p>Sz\u00e1szr\u00e9gen, 1880. m\u00e1rc. 14. \u2020 1914. v\u00e9g\u00e9n: katonatiszt. \u2013 Besorozt\u00e1k a m. hadsereg Ritter von Affenberg 64. ezred\u00e9be, ahol f\u0151hadnagyi rangig emelkedett (1909. m\u00e1j.1.\u2013). R\u00e9szt vett az I. vh. harcaiban, ismeretlen helyen esett el. Kit\u00fcntet\u00e9sei: Jubileumi Katonai Kereszt; Bosznia Hercegovina eml\u00e9k\u00e9rem. Irod.: Reghin, militari.<\/p>\n","protected":false},"featured_media":0,"comment_status":"open","ping_status":"closed","template":"","meta":[],"product_brand":[],"product_cat":[137],"product_tag":[],"class_list":{"0":"post-20868","1":"product","2":"type-product","3":"status-publish","5":"product_cat-maros-megyei-eletrajzi-lexikon","7":"first","8":"instock","9":"shipping-taxable","10":"product-type-simple"},"_links":{"self":[{"href":"https:\/\/uj.adatbank.ro\/lexikon\/wp-json\/wp\/v2\/product\/20868","targetHints":{"allow":["GET"]}}],"collection":[{"href":"https:\/\/uj.adatbank.ro\/lexikon\/wp-json\/wp\/v2\/product"}],"about":[{"href":"https:\/\/uj.adatbank.ro\/lexikon\/wp-json\/wp\/v2\/types\/product"}],"replies":[{"embeddable":true,"href":"https:\/\/uj.adatbank.ro\/lexikon\/wp-json\/wp\/v2\/comments?post=20868"}],"wp:attachment":[{"href":"https:\/\/uj.adatbank.ro\/lexikon\/wp-json\/wp\/v2\/media?parent=20868"}],"wp:term":[{"taxonomy":"product_brand","embeddable":true,"href":"https:\/\/uj.adatbank.ro\/lexikon\/wp-json\/wp\/v2\/product_brand?post=20868"},{"taxonomy":"product_cat","embeddable":true,"href":"https:\/\/uj.adatbank.ro\/lexikon\/wp-json\/wp\/v2\/product_cat?post=20868"},{"taxonomy":"product_tag","embeddable":true,"href":"https:\/\/uj.adatbank.ro\/lexikon\/wp-json\/wp\/v2\/product_tag?post=20868"}],"curies":[{"name":"wp","href":"https:\/\/api.w.org\/{rel}","templated":true}]}}