{"id":20869,"date":"2025-07-22T19:04:44","date_gmt":"2025-07-22T17:04:44","guid":{"rendered":"https:\/\/uj.adatbank.ro\/lexikon\/termek\/stoss-johannes\/"},"modified":"2025-07-22T19:04:44","modified_gmt":"2025-07-22T17:04:44","slug":"stoss-johannes","status":"publish","type":"product","link":"https:\/\/uj.adatbank.ro\/lexikon\/termek\/stoss-johannes\/","title":{"rendered":"STOSS, Johannes"},"content":{"rendered":"<p>?: \u2020Segesv\u00e1r, 1530. szept. 5.: olt\u00e1rfest\u0151. \u2013 Veit Stoss, eur\u00f3pai h\u00edr\u0171 szobr\u00e1sz fia, aki sz\u00e1mos maradand\u00f3 m\u0171vet alkotott (16. sz.). Feles\u00e9ge Magdalena, fiaik: Franciscus, Emericus, Gregorius. \u2013 N\u00e9meto.-, Lengyelo.-ban \u00e9s Erd\u00e9lyben, ahol Segesv\u00e1ron dolgozott \u00e9s itt Segesv\u00e1ron tal\u00e1lhat\u00f3 a legt\u00f6bb megmaradt 16.-ik sz\u00e1zadi alkot\u00e1sa. <br \/><strong>Irod.:<\/strong> \u00c9ber; Ferenczi S\u00e1ndor: War Siebenb\u00fcrgen in der Kunst ein Ganz Verschlossenes Land und Konservativ bis aufs \u00c4usserste? (Klausenburg, 1933); Firea\u2013Pop; Forster; Moln\u00e1r; Sighi\u015foara.<\/br><\/p>\n","protected":false},"excerpt":{"rendered":"<p>?: \u2020Segesv\u00e1r, 1530. szept. 5.: olt\u00e1rfest\u0151. \u2013 Veit Stoss, eur\u00f3pai h\u00edr\u0171 szobr\u00e1sz fia, aki sz\u00e1mos maradand\u00f3 m\u0171vet alkotott (16. sz.). Feles\u00e9ge Magdalena, fiaik: Franciscus, Emericus, Gregorius. \u2013 N\u00e9meto.-, Lengyelo.-ban \u00e9s Erd\u00e9lyben, ahol Segesv\u00e1ron dolgozott \u00e9s itt Segesv\u00e1ron tal\u00e1lhat\u00f3 a legt\u00f6bb megmaradt 16.-ik sz\u00e1zadi alkot\u00e1sa. Irod.: \u00c9ber; Ferenczi S\u00e1ndor: War Siebenb\u00fcrgen in der Kunst ein Ganz [&hellip;]<\/p>\n","protected":false},"featured_media":0,"comment_status":"open","ping_status":"closed","template":"","meta":[],"product_brand":[],"product_cat":[137],"product_tag":[],"class_list":{"0":"post-20869","1":"product","2":"type-product","3":"status-publish","5":"product_cat-maros-megyei-eletrajzi-lexikon","7":"first","8":"instock","9":"shipping-taxable","10":"product-type-simple"},"_links":{"self":[{"href":"https:\/\/uj.adatbank.ro\/lexikon\/wp-json\/wp\/v2\/product\/20869","targetHints":{"allow":["GET"]}}],"collection":[{"href":"https:\/\/uj.adatbank.ro\/lexikon\/wp-json\/wp\/v2\/product"}],"about":[{"href":"https:\/\/uj.adatbank.ro\/lexikon\/wp-json\/wp\/v2\/types\/product"}],"replies":[{"embeddable":true,"href":"https:\/\/uj.adatbank.ro\/lexikon\/wp-json\/wp\/v2\/comments?post=20869"}],"wp:attachment":[{"href":"https:\/\/uj.adatbank.ro\/lexikon\/wp-json\/wp\/v2\/media?parent=20869"}],"wp:term":[{"taxonomy":"product_brand","embeddable":true,"href":"https:\/\/uj.adatbank.ro\/lexikon\/wp-json\/wp\/v2\/product_brand?post=20869"},{"taxonomy":"product_cat","embeddable":true,"href":"https:\/\/uj.adatbank.ro\/lexikon\/wp-json\/wp\/v2\/product_cat?post=20869"},{"taxonomy":"product_tag","embeddable":true,"href":"https:\/\/uj.adatbank.ro\/lexikon\/wp-json\/wp\/v2\/product_tag?post=20869"}],"curies":[{"name":"wp","href":"https:\/\/api.w.org\/{rel}","templated":true}]}}