{"id":2087,"date":"2025-06-28T12:03:25","date_gmt":"2025-06-28T10:03:25","guid":{"rendered":"https:\/\/uj.adatbank.ro\/lexikon\/termek\/balogh-laszlo-4\/"},"modified":"2025-06-28T12:03:25","modified_gmt":"2025-06-28T10:03:25","slug":"balogh-laszlo-4","status":"publish","type":"product","link":"https:\/\/uj.adatbank.ro\/lexikon\/termek\/balogh-laszlo-4\/","title":{"rendered":"BALOGH L\u00e1szl\u00f3"},"content":{"rendered":"<p>? \u2020 Mv., 2008. szept. 3.: tan\u00e1r. \u2013 A Bolyai Farkas Elm\u00e9leti L\u00edc. tan\u00e1ra volt. <br \/><strong>Irod.:<\/strong> [Nekrol\u00f3g](N\u00fa., 2008. szept. 3.)<\/br><\/p>\n","protected":false},"excerpt":{"rendered":"<p>? \u2020 Mv., 2008. szept. 3.: tan\u00e1r. \u2013 A Bolyai Farkas Elm\u00e9leti L\u00edc. tan\u00e1ra volt. Irod.: [Nekrol\u00f3g](N\u00fa., 2008. szept. 3.)<\/p>\n","protected":false},"featured_media":0,"comment_status":"open","ping_status":"closed","template":"","meta":[],"product_brand":[],"product_cat":[137],"product_tag":[],"class_list":{"0":"post-2087","1":"product","2":"type-product","3":"status-publish","5":"product_cat-maros-megyei-eletrajzi-lexikon","7":"first","8":"instock","9":"shipping-taxable","10":"product-type-simple"},"_links":{"self":[{"href":"https:\/\/uj.adatbank.ro\/lexikon\/wp-json\/wp\/v2\/product\/2087","targetHints":{"allow":["GET"]}}],"collection":[{"href":"https:\/\/uj.adatbank.ro\/lexikon\/wp-json\/wp\/v2\/product"}],"about":[{"href":"https:\/\/uj.adatbank.ro\/lexikon\/wp-json\/wp\/v2\/types\/product"}],"replies":[{"embeddable":true,"href":"https:\/\/uj.adatbank.ro\/lexikon\/wp-json\/wp\/v2\/comments?post=2087"}],"wp:attachment":[{"href":"https:\/\/uj.adatbank.ro\/lexikon\/wp-json\/wp\/v2\/media?parent=2087"}],"wp:term":[{"taxonomy":"product_brand","embeddable":true,"href":"https:\/\/uj.adatbank.ro\/lexikon\/wp-json\/wp\/v2\/product_brand?post=2087"},{"taxonomy":"product_cat","embeddable":true,"href":"https:\/\/uj.adatbank.ro\/lexikon\/wp-json\/wp\/v2\/product_cat?post=2087"},{"taxonomy":"product_tag","embeddable":true,"href":"https:\/\/uj.adatbank.ro\/lexikon\/wp-json\/wp\/v2\/product_tag?post=2087"}],"curies":[{"name":"wp","href":"https:\/\/api.w.org\/{rel}","templated":true}]}}