{"id":20870,"date":"2025-07-22T19:04:46","date_gmt":"2025-07-22T17:04:46","guid":{"rendered":"https:\/\/uj.adatbank.ro\/lexikon\/termek\/stoss-veit\/"},"modified":"2025-07-22T19:04:46","modified_gmt":"2025-07-22T17:04:46","slug":"stoss-veit","status":"publish","type":"product","link":"https:\/\/uj.adatbank.ro\/lexikon\/termek\/stoss-veit\/","title":{"rendered":"STOSS Veit"},"content":{"rendered":"<p>N\u00fcrnberg, 1438 k.\u2020 N\u00fcrnberg, 1519\u20131525 n\u00e9met szobr\u00e1sz, fest\u0151. \u2013 A k\u00e9s\u0151 k\u00f6z\u00e9pkori szobr\u00e1szat legf\u00e9nyesebb csillaga. Nagyszebenben \u00e9lt amikor Apafi Mikl\u00f3s megrendel\u00e9s\u00e9re k\u00e9sz\u00edtette (1486) a mv.-i ferences templom r\u00e9sz\u00e9re a Ny\u00e1r\u00e1dmenti fesz\u00fclet n\u00e9ven ismert m\u0171alkot\u00e1st. A ferencesek j\u00e1szber\u00e9nyi k\u00f6zgy\u0171l\u00e9se enged\u00e9lyezte hogy a m\u0171alkot\u00e1st a v\u00e1rtemplomban helyezz\u00e9k el (1537). A reform\u00e1ci\u00f3 idej\u00e9n a fesz\u00fcletet elt\u00e1vol\u00edtott\u00e1k, a hagyom\u00e1ny szerint egy kat. h\u00edv\u0151 mentette meg kihal\u00e1szva egy t\u00f3b\u00f3l \u00e9s elsz\u00e1ll\u00edtotta a fels\u0151ny\u00e1r\u00e1dmenti Szentf\u00f6ldre. A mikh\u00e1zi kolostor megalap\u00edt\u00e1sa ut\u00e1n ott \u0151rizt\u00e9k, majd a ny\u00e1r\u00e1dremetei templomba ker\u00fclt (1908\u2013). \u0150 faragta a segesv\u00e1ri olt\u00e1rt \u00e9s m\u00e9g h\u00e9t olt\u00e1rk\u00e9pet sorolnak m\u0171vei k\u00f6z\u00e9, legjelent\u0151sebb a sz\u00e1szsebesi f\u0151olt\u00e1r nyolc t\u00e1blak\u00e9pe (1524). Fiai Martin \u00e9s Johann Segesv\u00e1ron dolgoztak. <br \/><strong>Irod.:<\/strong> \u00c9ber; Ferenczi S\u00e1ndor: War Siebenb\u00fcrgen in der Kunst ein Ganz Verschlossenes Land und Konservativ bis aufs \u00c4usserste? (Klausenburg, 1933); Kampis Antal: Magyar faszobrok (Bp., 1939); LSS; Maros megye; Moln\u00e1r; P\u00e1l-Antal 2009; Firea-Pop.<\/br><\/p>\n","protected":false},"excerpt":{"rendered":"<p>N\u00fcrnberg, 1438 k.\u2020 N\u00fcrnberg, 1519\u20131525 n\u00e9met szobr\u00e1sz, fest\u0151. \u2013 A k\u00e9s\u0151 k\u00f6z\u00e9pkori szobr\u00e1szat legf\u00e9nyesebb csillaga. Nagyszebenben \u00e9lt amikor Apafi Mikl\u00f3s megrendel\u00e9s\u00e9re k\u00e9sz\u00edtette (1486) a mv.-i ferences templom r\u00e9sz\u00e9re a Ny\u00e1r\u00e1dmenti fesz\u00fclet n\u00e9ven ismert m\u0171alkot\u00e1st. A ferencesek j\u00e1szber\u00e9nyi k\u00f6zgy\u0171l\u00e9se enged\u00e9lyezte hogy a m\u0171alkot\u00e1st a v\u00e1rtemplomban helyezz\u00e9k el (1537). A reform\u00e1ci\u00f3 idej\u00e9n a fesz\u00fcletet elt\u00e1vol\u00edtott\u00e1k, a hagyom\u00e1ny [&hellip;]<\/p>\n","protected":false},"featured_media":0,"comment_status":"open","ping_status":"closed","template":"","meta":[],"product_brand":[],"product_cat":[137],"product_tag":[],"class_list":{"0":"post-20870","1":"product","2":"type-product","3":"status-publish","5":"product_cat-maros-megyei-eletrajzi-lexikon","7":"first","8":"instock","9":"shipping-taxable","10":"product-type-simple"},"_links":{"self":[{"href":"https:\/\/uj.adatbank.ro\/lexikon\/wp-json\/wp\/v2\/product\/20870","targetHints":{"allow":["GET"]}}],"collection":[{"href":"https:\/\/uj.adatbank.ro\/lexikon\/wp-json\/wp\/v2\/product"}],"about":[{"href":"https:\/\/uj.adatbank.ro\/lexikon\/wp-json\/wp\/v2\/types\/product"}],"replies":[{"embeddable":true,"href":"https:\/\/uj.adatbank.ro\/lexikon\/wp-json\/wp\/v2\/comments?post=20870"}],"wp:attachment":[{"href":"https:\/\/uj.adatbank.ro\/lexikon\/wp-json\/wp\/v2\/media?parent=20870"}],"wp:term":[{"taxonomy":"product_brand","embeddable":true,"href":"https:\/\/uj.adatbank.ro\/lexikon\/wp-json\/wp\/v2\/product_brand?post=20870"},{"taxonomy":"product_cat","embeddable":true,"href":"https:\/\/uj.adatbank.ro\/lexikon\/wp-json\/wp\/v2\/product_cat?post=20870"},{"taxonomy":"product_tag","embeddable":true,"href":"https:\/\/uj.adatbank.ro\/lexikon\/wp-json\/wp\/v2\/product_tag?post=20870"}],"curies":[{"name":"wp","href":"https:\/\/api.w.org\/{rel}","templated":true}]}}