{"id":20871,"date":"2025-07-22T19:04:49","date_gmt":"2025-07-22T17:04:49","guid":{"rendered":"https:\/\/uj.adatbank.ro\/lexikon\/termek\/stoss-veit-johann\/"},"modified":"2025-07-22T19:04:49","modified_gmt":"2025-07-22T17:04:49","slug":"stoss-veit-johann","status":"publish","type":"product","link":"https:\/\/uj.adatbank.ro\/lexikon\/termek\/stoss-veit-johann\/","title":{"rendered":"STOSS VEIT, Johann"},"content":{"rendered":"<p>1460., \u2020 Brass\u00f3, 1531: szobr\u00e1sz, fest\u0151. \u2013 Brass\u00f3ban \u00e9lt, a Curtea de Arges-i sz\u00e9kesegyh\u00e1zon, Berethalmon (1526), majd Segesv\u00e1ron dolgozott. <br \/><strong>Irod.:<\/strong> \u00c9ber; Ferenczi S\u00e1ndor: War Siebenb\u00fcrgen in der Kunst ein Ganz Verschlossenes Land und Konservativ bis aufs Ausserste? (Klausenburg, 1933); Kampis Antal: Magyar faszobrok (Bp., 1939); LSS; Moln\u00e1r.<\/br><\/p>\n","protected":false},"excerpt":{"rendered":"<p>1460., \u2020 Brass\u00f3, 1531: szobr\u00e1sz, fest\u0151. \u2013 Brass\u00f3ban \u00e9lt, a Curtea de Arges-i sz\u00e9kesegyh\u00e1zon, Berethalmon (1526), majd Segesv\u00e1ron dolgozott. Irod.: \u00c9ber; Ferenczi S\u00e1ndor: War Siebenb\u00fcrgen in der Kunst ein Ganz Verschlossenes Land und Konservativ bis aufs Ausserste? (Klausenburg, 1933); Kampis Antal: Magyar faszobrok (Bp., 1939); LSS; Moln\u00e1r.<\/p>\n","protected":false},"featured_media":0,"comment_status":"open","ping_status":"closed","template":"","meta":[],"product_brand":[],"product_cat":[137],"product_tag":[],"class_list":{"0":"post-20871","1":"product","2":"type-product","3":"status-publish","5":"product_cat-maros-megyei-eletrajzi-lexikon","7":"first","8":"instock","9":"shipping-taxable","10":"product-type-simple"},"_links":{"self":[{"href":"https:\/\/uj.adatbank.ro\/lexikon\/wp-json\/wp\/v2\/product\/20871","targetHints":{"allow":["GET"]}}],"collection":[{"href":"https:\/\/uj.adatbank.ro\/lexikon\/wp-json\/wp\/v2\/product"}],"about":[{"href":"https:\/\/uj.adatbank.ro\/lexikon\/wp-json\/wp\/v2\/types\/product"}],"replies":[{"embeddable":true,"href":"https:\/\/uj.adatbank.ro\/lexikon\/wp-json\/wp\/v2\/comments?post=20871"}],"wp:attachment":[{"href":"https:\/\/uj.adatbank.ro\/lexikon\/wp-json\/wp\/v2\/media?parent=20871"}],"wp:term":[{"taxonomy":"product_brand","embeddable":true,"href":"https:\/\/uj.adatbank.ro\/lexikon\/wp-json\/wp\/v2\/product_brand?post=20871"},{"taxonomy":"product_cat","embeddable":true,"href":"https:\/\/uj.adatbank.ro\/lexikon\/wp-json\/wp\/v2\/product_cat?post=20871"},{"taxonomy":"product_tag","embeddable":true,"href":"https:\/\/uj.adatbank.ro\/lexikon\/wp-json\/wp\/v2\/product_tag?post=20871"}],"curies":[{"name":"wp","href":"https:\/\/api.w.org\/{rel}","templated":true}]}}