{"id":20873,"date":"2025-07-22T19:04:52","date_gmt":"2025-07-22T17:04:52","guid":{"rendered":"https:\/\/uj.adatbank.ro\/lexikon\/termek\/straetz-herman-strecz\/"},"modified":"2025-07-22T19:04:52","modified_gmt":"2025-07-22T17:04:52","slug":"straetz-herman-strecz","status":"publish","type":"product","link":"https:\/\/uj.adatbank.ro\/lexikon\/termek\/straetz-herman-strecz\/","title":{"rendered":"STRAETZ Herman, Strecz"},"content":{"rendered":"<p>? \u2020?: gy\u00e1ros, h\u00e1ztulajdonos. \u2013 Fel\u00e9p\u00edttette Mv.-en Lobensusz J\u00f3zsef \u00e1ltal tervezett \u00e9s P\u00e1lfi Domokos \u00e9p\u00edt\u00e9szmester \u00e1ltal kivitelezett, szecesszi\u00f3s st\u00edlus\u00fa k\u00e9temeletes lak\u00f3h\u00e1zat ( Gy\u0151zelem t\u00e9r 31 sz.). A m\u00e1sodik emeletet Bern\u00e1dy Gy\u00f6rgy polg\u00e1rmester k\u00e9r\u00e9s\u00e9re h\u00fazt\u00e1k a h\u00e1zra, mert \u00fagy tal\u00e1lta m\u00e9lt\u00f3nak, hogy az \u00faj V\u00e1rosh\u00e1za \u00e9s Kult\u00farpalota k\u00f6r\u00fcl mark\u00e1ns h\u00e1zaknak kell \u00e1llniuk (1909). Meggyesfalv\u00e1n volt v\u00e1llalkoz\u00e1sa, Straetz Herman \u00e9s T\u00e1rsai Els\u0151 Magyar Tengeri Term\u00e9kek gy\u00e1ra (1901), amelyben kem\u00e9ny\u00edt\u0151t, sz\u00f6rp\u00f6t, sz\u0151l\u0151cukrot \u00e9s takarm\u00e1nyt \u00e1ll\u00edtottak el\u0151. Ipartelepe cs\u0151dbe ment (1919). A Marmarosch Bank megv\u00e1s\u00e1rolta a kem\u00e9ny\u00edt\u0151gy\u00e1r\u00e1t (1921) <br \/><strong>Irod.:<\/strong> Barab\u00e1s Endre; Id\u0151t\u00e1r 3; Man: Tg.M.<\/br><\/p>\n","protected":false},"excerpt":{"rendered":"<p>? \u2020?: gy\u00e1ros, h\u00e1ztulajdonos. \u2013 Fel\u00e9p\u00edttette Mv.-en Lobensusz J\u00f3zsef \u00e1ltal tervezett \u00e9s P\u00e1lfi Domokos \u00e9p\u00edt\u00e9szmester \u00e1ltal kivitelezett, szecesszi\u00f3s st\u00edlus\u00fa k\u00e9temeletes lak\u00f3h\u00e1zat ( Gy\u0151zelem t\u00e9r 31 sz.). A m\u00e1sodik emeletet Bern\u00e1dy Gy\u00f6rgy polg\u00e1rmester k\u00e9r\u00e9s\u00e9re h\u00fazt\u00e1k a h\u00e1zra, mert \u00fagy tal\u00e1lta m\u00e9lt\u00f3nak, hogy az \u00faj V\u00e1rosh\u00e1za \u00e9s Kult\u00farpalota k\u00f6r\u00fcl mark\u00e1ns h\u00e1zaknak kell \u00e1llniuk (1909). Meggyesfalv\u00e1n volt v\u00e1llalkoz\u00e1sa, [&hellip;]<\/p>\n","protected":false},"featured_media":0,"comment_status":"open","ping_status":"closed","template":"","meta":[],"product_brand":[],"product_cat":[137],"product_tag":[],"class_list":{"0":"post-20873","1":"product","2":"type-product","3":"status-publish","5":"product_cat-maros-megyei-eletrajzi-lexikon","7":"first","8":"instock","9":"shipping-taxable","10":"product-type-simple"},"_links":{"self":[{"href":"https:\/\/uj.adatbank.ro\/lexikon\/wp-json\/wp\/v2\/product\/20873","targetHints":{"allow":["GET"]}}],"collection":[{"href":"https:\/\/uj.adatbank.ro\/lexikon\/wp-json\/wp\/v2\/product"}],"about":[{"href":"https:\/\/uj.adatbank.ro\/lexikon\/wp-json\/wp\/v2\/types\/product"}],"replies":[{"embeddable":true,"href":"https:\/\/uj.adatbank.ro\/lexikon\/wp-json\/wp\/v2\/comments?post=20873"}],"wp:attachment":[{"href":"https:\/\/uj.adatbank.ro\/lexikon\/wp-json\/wp\/v2\/media?parent=20873"}],"wp:term":[{"taxonomy":"product_brand","embeddable":true,"href":"https:\/\/uj.adatbank.ro\/lexikon\/wp-json\/wp\/v2\/product_brand?post=20873"},{"taxonomy":"product_cat","embeddable":true,"href":"https:\/\/uj.adatbank.ro\/lexikon\/wp-json\/wp\/v2\/product_cat?post=20873"},{"taxonomy":"product_tag","embeddable":true,"href":"https:\/\/uj.adatbank.ro\/lexikon\/wp-json\/wp\/v2\/product_tag?post=20873"}],"curies":[{"name":"wp","href":"https:\/\/api.w.org\/{rel}","templated":true}]}}