{"id":20874,"date":"2025-07-22T19:04:54","date_gmt":"2025-07-22T17:04:54","guid":{"rendered":"https:\/\/uj.adatbank.ro\/lexikon\/termek\/straetz-hermann\/"},"modified":"2025-07-22T19:04:54","modified_gmt":"2025-07-22T17:04:54","slug":"straetz-hermann","status":"publish","type":"product","link":"https:\/\/uj.adatbank.ro\/lexikon\/termek\/straetz-hermann\/","title":{"rendered":"STRAETZ Hermann"},"content":{"rendered":"<p>? \u2020?: nagyiparos. \u2013 Meggyesfalv\u00e1n voltak a gy\u00e1rai: szeszgy\u00e1r- \u00e9s szeszfinom\u00edt\u00f3, t\u00e9glagy\u00e1r, sz\u00f6rp\u00fczem. Virilista (1910), cs\u0151dbe ment (1912). EMKE alap\u00edt\u00f3 \u00e9s \u00f6r\u00f6k\u00f6s tag (1885\u2013). <br \/><strong>Irod.:<\/strong> Id\u0151t\u00e1r 2; Popa; S\u00e1ndor; Szter\u00e9nyi.<\/br><\/p>\n","protected":false},"excerpt":{"rendered":"<p>? \u2020?: nagyiparos. \u2013 Meggyesfalv\u00e1n voltak a gy\u00e1rai: szeszgy\u00e1r- \u00e9s szeszfinom\u00edt\u00f3, t\u00e9glagy\u00e1r, sz\u00f6rp\u00fczem. Virilista (1910), cs\u0151dbe ment (1912). EMKE alap\u00edt\u00f3 \u00e9s \u00f6r\u00f6k\u00f6s tag (1885\u2013). Irod.: Id\u0151t\u00e1r 2; Popa; S\u00e1ndor; Szter\u00e9nyi.<\/p>\n","protected":false},"featured_media":0,"comment_status":"open","ping_status":"closed","template":"","meta":[],"product_brand":[],"product_cat":[137],"product_tag":[],"class_list":{"0":"post-20874","1":"product","2":"type-product","3":"status-publish","5":"product_cat-maros-megyei-eletrajzi-lexikon","7":"first","8":"instock","9":"shipping-taxable","10":"product-type-simple"},"_links":{"self":[{"href":"https:\/\/uj.adatbank.ro\/lexikon\/wp-json\/wp\/v2\/product\/20874","targetHints":{"allow":["GET"]}}],"collection":[{"href":"https:\/\/uj.adatbank.ro\/lexikon\/wp-json\/wp\/v2\/product"}],"about":[{"href":"https:\/\/uj.adatbank.ro\/lexikon\/wp-json\/wp\/v2\/types\/product"}],"replies":[{"embeddable":true,"href":"https:\/\/uj.adatbank.ro\/lexikon\/wp-json\/wp\/v2\/comments?post=20874"}],"wp:attachment":[{"href":"https:\/\/uj.adatbank.ro\/lexikon\/wp-json\/wp\/v2\/media?parent=20874"}],"wp:term":[{"taxonomy":"product_brand","embeddable":true,"href":"https:\/\/uj.adatbank.ro\/lexikon\/wp-json\/wp\/v2\/product_brand?post=20874"},{"taxonomy":"product_cat","embeddable":true,"href":"https:\/\/uj.adatbank.ro\/lexikon\/wp-json\/wp\/v2\/product_cat?post=20874"},{"taxonomy":"product_tag","embeddable":true,"href":"https:\/\/uj.adatbank.ro\/lexikon\/wp-json\/wp\/v2\/product_tag?post=20874"}],"curies":[{"name":"wp","href":"https:\/\/api.w.org\/{rel}","templated":true}]}}