{"id":20876,"date":"2025-07-22T19:05:00","date_gmt":"2025-07-22T17:05:00","guid":{"rendered":"https:\/\/uj.adatbank.ro\/lexikon\/termek\/stranovius-jeremias-stranover\/"},"modified":"2025-07-22T19:05:00","modified_gmt":"2025-07-22T17:05:00","slug":"stranovius-jeremias-stranover","status":"publish","type":"product","link":"https:\/\/uj.adatbank.ro\/lexikon\/termek\/stranovius-jeremias-stranover\/","title":{"rendered":"STRANOVIUS Jeremi\u00e1s; Stranover"},"content":{"rendered":"<p>? \u2020?: fest\u0151, nagyszebeni mester. \u2013 A segesv\u00e1ri kolostortemplom olt\u00e1rk\u00e9peit festette (1689). A nagyszebeni Bruckenthal m\u00fazeum egy n\u0151i arck\u00e9p\u00e9t \u0151rzi. \u2013Irod.: Szinnyei \u00c9ber; Moln\u00e1r.<\/br><\/p>\n","protected":false},"excerpt":{"rendered":"<p>? \u2020?: fest\u0151, nagyszebeni mester. \u2013 A segesv\u00e1ri kolostortemplom olt\u00e1rk\u00e9peit festette (1689). A nagyszebeni Bruckenthal m\u00fazeum egy n\u0151i arck\u00e9p\u00e9t \u0151rzi. \u2013Irod.: Szinnyei \u00c9ber; Moln\u00e1r.<\/p>\n","protected":false},"featured_media":0,"comment_status":"open","ping_status":"closed","template":"","meta":[],"product_brand":[],"product_cat":[137],"product_tag":[],"class_list":{"0":"post-20876","1":"product","2":"type-product","3":"status-publish","5":"product_cat-maros-megyei-eletrajzi-lexikon","7":"first","8":"instock","9":"shipping-taxable","10":"product-type-simple"},"_links":{"self":[{"href":"https:\/\/uj.adatbank.ro\/lexikon\/wp-json\/wp\/v2\/product\/20876","targetHints":{"allow":["GET"]}}],"collection":[{"href":"https:\/\/uj.adatbank.ro\/lexikon\/wp-json\/wp\/v2\/product"}],"about":[{"href":"https:\/\/uj.adatbank.ro\/lexikon\/wp-json\/wp\/v2\/types\/product"}],"replies":[{"embeddable":true,"href":"https:\/\/uj.adatbank.ro\/lexikon\/wp-json\/wp\/v2\/comments?post=20876"}],"wp:attachment":[{"href":"https:\/\/uj.adatbank.ro\/lexikon\/wp-json\/wp\/v2\/media?parent=20876"}],"wp:term":[{"taxonomy":"product_brand","embeddable":true,"href":"https:\/\/uj.adatbank.ro\/lexikon\/wp-json\/wp\/v2\/product_brand?post=20876"},{"taxonomy":"product_cat","embeddable":true,"href":"https:\/\/uj.adatbank.ro\/lexikon\/wp-json\/wp\/v2\/product_cat?post=20876"},{"taxonomy":"product_tag","embeddable":true,"href":"https:\/\/uj.adatbank.ro\/lexikon\/wp-json\/wp\/v2\/product_tag?post=20876"}],"curies":[{"name":"wp","href":"https:\/\/api.w.org\/{rel}","templated":true}]}}