{"id":20879,"date":"2025-07-22T19:05:07","date_gmt":"2025-07-22T17:05:07","guid":{"rendered":"https:\/\/uj.adatbank.ro\/lexikon\/termek\/straubert-maria-magdolna\/"},"modified":"2025-07-22T19:05:07","modified_gmt":"2025-07-22T17:05:07","slug":"straubert-maria-magdolna","status":"publish","type":"product","link":"https:\/\/uj.adatbank.ro\/lexikon\/termek\/straubert-maria-magdolna\/","title":{"rendered":"STRAUBERT M\u00e1ria Magdolna"},"content":{"rendered":"<p>Brass\u00f3, 1926., \u2020\u00a02007.: orvos. Brass\u00f3ban \u00e9retts\u00e9gizett.:<\/br><\/p>\n","protected":false},"excerpt":{"rendered":"<p>Brass\u00f3, 1926., \u2020\u00a02007.: orvos. Brass\u00f3ban \u00e9retts\u00e9gizett.:<\/p>\n","protected":false},"featured_media":0,"comment_status":"open","ping_status":"closed","template":"","meta":[],"product_brand":[],"product_cat":[137],"product_tag":[],"class_list":{"0":"post-20879","1":"product","2":"type-product","3":"status-publish","5":"product_cat-maros-megyei-eletrajzi-lexikon","7":"first","8":"instock","9":"shipping-taxable","10":"product-type-simple"},"_links":{"self":[{"href":"https:\/\/uj.adatbank.ro\/lexikon\/wp-json\/wp\/v2\/product\/20879","targetHints":{"allow":["GET"]}}],"collection":[{"href":"https:\/\/uj.adatbank.ro\/lexikon\/wp-json\/wp\/v2\/product"}],"about":[{"href":"https:\/\/uj.adatbank.ro\/lexikon\/wp-json\/wp\/v2\/types\/product"}],"replies":[{"embeddable":true,"href":"https:\/\/uj.adatbank.ro\/lexikon\/wp-json\/wp\/v2\/comments?post=20879"}],"wp:attachment":[{"href":"https:\/\/uj.adatbank.ro\/lexikon\/wp-json\/wp\/v2\/media?parent=20879"}],"wp:term":[{"taxonomy":"product_brand","embeddable":true,"href":"https:\/\/uj.adatbank.ro\/lexikon\/wp-json\/wp\/v2\/product_brand?post=20879"},{"taxonomy":"product_cat","embeddable":true,"href":"https:\/\/uj.adatbank.ro\/lexikon\/wp-json\/wp\/v2\/product_cat?post=20879"},{"taxonomy":"product_tag","embeddable":true,"href":"https:\/\/uj.adatbank.ro\/lexikon\/wp-json\/wp\/v2\/product_tag?post=20879"}],"curies":[{"name":"wp","href":"https:\/\/api.w.org\/{rel}","templated":true}]}}