{"id":20881,"date":"2025-07-22T19:05:13","date_gmt":"2025-07-22T17:05:13","guid":{"rendered":"https:\/\/uj.adatbank.ro\/lexikon\/termek\/strete-augustin\/"},"modified":"2025-07-22T19:05:13","modified_gmt":"2025-07-22T17:05:13","slug":"strete-augustin","status":"publish","type":"product","link":"https:\/\/uj.adatbank.ro\/lexikon\/termek\/strete-augustin\/","title":{"rendered":"STRETE, Augustin"},"content":{"rendered":"<p>Mez\u0151szentm\u00e1rton, 1913. szept. 8., \u2020 Sz\u00e1szr\u00e9gen, 1987. szept. 19.: tan\u00edt\u00f3. \u2013 Tan\u00edt\u00f3k\u00e9pz\u0151t Mv.-en (1934), tiszti iskol\u00e1t Bac\u0103uban v\u00e9gzett (1935). Kisf\u00fclp\u00f6s\u00f6n tan\u00edtott (1935\u201338). Katona a 82-es t\u00fcz\u00e9rs\u00e9gi ezredben (1939\u201345), orosz fogs\u00e1gba esett. Szabadul\u00e1sa ut\u00e1n Marosfelfaluban \u00e9s L\u00f6v\u00e9ren tan\u00edtott (1945\u201350). R\u00e9genbe helyezt\u00e9k az I.-es sz. K\u00f6z\u00e9piskol\u00e1ba zenetan\u00e1rnak \u00e9s aligazgat\u00f3nak, majd a Zeneiskola igazgat\u00f3ja lett nyugd\u00edjaz\u00e1s\u00e1ig (1958. okt. 1. \u2013 74). Nev\u00e9hez f\u0171z\u0151dik a legt\u00f6bb megval\u00f3s\u00edt\u00e1s: megfelel\u0151 \u00e9p\u00fclet szerz\u00e9se, hangszerek \u00e9s tank\u00f6nyvek beszerz\u00e9se, megfelel\u0151 taner\u0151k toborz\u00e1sa stb. R\u00e9gen v\u00e1ros zenei \u00e9let\u00e9nek a szervez\u0151je volt, k\u00f3rusokat \u00e9s ifj\u00fas\u00e1gi zenekarokat l\u00e9tes\u00edtett, amelyekkel a korabeli versenyeken \u00e9s fesztiv\u00e1lokon szerepelt; zenei t\u00e1rgy\u00fa szimp\u00f3ziumokat szervezett. L\u00e9trehozta a taner\u0151k szemiszimfonikus zenekar\u00e1t, amellyel R\u00e9genben, Dics\u0151ben, Medgyesen kocertezett. Kit\u00fcntett\u00e9k a Munka \u00c9rdemrend (\u201eOrdinul Mucii\u201d), III. fokozat \u00c9rdemrenddel (1969). <br \/><strong>Irod.:<\/strong> Costea 1999; Dasc\u0103li mure\u015feni, 4.<\/br><\/p>\n","protected":false},"excerpt":{"rendered":"<p>Mez\u0151szentm\u00e1rton, 1913. szept. 8., \u2020 Sz\u00e1szr\u00e9gen, 1987. szept. 19.: tan\u00edt\u00f3. \u2013 Tan\u00edt\u00f3k\u00e9pz\u0151t Mv.-en (1934), tiszti iskol\u00e1t Bac\u0103uban v\u00e9gzett (1935). Kisf\u00fclp\u00f6s\u00f6n tan\u00edtott (1935\u201338). Katona a 82-es t\u00fcz\u00e9rs\u00e9gi ezredben (1939\u201345), orosz fogs\u00e1gba esett. Szabadul\u00e1sa ut\u00e1n Marosfelfaluban \u00e9s L\u00f6v\u00e9ren tan\u00edtott (1945\u201350). R\u00e9genbe helyezt\u00e9k az I.-es sz. K\u00f6z\u00e9piskol\u00e1ba zenetan\u00e1rnak \u00e9s aligazgat\u00f3nak, majd a Zeneiskola igazgat\u00f3ja lett nyugd\u00edjaz\u00e1s\u00e1ig (1958. okt. [&hellip;]<\/p>\n","protected":false},"featured_media":0,"comment_status":"open","ping_status":"closed","template":"","meta":[],"product_brand":[],"product_cat":[137],"product_tag":[],"class_list":{"0":"post-20881","1":"product","2":"type-product","3":"status-publish","5":"product_cat-maros-megyei-eletrajzi-lexikon","7":"first","8":"instock","9":"shipping-taxable","10":"product-type-simple"},"_links":{"self":[{"href":"https:\/\/uj.adatbank.ro\/lexikon\/wp-json\/wp\/v2\/product\/20881","targetHints":{"allow":["GET"]}}],"collection":[{"href":"https:\/\/uj.adatbank.ro\/lexikon\/wp-json\/wp\/v2\/product"}],"about":[{"href":"https:\/\/uj.adatbank.ro\/lexikon\/wp-json\/wp\/v2\/types\/product"}],"replies":[{"embeddable":true,"href":"https:\/\/uj.adatbank.ro\/lexikon\/wp-json\/wp\/v2\/comments?post=20881"}],"wp:attachment":[{"href":"https:\/\/uj.adatbank.ro\/lexikon\/wp-json\/wp\/v2\/media?parent=20881"}],"wp:term":[{"taxonomy":"product_brand","embeddable":true,"href":"https:\/\/uj.adatbank.ro\/lexikon\/wp-json\/wp\/v2\/product_brand?post=20881"},{"taxonomy":"product_cat","embeddable":true,"href":"https:\/\/uj.adatbank.ro\/lexikon\/wp-json\/wp\/v2\/product_cat?post=20881"},{"taxonomy":"product_tag","embeddable":true,"href":"https:\/\/uj.adatbank.ro\/lexikon\/wp-json\/wp\/v2\/product_tag?post=20881"}],"curies":[{"name":"wp","href":"https:\/\/api.w.org\/{rel}","templated":true}]}}