{"id":20882,"date":"2025-07-22T19:05:15","date_gmt":"2025-07-22T17:05:15","guid":{"rendered":"https:\/\/uj.adatbank.ro\/lexikon\/termek\/strete-ioan\/"},"modified":"2025-07-22T19:05:15","modified_gmt":"2025-07-22T17:05:15","slug":"strete-ioan","status":"publish","type":"product","link":"https:\/\/uj.adatbank.ro\/lexikon\/termek\/strete-ioan\/","title":{"rendered":"STRETE, Ioan"},"content":{"rendered":"<p>Nagys\u00e1rm\u00e1s?, \u2020 Majsz\u00edn, 1944. okt. 14: egyik \u00e1ldozata a horthysta csend\u0151r\u00f6k \u00e1ltal Fels\u0151vis\u00f3ba k\u00e9nyszermunk\u00e1ra hurcolt (1944. m\u00e1j.), majd Majsz\u00ednban agyonl\u0151tt s\u00e1rm\u00e1siaknak. <br \/><strong>Irod.:<\/strong> F\u0103r\u0103g\u0103u.<\/br><\/p>\n","protected":false},"excerpt":{"rendered":"<p>Nagys\u00e1rm\u00e1s?, \u2020 Majsz\u00edn, 1944. okt. 14: egyik \u00e1ldozata a horthysta csend\u0151r\u00f6k \u00e1ltal Fels\u0151vis\u00f3ba k\u00e9nyszermunk\u00e1ra hurcolt (1944. m\u00e1j.), majd Majsz\u00ednban agyonl\u0151tt s\u00e1rm\u00e1siaknak. Irod.: F\u0103r\u0103g\u0103u.<\/p>\n","protected":false},"featured_media":0,"comment_status":"open","ping_status":"closed","template":"","meta":[],"product_brand":[],"product_cat":[137],"product_tag":[],"class_list":{"0":"post-20882","1":"product","2":"type-product","3":"status-publish","5":"product_cat-maros-megyei-eletrajzi-lexikon","7":"first","8":"instock","9":"shipping-taxable","10":"product-type-simple"},"_links":{"self":[{"href":"https:\/\/uj.adatbank.ro\/lexikon\/wp-json\/wp\/v2\/product\/20882","targetHints":{"allow":["GET"]}}],"collection":[{"href":"https:\/\/uj.adatbank.ro\/lexikon\/wp-json\/wp\/v2\/product"}],"about":[{"href":"https:\/\/uj.adatbank.ro\/lexikon\/wp-json\/wp\/v2\/types\/product"}],"replies":[{"embeddable":true,"href":"https:\/\/uj.adatbank.ro\/lexikon\/wp-json\/wp\/v2\/comments?post=20882"}],"wp:attachment":[{"href":"https:\/\/uj.adatbank.ro\/lexikon\/wp-json\/wp\/v2\/media?parent=20882"}],"wp:term":[{"taxonomy":"product_brand","embeddable":true,"href":"https:\/\/uj.adatbank.ro\/lexikon\/wp-json\/wp\/v2\/product_brand?post=20882"},{"taxonomy":"product_cat","embeddable":true,"href":"https:\/\/uj.adatbank.ro\/lexikon\/wp-json\/wp\/v2\/product_cat?post=20882"},{"taxonomy":"product_tag","embeddable":true,"href":"https:\/\/uj.adatbank.ro\/lexikon\/wp-json\/wp\/v2\/product_tag?post=20882"}],"curies":[{"name":"wp","href":"https:\/\/api.w.org\/{rel}","templated":true}]}}