{"id":20885,"date":"2025-07-22T19:05:22","date_gmt":"2025-07-22T17:05:22","guid":{"rendered":"https:\/\/uj.adatbank.ro\/lexikon\/termek\/stroie-ioan\/"},"modified":"2025-07-22T19:05:22","modified_gmt":"2025-07-22T17:05:22","slug":"stroie-ioan","status":"publish","type":"product","link":"https:\/\/uj.adatbank.ro\/lexikon\/termek\/stroie-ioan\/","title":{"rendered":"STROIE, Ioan"},"content":{"rendered":"<p>? \u2020?: saj\u00e1t erej\u00e9b\u0151l \u00e9s k\u00f6lts\u00e9g\u00e9b\u0151l \u00e9p\u00edtett Nyom\u00e1tban egy ort. fatemplomot (1876). Ezt a templomot egyik lesz\u00e1rmazottja, Stroie Iuliu, bek\u00f6lt\u00f6ztette a faluba egy megfelel\u0151 helyre. Ott \u00e1ll a jelenben is (1929\u2013). <br \/><strong>Irod.:<\/strong> \u015eincan 2006.<\/br><\/p>\n","protected":false},"excerpt":{"rendered":"<p>? \u2020?: saj\u00e1t erej\u00e9b\u0151l \u00e9s k\u00f6lts\u00e9g\u00e9b\u0151l \u00e9p\u00edtett Nyom\u00e1tban egy ort. fatemplomot (1876). Ezt a templomot egyik lesz\u00e1rmazottja, Stroie Iuliu, bek\u00f6lt\u00f6ztette a faluba egy megfelel\u0151 helyre. Ott \u00e1ll a jelenben is (1929\u2013). Irod.: \u015eincan 2006.<\/p>\n","protected":false},"featured_media":0,"comment_status":"open","ping_status":"closed","template":"","meta":[],"product_brand":[],"product_cat":[137],"product_tag":[],"class_list":{"0":"post-20885","1":"product","2":"type-product","3":"status-publish","5":"product_cat-maros-megyei-eletrajzi-lexikon","7":"first","8":"instock","9":"shipping-taxable","10":"product-type-simple"},"_links":{"self":[{"href":"https:\/\/uj.adatbank.ro\/lexikon\/wp-json\/wp\/v2\/product\/20885","targetHints":{"allow":["GET"]}}],"collection":[{"href":"https:\/\/uj.adatbank.ro\/lexikon\/wp-json\/wp\/v2\/product"}],"about":[{"href":"https:\/\/uj.adatbank.ro\/lexikon\/wp-json\/wp\/v2\/types\/product"}],"replies":[{"embeddable":true,"href":"https:\/\/uj.adatbank.ro\/lexikon\/wp-json\/wp\/v2\/comments?post=20885"}],"wp:attachment":[{"href":"https:\/\/uj.adatbank.ro\/lexikon\/wp-json\/wp\/v2\/media?parent=20885"}],"wp:term":[{"taxonomy":"product_brand","embeddable":true,"href":"https:\/\/uj.adatbank.ro\/lexikon\/wp-json\/wp\/v2\/product_brand?post=20885"},{"taxonomy":"product_cat","embeddable":true,"href":"https:\/\/uj.adatbank.ro\/lexikon\/wp-json\/wp\/v2\/product_cat?post=20885"},{"taxonomy":"product_tag","embeddable":true,"href":"https:\/\/uj.adatbank.ro\/lexikon\/wp-json\/wp\/v2\/product_tag?post=20885"}],"curies":[{"name":"wp","href":"https:\/\/api.w.org\/{rel}","templated":true}]}}